{"id":18193,"date":"2021-01-27T17:08:41","date_gmt":"2021-01-27T16:08:41","guid":{"rendered":"https:\/\/formotor.com\/flota\/unkategorisiert\/fiat-500c\/"},"modified":"2024-07-01T00:00:51","modified_gmt":"2024-06-30T23:00:51","slug":"fiat-500c","status":"publish","type":"product","link":"https:\/\/formotor.com\/de\/flotte\/mietwagen-auf-formentera\/fiat-500c\/","title":{"rendered":"Fiat 500C"},"content":{"rendered":"<h1>Miete Fiat 500C auf Formentera<\/h1>\n<p>Die unverwechselbare Essenz des Fiat 500 Cabrio erstrahlt in seinem Star-Design. Ein Stadtcabrio, mit dem Sie sich unbegrenzt sehen lassen k\u00f6nnen. Er verf\u00fcgt \u00fcber eine Stoffverdeck, das sich nach hinten falten l\u00e4sst. Nicht zu vergessen ist die im Fahrzeug eingebaute Klimaanlage, die auch die hei\u00dfesten Sommertage ertr\u00e4glicher macht.<br \/>\nMit einem Innenraum f\u00fcr bis zu vier Passagiere ist es ein Modell, mit dem Sie den Tag nach Belieben genie\u00dfen, viele Kilometer zur\u00fccklegen und den Moment nutzen, was wirklich z\u00e4hlt, besonders wenn Sie die Insel Formentera besuchen.<\/p>\n<h2>Warum ein Fiat 500 Cabrio mieten?<\/h2>\n<p>Weil es klein, leicht zu fahren, gut zu parken und praktisch ist und vor allem, wann f\u00e4hrt man mit einem Cabrio, wenn nicht auf einer paradiesischen Insel?<\/p>\n","protected":false},"excerpt":{"rendered":"<p>Miete Fiat 500C auf Formentera Die unverwechselbare Essenz des Fiat 500 Cabrio erstrahlt in seinem Star-Design. Ein Stadtcabrio, mit dem [&hellip;]<\/p>\n","protected":false},"featured_media":17507,"comment_status":"closed","ping_status":"closed","template":"","meta":{"_acf_changed":false},"product_cat":[487],"product_tag":[],"class_list":{"0":"post-18193","1":"product","2":"type-product","3":"status-publish","4":"has-post-thumbnail","6":"product_cat-mietwagen-auf-formentera","8":"first","9":"instock","10":"sale","11":"purchasable","12":"product-type-simple"},"acf":[],"_links":{"self":[{"href":"https:\/\/formotor.com\/de\/wp-json\/wp\/v2\/product\/18193","targetHints":{"allow":["GET"]}}],"collection":[{"href":"https:\/\/formotor.com\/de\/wp-json\/wp\/v2\/product"}],"about":[{"href":"https:\/\/formotor.com\/de\/wp-json\/wp\/v2\/types\/product"}],"replies":[{"embeddable":true,"href":"https:\/\/formotor.com\/de\/wp-json\/wp\/v2\/comments?post=18193"}],"wp:featuredmedia":[{"embeddable":true,"href":"https:\/\/formotor.com\/de\/wp-json\/wp\/v2\/media\/17507"}],"wp:attachment":[{"href":"https:\/\/formotor.com\/de\/wp-json\/wp\/v2\/media?parent=18193"}],"wp:term":[{"taxonomy":"product_cat","embeddable":true,"href":"https:\/\/formotor.com\/de\/wp-json\/wp\/v2\/product_cat?post=18193"},{"taxonomy":"product_tag","embeddable":true,"href":"https:\/\/formotor.com\/de\/wp-json\/wp\/v2\/product_tag?post=18193"}],"curies":[{"name":"wp","href":"https:\/\/api.w.org\/{rel}","templated":true}]}}