{"id":18189,"date":"2021-01-27T17:08:41","date_gmt":"2021-01-27T16:08:41","guid":{"rendered":"https:\/\/formotor.com\/flota\/unkategorisiert\/piaggio-vespa-lx-125-ccm\/"},"modified":"2024-07-01T00:00:50","modified_gmt":"2024-06-30T23:00:50","slug":"piaggio-vespa-lx-125ccm","status":"publish","type":"product","link":"https:\/\/formotor.com\/de\/flotte\/motorroller-mieten-auf-formentera\/piaggio-vespa-lx-125ccm\/","title":{"rendered":"Piaggio Vespa LX 125 ccm"},"content":{"rendered":"<h1>Miete Piaggio Vespa LX auf Formentera<\/h1>\n<p>Das symboltr\u00e4chtige Modell von Vespa auch bei Formotor. Die Piaggio Vespa LX 125 darf mit Pkw-F\u00fchrerschein gefahren werden. Optisch bietet sie eine klassischere und elegantere \u00c4sthetik und erm\u00f6glicht dank des Platzes unter dem Sitz, des Taschenhalterhakens und des Gegenstandshalters eine gute Ladekapazit\u00e4t.<\/p>\n<p>Ihre Stabilit\u00e4t erinnert deutlich an Vespas, beg\u00fcnstigt die Wendigkeit und den guten Wenderadius. Sie zeichnet sich durch ein geringes Gewicht und eine erstaunliche Tankkapazit\u00e4t aus, die eine Reichweite von etwa 250 km erm\u00f6glicht.<\/p>\n<p>Kurz gesagt, eine urbane L\u00f6sung mit einem klassischen und dynamischen Touch, um diese Ferien zu zweit oder mit Freunden auf der Insel Formentera zu genie\u00dfen.<\/p>\n<h2>Warum eine Piaggio Vespa LX mieten?<\/h2>\n<p>Jeder wei\u00df, dass eine Vespa eine Ikone f\u00fcr den Urlaub ist. Wenn Sie also einen Traumurlaub erleben m\u00f6chten, ist dies Ihr Fahrzeug.<\/p>\n<p><img decoding=\"async\" class=\"alignnone size-full wp-image-19410\" src=\"https:\/\/formotor.com\/wp-content\/uploads\/2021\/01\/frase-oficinas-Formotor-1_page-0001-scaled.webp\" alt=\"\" width=\"2560\" height=\"615\" srcset=\"https:\/\/formotor.com\/wp-content\/uploads\/2021\/01\/frase-oficinas-Formotor-1_page-0001-scaled.webp 2560w, https:\/\/formotor.com\/wp-content\/uploads\/2021\/01\/frase-oficinas-Formotor-1_page-0001-300x72.webp 300w, https:\/\/formotor.com\/wp-content\/uploads\/2021\/01\/frase-oficinas-Formotor-1_page-0001-1024x246.webp 1024w, https:\/\/formotor.com\/wp-content\/uploads\/2021\/01\/frase-oficinas-Formotor-1_page-0001-768x184.webp 768w, https:\/\/formotor.com\/wp-content\/uploads\/2021\/01\/frase-oficinas-Formotor-1_page-0001-1536x369.webp 1536w, https:\/\/formotor.com\/wp-content\/uploads\/2021\/01\/frase-oficinas-Formotor-1_page-0001-2048x492.webp 2048w, https:\/\/formotor.com\/wp-content\/uploads\/2021\/01\/frase-oficinas-Formotor-1_page-0001-600x144.webp 600w\" sizes=\"(max-width: 2560px) 100vw, 2560px\" \/><\/p>\n","protected":false},"excerpt":{"rendered":"<p>Miete Piaggio Vespa LX auf Formentera Das symboltr\u00e4chtige Modell von Vespa auch bei Formotor. Die Piaggio Vespa LX 125 darf [&hellip;]<\/p>\n","protected":false},"featured_media":19447,"comment_status":"closed","ping_status":"closed","template":"","meta":{"_acf_changed":false},"product_cat":[498],"product_tag":[],"class_list":{"0":"post-18189","1":"product","2":"type-product","3":"status-publish","4":"has-post-thumbnail","6":"product_cat-motorroller-mieten-auf-formentera","8":"first","9":"instock","10":"sale","11":"purchasable","12":"product-type-simple"},"acf":[],"_links":{"self":[{"href":"https:\/\/formotor.com\/de\/wp-json\/wp\/v2\/product\/18189","targetHints":{"allow":["GET"]}}],"collection":[{"href":"https:\/\/formotor.com\/de\/wp-json\/wp\/v2\/product"}],"about":[{"href":"https:\/\/formotor.com\/de\/wp-json\/wp\/v2\/types\/product"}],"replies":[{"embeddable":true,"href":"https:\/\/formotor.com\/de\/wp-json\/wp\/v2\/comments?post=18189"}],"wp:featuredmedia":[{"embeddable":true,"href":"https:\/\/formotor.com\/de\/wp-json\/wp\/v2\/media\/19447"}],"wp:attachment":[{"href":"https:\/\/formotor.com\/de\/wp-json\/wp\/v2\/media?parent=18189"}],"wp:term":[{"taxonomy":"product_cat","embeddable":true,"href":"https:\/\/formotor.com\/de\/wp-json\/wp\/v2\/product_cat?post=18189"},{"taxonomy":"product_tag","embeddable":true,"href":"https:\/\/formotor.com\/de\/wp-json\/wp\/v2\/product_tag?post=18189"}],"curies":[{"name":"wp","href":"https:\/\/api.w.org\/{rel}","templated":true}]}}