{"id":18187,"date":"2021-01-27T17:08:41","date_gmt":"2021-01-27T16:08:41","guid":{"rendered":"https:\/\/formotor.com\/flota\/unkategorisiert\/piaggio-typhoon-50-ccm\/"},"modified":"2024-07-01T00:00:50","modified_gmt":"2024-06-30T23:00:50","slug":"piaggio-typhoon-50ccm","status":"publish","type":"product","link":"https:\/\/formotor.com\/de\/flotte\/motorroller-mieten-auf-formentera\/piaggio-typhoon-50ccm\/","title":{"rendered":"Piaggio Typhoon 50 ccm"},"content":{"rendered":"<h1>Miete Piaggio Typhoon auf Formentera<\/h1>\n<p>Seit mehr als 20 Jahren ist das Modell Piaggio Typhoon 50 zu einem legend\u00e4ren Ma\u00dfstab geworden. Ein 50-ccm-Scooter mit einem 2T-Motor, der dank der Verwendung eines elektronischen Vergasers Euro4 erf\u00fcllt.<\/p>\n<p>Optisch wirkt er in Anlehnung an den dynamischen Aspekt robust, er besticht vor allem auf unebenen B\u00f6den durch seinen Komfort. Hervorzuheben ist seine Ladekapazit\u00e4t, mit Platz f\u00fcr einen Helm unter seinem Sitz.<\/p>\n<p>Zweckm\u00e4\u00dfigkeit und Benutzerfreundlichkeit sind Merkmale des Piaggio Typhoon 50, einer Ikone, die f\u00fcr Freiheit und Authentizit\u00e4t steht. Au\u00dferdem bietet das Modell die M\u00f6glichkeit, einen geliebten Menschen oder einen Freund mit auf die Reise zu nehmen, da er Platz f\u00fcr bis zu 2 Personen bietet. Nicht schlecht f\u00fcr diesen Urlaub auf Formentera.<\/p>\n<h2>Warum einen Piaggio Typhoon mieten?<\/h2>\n<p>Weil er Ihnen erm\u00f6glicht, die Insel in einem anderen Tempo kennenzulernen, ruhig und zu 100 % in die Natur eingetaucht und jedes Detail aufzunehmen.<\/p>\n<p><img decoding=\"async\" class=\"alignnone size-full wp-image-19410\" src=\"https:\/\/formotor.com\/wp-content\/uploads\/2021\/01\/frase-oficinas-Formotor-1_page-0001-scaled.webp\" alt=\"\" width=\"2560\" height=\"615\" srcset=\"https:\/\/formotor.com\/wp-content\/uploads\/2021\/01\/frase-oficinas-Formotor-1_page-0001-scaled.webp 2560w, https:\/\/formotor.com\/wp-content\/uploads\/2021\/01\/frase-oficinas-Formotor-1_page-0001-300x72.webp 300w, https:\/\/formotor.com\/wp-content\/uploads\/2021\/01\/frase-oficinas-Formotor-1_page-0001-1024x246.webp 1024w, https:\/\/formotor.com\/wp-content\/uploads\/2021\/01\/frase-oficinas-Formotor-1_page-0001-768x184.webp 768w, https:\/\/formotor.com\/wp-content\/uploads\/2021\/01\/frase-oficinas-Formotor-1_page-0001-1536x369.webp 1536w, https:\/\/formotor.com\/wp-content\/uploads\/2021\/01\/frase-oficinas-Formotor-1_page-0001-2048x492.webp 2048w, https:\/\/formotor.com\/wp-content\/uploads\/2021\/01\/frase-oficinas-Formotor-1_page-0001-600x144.webp 600w\" sizes=\"(max-width: 2560px) 100vw, 2560px\" \/><\/p>\n","protected":false},"excerpt":{"rendered":"<p>Miete Piaggio Typhoon auf Formentera Seit mehr als 20 Jahren ist das Modell Piaggio Typhoon 50 zu einem legend\u00e4ren Ma\u00dfstab [&hellip;]<\/p>\n","protected":false},"featured_media":19437,"comment_status":"closed","ping_status":"closed","template":"","meta":{"_acf_changed":false},"product_cat":[498],"product_tag":[],"class_list":{"0":"post-18187","1":"product","2":"type-product","3":"status-publish","4":"has-post-thumbnail","6":"product_cat-motorroller-mieten-auf-formentera","8":"first","9":"instock","10":"sale","11":"purchasable","12":"product-type-simple"},"acf":[],"_links":{"self":[{"href":"https:\/\/formotor.com\/de\/wp-json\/wp\/v2\/product\/18187","targetHints":{"allow":["GET"]}}],"collection":[{"href":"https:\/\/formotor.com\/de\/wp-json\/wp\/v2\/product"}],"about":[{"href":"https:\/\/formotor.com\/de\/wp-json\/wp\/v2\/types\/product"}],"replies":[{"embeddable":true,"href":"https:\/\/formotor.com\/de\/wp-json\/wp\/v2\/comments?post=18187"}],"wp:featuredmedia":[{"embeddable":true,"href":"https:\/\/formotor.com\/de\/wp-json\/wp\/v2\/media\/19437"}],"wp:attachment":[{"href":"https:\/\/formotor.com\/de\/wp-json\/wp\/v2\/media?parent=18187"}],"wp:term":[{"taxonomy":"product_cat","embeddable":true,"href":"https:\/\/formotor.com\/de\/wp-json\/wp\/v2\/product_cat?post=18187"},{"taxonomy":"product_tag","embeddable":true,"href":"https:\/\/formotor.com\/de\/wp-json\/wp\/v2\/product_tag?post=18187"}],"curies":[{"name":"wp","href":"https:\/\/api.w.org\/{rel}","templated":true}]}}