{"id":18186,"date":"2021-01-27T17:08:41","date_gmt":"2021-01-27T16:08:41","guid":{"rendered":"https:\/\/formotor.com\/flota\/unkategorisiert\/jeep-wrangler\/"},"modified":"2024-07-01T00:00:51","modified_gmt":"2024-06-30T23:00:51","slug":"jeep-wrangler","status":"publish","type":"product","link":"https:\/\/formotor.com\/de\/flotte\/mietwagen-auf-formentera\/jeep-wrangler\/","title":{"rendered":"Jeep Wrangler"},"content":{"rendered":"<h1>Miete Jeep Wrangler auf Formentera<\/h1>\n<p>Der legend\u00e4re Gel\u00e4ndewagen Jeep Wrangler, auch bei Formotor erh\u00e4ltlich. Ein vielseitiges und robustes Fahrzeug, das in der Lage ist, dort voranzukommen, wo die meisten anderen nicht k\u00f6nnen, und das auch noch mit einem abnehmbaren Dach.<\/p>\n<p>Der Jeep Wrangler hat eine Kapazit\u00e4t f\u00fcr bis zu 5 Personen im Innenraum. Der Wrangler bleibt ein echter 4&#215;4, der offroad genauso gut ist wie auf der Stra\u00dfe. Ein Auto, um das authentischste Fahrgef\u00fchl auf der Insel Formentera wirklich zu genie\u00dfen.<\/p>\n<h2>Warum einen Jeep Wrangler mieten?<\/h2>\n<p>Es ist das Luxusfahrzeug schlechthin auf der Insel, wenn Sie nicht m\u00f6chten, dass Ihre Anwesenheit unbemerkt bleibt, ist dies Ihr Fahrzeug\u2026 Dank des 4&#215;4-Cabriolet k\u00f6nnen Sie die Insel mit maximalem Komfort und den ganzen Tag \u00fcber in Kontakt mit der Natur genie\u00dfen.<\/p>\n","protected":false},"excerpt":{"rendered":"<p>Miete Jeep Wrangler auf Formentera Der legend\u00e4re Gel\u00e4ndewagen Jeep Wrangler, auch bei Formotor erh\u00e4ltlich. Ein vielseitiges und robustes Fahrzeug, das [&hellip;]<\/p>\n","protected":false},"featured_media":17485,"comment_status":"closed","ping_status":"closed","template":"","meta":{"_acf_changed":false},"product_cat":[487],"product_tag":[],"class_list":{"0":"post-18186","1":"product","2":"type-product","3":"status-publish","4":"has-post-thumbnail","6":"product_cat-mietwagen-auf-formentera","8":"first","9":"instock","10":"sale","11":"purchasable","12":"product-type-simple"},"acf":[],"_links":{"self":[{"href":"https:\/\/formotor.com\/de\/wp-json\/wp\/v2\/product\/18186","targetHints":{"allow":["GET"]}}],"collection":[{"href":"https:\/\/formotor.com\/de\/wp-json\/wp\/v2\/product"}],"about":[{"href":"https:\/\/formotor.com\/de\/wp-json\/wp\/v2\/types\/product"}],"replies":[{"embeddable":true,"href":"https:\/\/formotor.com\/de\/wp-json\/wp\/v2\/comments?post=18186"}],"wp:featuredmedia":[{"embeddable":true,"href":"https:\/\/formotor.com\/de\/wp-json\/wp\/v2\/media\/17485"}],"wp:attachment":[{"href":"https:\/\/formotor.com\/de\/wp-json\/wp\/v2\/media?parent=18186"}],"wp:term":[{"taxonomy":"product_cat","embeddable":true,"href":"https:\/\/formotor.com\/de\/wp-json\/wp\/v2\/product_cat?post=18186"},{"taxonomy":"product_tag","embeddable":true,"href":"https:\/\/formotor.com\/de\/wp-json\/wp\/v2\/product_tag?post=18186"}],"curies":[{"name":"wp","href":"https:\/\/api.w.org\/{rel}","templated":true}]}}