{"id":18185,"date":"2021-01-27T17:08:41","date_gmt":"2021-01-27T16:08:41","guid":{"rendered":"https:\/\/formotor.com\/flota\/unkategorisiert\/fiat-500-oder-aehnliches-modell\/"},"modified":"2024-07-01T00:00:51","modified_gmt":"2024-06-30T23:00:51","slug":"fiat-500-oder-ahnlich","status":"publish","type":"product","link":"https:\/\/formotor.com\/de\/flotte\/mietwagen-auf-formentera\/fiat-500-oder-ahnlich\/","title":{"rendered":"Fiat 500 oder \u00e4hnliches Modell"},"content":{"rendered":"<h1>Miete Fiat 500 auf Formentera<\/h1>\n<p>Ein ausdrucksstarkes und lebendiges Modell, das die Zufriedenheit weckt, sich f\u00fcr ein renommiertes Modell entschieden zu haben. Der Fiat 500 bietet innen Platz f\u00fcr bis zu 4 Personen, mit 3 T\u00fcren (zwei an den Seiten und eine zum Kofferraum). Er hat au\u00dferdem eine Klimaanlage, um die hei\u00dfesten Tage zu \u00fcberstehen.<\/p>\n<p>Edel und elegant in der Erscheinung, spiegelt sich die Attraktivit\u00e4t des Fiat 500 an Front und Heck wider. Der Urlaub ist mit der Miete eines Fiat 500 auf der Insel Formentera einfach sch\u00f6ner.<\/p>\n<h2>Warum einen Fiat 500 mieten?<\/h2>\n<p>Er ist klein, handlich, einfach zu parken, praktisch und vor allem sieht er auf Fotos toll aus.<\/p>\n","protected":false},"excerpt":{"rendered":"<p>Miete Fiat 500 auf Formentera Ein ausdrucksstarkes und lebendiges Modell, das die Zufriedenheit weckt, sich f\u00fcr ein renommiertes Modell entschieden [&hellip;]<\/p>\n","protected":false},"featured_media":17505,"comment_status":"closed","ping_status":"closed","template":"","meta":{"_acf_changed":false},"product_cat":[487],"product_tag":[],"class_list":{"0":"post-18185","1":"product","2":"type-product","3":"status-publish","4":"has-post-thumbnail","6":"product_cat-mietwagen-auf-formentera","8":"first","9":"instock","10":"sale","11":"purchasable","12":"product-type-simple"},"acf":[],"_links":{"self":[{"href":"https:\/\/formotor.com\/de\/wp-json\/wp\/v2\/product\/18185","targetHints":{"allow":["GET"]}}],"collection":[{"href":"https:\/\/formotor.com\/de\/wp-json\/wp\/v2\/product"}],"about":[{"href":"https:\/\/formotor.com\/de\/wp-json\/wp\/v2\/types\/product"}],"replies":[{"embeddable":true,"href":"https:\/\/formotor.com\/de\/wp-json\/wp\/v2\/comments?post=18185"}],"wp:featuredmedia":[{"embeddable":true,"href":"https:\/\/formotor.com\/de\/wp-json\/wp\/v2\/media\/17505"}],"wp:attachment":[{"href":"https:\/\/formotor.com\/de\/wp-json\/wp\/v2\/media?parent=18185"}],"wp:term":[{"taxonomy":"product_cat","embeddable":true,"href":"https:\/\/formotor.com\/de\/wp-json\/wp\/v2\/product_cat?post=18185"},{"taxonomy":"product_tag","embeddable":true,"href":"https:\/\/formotor.com\/de\/wp-json\/wp\/v2\/product_tag?post=18185"}],"curies":[{"name":"wp","href":"https:\/\/api.w.org\/{rel}","templated":true}]}}