{"id":18170,"date":"2021-01-27T17:08:41","date_gmt":"2021-01-27T16:08:41","guid":{"rendered":"https:\/\/formotor.com\/flota\/unkategorisiert\/piaggio-liberty-125-ccm-oder-aehnlich-mit-stauraum\/"},"modified":"2024-07-01T00:00:50","modified_gmt":"2024-06-30T23:00:50","slug":"piaggio-liberty-125ccm-oder-ahnlich-mit-stauraum","status":"publish","type":"product","link":"https:\/\/formotor.com\/de\/flotte\/motorroller-mieten-auf-formentera\/piaggio-liberty-125ccm-oder-ahnlich-mit-stauraum\/","title":{"rendered":"Piaggio Liberty 125 ccm oder \u00e4hnlich"},"content":{"rendered":"<h1>Miete Piaggio Liberty auf Formentera<\/h1>\n<p>Die Liberty-Modelle gelten seit Jahren weltweit als die gr\u00f6\u00dften Erfolge von Piaggio. Ein eleganter Roller, mit einem hohen Radstand und einem sparsamen Ansatz. Er verf\u00fcgt \u00fcber einen praktischen Stauraum, um Ihre Sachen dorthin zu transportieren, wo Sie sie brauchen.<\/p>\n<p>Das Fahren mit dem Liberty 125 ccm gestaltet sich komfortabel, sanft, leise und sicher, egal bei welchen Stra\u00dfenverh\u00e4ltnissen. Au\u00dferdem bietet das Modell die M\u00f6glichkeit, einen Freund mit auf die Reise zu nehmen, da er Platz f\u00fcr bis zu 2 Personen bietet. Die Sicherheit ist dank seiner soliden technologischen Basis gew\u00e4hrleistet.<\/p>\n<p>Ein fantastisches Fahrerlebnis, mit dem Sie sich auf der Insel Formentera frei bewegen k\u00f6nnen.<\/p>\n<h2>Warum einen Liberty mieten?<\/h2>\n<p>Wenn Sie wegen der Agilit\u00e4t und Leichtigkeit der Bewegung gern Motorroller fahren\u2026 Dann ist dies Ihr Scooter, praktisch, wendig und obendrein haben Sie die M\u00f6glichkeit, beide Helme zu verstauen.<\/p>\n<p><img decoding=\"async\" class=\"alignnone size-full wp-image-19410\" src=\"https:\/\/formotor.com\/wp-content\/uploads\/2021\/01\/frase-oficinas-Formotor-1_page-0001-scaled.webp\" alt=\"\" width=\"2560\" height=\"615\" srcset=\"https:\/\/formotor.com\/wp-content\/uploads\/2021\/01\/frase-oficinas-Formotor-1_page-0001-scaled.webp 2560w, https:\/\/formotor.com\/wp-content\/uploads\/2021\/01\/frase-oficinas-Formotor-1_page-0001-300x72.webp 300w, https:\/\/formotor.com\/wp-content\/uploads\/2021\/01\/frase-oficinas-Formotor-1_page-0001-1024x246.webp 1024w, https:\/\/formotor.com\/wp-content\/uploads\/2021\/01\/frase-oficinas-Formotor-1_page-0001-768x184.webp 768w, https:\/\/formotor.com\/wp-content\/uploads\/2021\/01\/frase-oficinas-Formotor-1_page-0001-1536x369.webp 1536w, https:\/\/formotor.com\/wp-content\/uploads\/2021\/01\/frase-oficinas-Formotor-1_page-0001-2048x492.webp 2048w, https:\/\/formotor.com\/wp-content\/uploads\/2021\/01\/frase-oficinas-Formotor-1_page-0001-600x144.webp 600w\" sizes=\"(max-width: 2560px) 100vw, 2560px\" \/><\/p>\n","protected":false},"excerpt":{"rendered":"<p>Miete Piaggio Liberty auf Formentera Die Liberty-Modelle gelten seit Jahren weltweit als die gr\u00f6\u00dften Erfolge von Piaggio. Ein eleganter Roller, [&hellip;]<\/p>\n","protected":false},"featured_media":19420,"comment_status":"closed","ping_status":"closed","template":"","meta":{"_acf_changed":false},"product_cat":[498],"product_tag":[],"class_list":{"0":"post-18170","1":"product","2":"type-product","3":"status-publish","4":"has-post-thumbnail","6":"product_cat-motorroller-mieten-auf-formentera","8":"first","9":"instock","10":"sale","11":"purchasable","12":"product-type-simple"},"acf":[],"_links":{"self":[{"href":"https:\/\/formotor.com\/de\/wp-json\/wp\/v2\/product\/18170","targetHints":{"allow":["GET"]}}],"collection":[{"href":"https:\/\/formotor.com\/de\/wp-json\/wp\/v2\/product"}],"about":[{"href":"https:\/\/formotor.com\/de\/wp-json\/wp\/v2\/types\/product"}],"replies":[{"embeddable":true,"href":"https:\/\/formotor.com\/de\/wp-json\/wp\/v2\/comments?post=18170"}],"wp:featuredmedia":[{"embeddable":true,"href":"https:\/\/formotor.com\/de\/wp-json\/wp\/v2\/media\/19420"}],"wp:attachment":[{"href":"https:\/\/formotor.com\/de\/wp-json\/wp\/v2\/media?parent=18170"}],"wp:term":[{"taxonomy":"product_cat","embeddable":true,"href":"https:\/\/formotor.com\/de\/wp-json\/wp\/v2\/product_cat?post=18170"},{"taxonomy":"product_tag","embeddable":true,"href":"https:\/\/formotor.com\/de\/wp-json\/wp\/v2\/product_tag?post=18170"}],"curies":[{"name":"wp","href":"https:\/\/api.w.org\/{rel}","templated":true}]}}