{"id":18169,"date":"2021-01-27T17:08:41","date_gmt":"2021-01-27T16:08:41","guid":{"rendered":"https:\/\/formotor.com\/flota\/unkategorisiert\/honda-vision-110-ccm\/"},"modified":"2024-05-27T09:25:02","modified_gmt":"2024-05-27T08:25:02","slug":"honda-vision-110cc","status":"publish","type":"product","link":"https:\/\/formotor.com\/de\/flotte\/motorroller-mieten-auf-formentera\/honda-vision-110cc\/","title":{"rendered":"Honda Vision 110 ccm"},"content":{"rendered":"<h1>Miete Honda Vision auf Formentera<\/h1>\n<p>Der Honda Vision 110 ccm ist ein Scooter mit hohem Radstand, der sich durch seine Einfachheit und geringen Wartungsaufwand auszeichnet. Sein kompakter K\u00f6rper beh\u00e4lt den Stil bei, pr\u00e4sentiert aber sch\u00e4rfere Formen. Ergonomisch gesehen bietet er beiden Fahrern gro\u00dfen Komfort<\/p>\n<p>Der Honda Vision 110 ccm ist leicht unterwegs und sehr einfach zu transportieren. Eine gro\u00dfartige Option f\u00fcr diesen warmen Urlaub an den Str\u00e4nden von Formentera.<\/p>\n<h2>Warum einen Honda Vision mieten?<\/h2>\n<p>Weil es ein kleiner, leichter und super praktischer Motorroller ist.<\/p>\n","protected":false},"excerpt":{"rendered":"<p>Miete Honda Vision auf Formentera Der Honda Vision 110 ccm ist ein Scooter mit hohem Radstand, der sich durch seine [&hellip;]<\/p>\n","protected":false},"featured_media":19430,"comment_status":"closed","ping_status":"closed","template":"","meta":{"_acf_changed":false},"product_cat":[498],"product_tag":[],"class_list":{"0":"post-18169","1":"product","2":"type-product","3":"status-publish","4":"has-post-thumbnail","6":"product_cat-motorroller-mieten-auf-formentera","8":"first","9":"instock","10":"sale","11":"purchasable","12":"product-type-simple"},"acf":[],"_links":{"self":[{"href":"https:\/\/formotor.com\/de\/wp-json\/wp\/v2\/product\/18169","targetHints":{"allow":["GET"]}}],"collection":[{"href":"https:\/\/formotor.com\/de\/wp-json\/wp\/v2\/product"}],"about":[{"href":"https:\/\/formotor.com\/de\/wp-json\/wp\/v2\/types\/product"}],"replies":[{"embeddable":true,"href":"https:\/\/formotor.com\/de\/wp-json\/wp\/v2\/comments?post=18169"}],"wp:featuredmedia":[{"embeddable":true,"href":"https:\/\/formotor.com\/de\/wp-json\/wp\/v2\/media\/19430"}],"wp:attachment":[{"href":"https:\/\/formotor.com\/de\/wp-json\/wp\/v2\/media?parent=18169"}],"wp:term":[{"taxonomy":"product_cat","embeddable":true,"href":"https:\/\/formotor.com\/de\/wp-json\/wp\/v2\/product_cat?post=18169"},{"taxonomy":"product_tag","embeddable":true,"href":"https:\/\/formotor.com\/de\/wp-json\/wp\/v2\/product_tag?post=18169"}],"curies":[{"name":"wp","href":"https:\/\/api.w.org\/{rel}","templated":true}]}}