{"id":18168,"date":"2021-01-27T17:08:41","date_gmt":"2021-01-27T16:08:41","guid":{"rendered":"https:\/\/formotor.com\/flota\/unkategorisiert\/wrangler-4pax\/"},"modified":"2024-07-01T00:00:51","modified_gmt":"2024-06-30T23:00:51","slug":"wrangler-4pax","status":"publish","type":"product","link":"https:\/\/formotor.com\/de\/flotte\/mietwagen-auf-formentera\/wrangler-4pax\/","title":{"rendered":"Wrangler 4Pax"},"content":{"rendered":"<h1>Miete Wrangler 4Pax auf Formentera<\/h1>\n<p>Ohne Zweifel ein echter Offroader. Der Jeep Wrangler bietet dieses Gef\u00fchl eines robusten, widerstandsf\u00e4higen, aber gleichzeitig edlen Autos<\/p>\n<p>Der Wrangler 4Pax bietet Platz f\u00fcr bis zu 4 Personen im Inneren. Zugang \u00fcber 3 T\u00fcren (2 T\u00fcren auf beiden Seiten und eine im Kofferraum).<\/p>\n<p>Das leistungsf\u00e4higste Gel\u00e4ndefahrzeug mit einer leisen Kabine, die die Handhabung und das Fahren auf der Stra\u00dfe angenehmer macht.<\/p>\n<h2>Warum einen Wrangler 4Pax mieten?<\/h2>\n<p>Es ist das Luxusfahrzeug schlechthin auf der Insel, wenn Sie nicht m\u00f6chten, dass Ihre Anwesenheit unbemerkt bleibt, ist dies Ihr Fahrzeug\u2026 Dank des 4&#215;4-Cabriolet k\u00f6nnen Sie die Insel mit maximalem Komfort und den ganzen Tag \u00fcber in Kontakt mit der Natur genie\u00dfen.<\/p>\n","protected":false},"excerpt":{"rendered":"<p>Miete Wrangler 4Pax auf Formentera Ohne Zweifel ein echter Offroader. Der Jeep Wrangler bietet dieses Gef\u00fchl eines robusten, widerstandsf\u00e4higen, aber [&hellip;]<\/p>\n","protected":false},"featured_media":17473,"comment_status":"closed","ping_status":"closed","template":"","meta":{"_acf_changed":false},"product_cat":[487],"product_tag":[],"class_list":{"0":"post-18168","1":"product","2":"type-product","3":"status-publish","4":"has-post-thumbnail","6":"product_cat-mietwagen-auf-formentera","8":"first","9":"instock","10":"sale","11":"purchasable","12":"product-type-simple"},"acf":[],"_links":{"self":[{"href":"https:\/\/formotor.com\/de\/wp-json\/wp\/v2\/product\/18168","targetHints":{"allow":["GET"]}}],"collection":[{"href":"https:\/\/formotor.com\/de\/wp-json\/wp\/v2\/product"}],"about":[{"href":"https:\/\/formotor.com\/de\/wp-json\/wp\/v2\/types\/product"}],"replies":[{"embeddable":true,"href":"https:\/\/formotor.com\/de\/wp-json\/wp\/v2\/comments?post=18168"}],"wp:featuredmedia":[{"embeddable":true,"href":"https:\/\/formotor.com\/de\/wp-json\/wp\/v2\/media\/17473"}],"wp:attachment":[{"href":"https:\/\/formotor.com\/de\/wp-json\/wp\/v2\/media?parent=18168"}],"wp:term":[{"taxonomy":"product_cat","embeddable":true,"href":"https:\/\/formotor.com\/de\/wp-json\/wp\/v2\/product_cat?post=18168"},{"taxonomy":"product_tag","embeddable":true,"href":"https:\/\/formotor.com\/de\/wp-json\/wp\/v2\/product_tag?post=18168"}],"curies":[{"name":"wp","href":"https:\/\/api.w.org\/{rel}","templated":true}]}}