{"id":18167,"date":"2021-01-27T17:08:41","date_gmt":"2021-01-27T16:08:41","guid":{"rendered":"https:\/\/formotor.com\/flota\/unkategorisiert\/ford-tourneo-connect\/"},"modified":"2024-09-30T07:51:36","modified_gmt":"2024-09-30T06:51:36","slug":"peugeot-5008","status":"publish","type":"product","link":"https:\/\/formotor.com\/de\/flotte\/mietwagen-auf-formentera\/peugeot-5008\/","title":{"rendered":"Peugeot 5008"},"content":{"rendered":"<h1>Miete Peugeot 5008 auf Formentera<\/h1>\n<p>Von den Modellen der Serie Peugeot hat der Peugeot 5008 einen riesigen Kofferraum und eine sehr ger\u00e4umige Kabine.<\/p>\n<p>\u00c4u\u00dferlich hat er dank st\u00e4rker ausgepr\u00e4gter Linien ein schmaleres Design. Andererseits bietet sein Innenraum eine Polsterung mit eleganteren und widerstandsf\u00e4higeren Materialien.<\/p>\n<p>Das Fahren dieses Modells ist in jeder Hinsicht angenehm. Ein empfehlenswertes Fahrzeug, ger\u00e4umig, praktisch und zum besten Preis.\u00a0 Genie\u00dfen Sie den Peugeot 5008 und besuchen Sie die pr\u00e4chtigsten Orte Formenteras.<\/p>\n<h2>Warum einen Peugeot 5008 mieten?<\/h2>\n<p>Van mit 7 Sitzen, ideal, wenn Sie einen Urlaub in Gesellschaft oder mit Ihrer gro\u00dfen Familie verbringen m\u00f6chten.<\/p>\n","protected":false},"excerpt":{"rendered":"<p>Miete Peugeot 5008 auf Formentera Von den Modellen der Serie Peugeot hat der Peugeot 5008 einen riesigen Kofferraum und eine [&hellip;]<\/p>\n","protected":false},"featured_media":19330,"comment_status":"closed","ping_status":"closed","template":"","meta":{"_acf_changed":false},"product_cat":[487],"product_tag":[],"class_list":{"0":"post-18167","1":"product","2":"type-product","3":"status-publish","4":"has-post-thumbnail","6":"product_cat-mietwagen-auf-formentera","8":"first","9":"instock","10":"purchasable","11":"product-type-simple"},"acf":[],"_links":{"self":[{"href":"https:\/\/formotor.com\/de\/wp-json\/wp\/v2\/product\/18167","targetHints":{"allow":["GET"]}}],"collection":[{"href":"https:\/\/formotor.com\/de\/wp-json\/wp\/v2\/product"}],"about":[{"href":"https:\/\/formotor.com\/de\/wp-json\/wp\/v2\/types\/product"}],"replies":[{"embeddable":true,"href":"https:\/\/formotor.com\/de\/wp-json\/wp\/v2\/comments?post=18167"}],"wp:featuredmedia":[{"embeddable":true,"href":"https:\/\/formotor.com\/de\/wp-json\/wp\/v2\/media\/19330"}],"wp:attachment":[{"href":"https:\/\/formotor.com\/de\/wp-json\/wp\/v2\/media?parent=18167"}],"wp:term":[{"taxonomy":"product_cat","embeddable":true,"href":"https:\/\/formotor.com\/de\/wp-json\/wp\/v2\/product_cat?post=18167"},{"taxonomy":"product_tag","embeddable":true,"href":"https:\/\/formotor.com\/de\/wp-json\/wp\/v2\/product_tag?post=18167"}],"curies":[{"name":"wp","href":"https:\/\/api.w.org\/{rel}","templated":true}]}}