{"id":992098,"date":"2026-03-20T07:33:11","date_gmt":"2026-03-20T07:33:11","guid":{"rendered":"https:\/\/formotor.developallin.com\/gepaeckaufbewahrung\/"},"modified":"2026-05-12T14:02:40","modified_gmt":"2026-05-12T14:02:40","slug":"gepaeckaufbewahrung-left-luggage","status":"publish","type":"page","link":"https:\/\/formotor.com\/de\/gepaeckaufbewahrung-left-luggage\/","title":{"rendered":"Gep\u00e4ckaufbewahrung"},"content":{"rendered":"\t\t<div data-elementor-type=\"wp-page\" data-elementor-id=\"992098\" class=\"elementor elementor-992098 elementor-991007\" data-elementor-post-type=\"page\">\n\t\t\t\t<div class=\"elementor-element elementor-element-518423b e-flex e-con-boxed e-con e-parent\" data-id=\"518423b\" data-element_type=\"container\" data-e-type=\"container\" data-settings=\"{&quot;background_background&quot;:&quot;classic&quot;}\">\n\t\t\t\t\t<div class=\"e-con-inner\">\n\t\t<div class=\"elementor-element elementor-element-f34c9e7 e-con-full e-flex e-con e-child\" data-id=\"f34c9e7\" data-element_type=\"container\" data-e-type=\"container\">\n\t\t\t\t<div class=\"elementor-element elementor-element-e2eee47 elementor-widget__width-auto animated-fast elementor-invisible elementor-widget elementor-widget-heading\" data-id=\"e2eee47\" data-element_type=\"widget\" data-e-type=\"widget\" data-settings=\"{&quot;_animation&quot;:&quot;fadeIn&quot;,&quot;_animation_delay&quot;:50}\" data-widget_type=\"heading.default\">\n\t\t\t\t<div class=\"elementor-widget-container\">\n\t\t\t\t\t<div class=\"elementor-heading-title elementor-size-default\">Gep\u00e4ckaufbewahrung<\/div>\t\t\t\t<\/div>\n\t\t\t\t<\/div>\n\t\t\t\t<div class=\"elementor-element elementor-element-154e904 elementor-widget elementor-widget-heading\" data-id=\"154e904\" data-element_type=\"widget\" data-e-type=\"widget\" data-widget_type=\"heading.default\">\n\t\t\t\t<div class=\"elementor-widget-container\">\n\t\t\t\t\t<h1 class=\"elementor-heading-title elementor-size-default\">Gep\u00e4ckaufbewahrungsservice<\/h1>\t\t\t\t<\/div>\n\t\t\t\t<\/div>\n\t\t<div class=\"elementor-element elementor-element-005a162 e-con-full e-flex e-con e-child\" data-id=\"005a162\" data-element_type=\"container\" data-e-type=\"container\">\n\t\t\t\t<div class=\"elementor-element elementor-element-3b4a6d3 elementor-widget elementor-widget-image\" data-id=\"3b4a6d3\" data-element_type=\"widget\" data-e-type=\"widget\" data-widget_type=\"image.default\">\n\t\t\t\t<div class=\"elementor-widget-container\">\n\t\t\t\t\t\t\t\t\t\t\t\t\t\t\t<img decoding=\"async\" width=\"64\" height=\"64\" src=\"https:\/\/formotor.com\/wp-content\/uploads\/2026\/03\/icons-formotor_case-icon-color-1.svg\" class=\"attachment-large size-large wp-image-992094\" alt=\"\" \/>\t\t\t\t\t\t\t\t\t\t\t\t\t\t\t<\/div>\n\t\t\t\t<\/div>\n\t\t\t\t<div class=\"elementor-element elementor-element-38a9acb elementor-widget elementor-widget-heading\" data-id=\"38a9acb\" data-element_type=\"widget\" data-e-type=\"widget\" data-widget_type=\"heading.default\">\n\t\t\t\t<div class=\"elementor-widget-container\">\n\t\t\t\t\t<h2 class=\"elementor-heading-title elementor-size-default\">Formentera<br>ganz nach Ihrem Geschmack!<\/h2>\t\t\t\t<\/div>\n\t\t\t\t<\/div>\n\t\t\t\t<\/div>\n\t\t\t\t<\/div>\n\t\t<div class=\"elementor-element elementor-element-1468290 e-con-full e-flex e-con e-child\" data-id=\"1468290\" data-element_type=\"container\" data-e-type=\"container\">\n\t\t\t\t<div class=\"elementor-element elementor-element-0ed5a70 elementor-widget elementor-widget-heading\" data-id=\"0ed5a70\" data-element_type=\"widget\" data-e-type=\"widget\" data-widget_type=\"heading.default\">\n\t\t\t\t<div class=\"elementor-widget-container\">\n\t\t\t\t\t<h2 class=\"elementor-heading-title elementor-size-default\">Wir verf\u00fcgen \u00fcber einen Gep\u00e4ckaufbewahrungsservice am Hafen von La Savina, damit Sie Formentera in v\u00f6lliger Freiheit genie\u00dfen k\u00f6nnen.<\/h2>\t\t\t\t<\/div>\n\t\t\t\t<\/div>\n\t\t\t\t<div class=\"elementor-element elementor-element-a4bbf9e elementor-widget elementor-widget-text-editor\" data-id=\"a4bbf9e\" data-element_type=\"widget\" data-e-type=\"widget\" data-widget_type=\"text-editor.default\">\n\t\t\t\t<div class=\"elementor-widget-container\">\n\t\t\t\t\t\t\t\t\t<p class=\"p1\">Wenn Sie m\u00f6chten, k\u00f6nnen Sie Ihre Schlie\u00dffachreservierung anfragen, indem Sie das folgende Formular ausf\u00fcllen. Wir werden uns in K\u00fcrze mit Ihnen in Verbindung setzen, um die Reservierung zu best\u00e4tigen.<\/p>\t\t\t\t\t\t\t\t<\/div>\n\t\t\t\t<\/div>\n\t\t<div class=\"elementor-element elementor-element-6856719 e-grid e-con-full lista-formotor e-con e-child\" data-id=\"6856719\" data-element_type=\"container\" data-e-type=\"container\">\n\t\t<div class=\"elementor-element elementor-element-ef1bec4 e-con-full e-flex e-con e-child\" data-id=\"ef1bec4\" data-element_type=\"container\" data-e-type=\"container\">\n\t\t\t\t<div class=\"elementor-element elementor-element-ba39772 elementor-widget elementor-widget-heading\" data-id=\"ba39772\" data-element_type=\"widget\" data-e-type=\"widget\" data-widget_type=\"heading.default\">\n\t\t\t\t<div class=\"elementor-widget-container\">\n\t\t\t\t\t<h2 class=\"elementor-heading-title elementor-size-default\">Schlie\u00dffachgr\u00f6\u00dfen:<\/h2>\t\t\t\t<\/div>\n\t\t\t\t<\/div>\n\t\t\t\t<div class=\"elementor-element elementor-element-bd49556 elementor-widget elementor-widget-text-editor\" data-id=\"bd49556\" data-element_type=\"widget\" data-e-type=\"widget\" data-widget_type=\"text-editor.default\">\n\t\t\t\t<div class=\"elementor-widget-container\">\n\t\t\t\t\t\t\t\t\t<ul><li>Nutzbare Innenbreite: 436 mm<\/li><li>Nutzbare Innentiefe: <strong>575 mm<\/strong><\/li><li>T\u00fcr M: <strong>H\u00f6he 293 mm<\/strong><\/li><li>T\u00fcr L: <strong>H\u00f6he 592 mm<\/strong><\/li><li>T\u00fcr XL: <strong>H\u00f6he 856 mm<\/strong><\/li><\/ul>\t\t\t\t\t\t\t\t<\/div>\n\t\t\t\t<\/div>\n\t\t\t\t<\/div>\n\t\t<div class=\"elementor-element elementor-element-b47258f e-con-full e-flex e-con e-child\" data-id=\"b47258f\" data-element_type=\"container\" data-e-type=\"container\">\n\t\t\t\t<div class=\"elementor-element elementor-element-a783d11 elementor-widget elementor-widget-heading\" data-id=\"a783d11\" data-element_type=\"widget\" data-e-type=\"widget\" data-widget_type=\"heading.default\">\n\t\t\t\t<div class=\"elementor-widget-container\">\n\t\t\t\t\t<h2 class=\"elementor-heading-title elementor-size-default\">Schlie\u00dffachtarife:<\/h2>\t\t\t\t<\/div>\n\t\t\t\t<\/div>\n\t\t\t\t<div class=\"elementor-element elementor-element-31500a8 elementor-widget elementor-widget-text-editor\" data-id=\"31500a8\" data-element_type=\"widget\" data-e-type=\"widget\" data-widget_type=\"text-editor.default\">\n\t\t\t\t<div class=\"elementor-widget-container\">\n\t\t\t\t\t\t\t\t\t<ul><li>Schlie\u00dffach M: <strong><span class=\"blue-light\">9,50 \u20ac\/Tag<\/span><\/strong><\/li><li>Schlie\u00dffach L: <strong>12,50 \u20ac\/Tag<\/strong><\/li><li>Schlie\u00dffach XL: <strong>15,50 \u20ac\/Tag<\/strong><\/li><\/ul>\t\t\t\t\t\t\t\t<\/div>\n\t\t\t\t<\/div>\n\t\t\t\t<\/div>\n\t\t\t\t<\/div>\n\t\t\t\t<\/div>\n\t\t\t\t\t<\/div>\n\t\t\t\t<\/div>\n\t\t<div class=\"elementor-element elementor-element-3bd180a e-flex e-con-boxed e-con e-parent\" data-id=\"3bd180a\" data-element_type=\"container\" data-e-type=\"container\">\n\t\t\t\t\t<div class=\"e-con-inner\">\n\t\t<div class=\"elementor-element elementor-element-0c14780 e-con-full e-flex e-con e-child\" data-id=\"0c14780\" data-element_type=\"container\" data-e-type=\"container\">\n\t\t\t\t<div class=\"elementor-element elementor-element-ba5041b elementor-widget elementor-widget-image\" data-id=\"ba5041b\" data-element_type=\"widget\" data-e-type=\"widget\" data-widget_type=\"image.default\">\n\t\t\t\t<div class=\"elementor-widget-container\">\n\t\t\t\t\t\t\t\t\t\t\t\t\t\t\t<img fetchpriority=\"high\" decoding=\"async\" width=\"1553\" height=\"857\" src=\"https:\/\/formotor.com\/wp-content\/uploads\/2026\/03\/160A7917.webp\" class=\"attachment-full size-full wp-image-992095\" alt=\"\" srcset=\"https:\/\/formotor.com\/wp-content\/uploads\/2026\/03\/160A7917.webp 1553w, https:\/\/formotor.com\/wp-content\/uploads\/2026\/03\/160A7917-300x166.webp 300w, https:\/\/formotor.com\/wp-content\/uploads\/2026\/03\/160A7917-1024x565.webp 1024w, https:\/\/formotor.com\/wp-content\/uploads\/2026\/03\/160A7917-768x424.webp 768w, https:\/\/formotor.com\/wp-content\/uploads\/2026\/03\/160A7917-1536x848.webp 1536w\" sizes=\"(max-width: 1553px) 100vw, 1553px\" \/>\t\t\t\t\t\t\t\t\t\t\t\t\t\t\t<\/div>\n\t\t\t\t<\/div>\n\t\t\t\t<\/div>\n\t\t<div class=\"elementor-element elementor-element-45dc80f e-con-full e-flex e-con e-child\" data-id=\"45dc80f\" data-element_type=\"container\" data-e-type=\"container\">\n\t\t<div class=\"elementor-element elementor-element-1d2f7ce e-con-full e-flex e-con e-child\" data-id=\"1d2f7ce\" data-element_type=\"container\" data-e-type=\"container\" data-settings=\"{&quot;background_background&quot;:&quot;classic&quot;}\">\n\t\t\t\t<div class=\"elementor-element elementor-element-2364be8 elementor-widget elementor-widget-heading\" data-id=\"2364be8\" data-element_type=\"widget\" data-e-type=\"widget\" data-widget_type=\"heading.default\">\n\t\t\t\t<div class=\"elementor-widget-container\">\n\t\t\t\t\t<h2 class=\"elementor-heading-title elementor-size-default\">Formotor GEP\u00c4CKAUFBEWAHRUNG<\/h2>\t\t\t\t<\/div>\n\t\t\t\t<\/div>\n\t\t\t\t<div class=\"elementor-element elementor-element-aa81a17 elementor-widget elementor-widget-text-editor\" data-id=\"aa81a17\" data-element_type=\"widget\" data-e-type=\"widget\" data-widget_type=\"text-editor.default\">\n\t\t\t\t<div class=\"elementor-widget-container\">\n\t\t\t\t\t\t\t\t\t<p>Avda. Mediterrania n\u00b09, 07870 La Savina (Formentera)<\/p>\t\t\t\t\t\t\t\t<\/div>\n\t\t\t\t<\/div>\n\t\t\t\t<div class=\"elementor-element elementor-element-ae7336c elementor-position-inline-start elementor-view-default elementor-mobile-position-block-start elementor-widget elementor-widget-icon-box\" data-id=\"ae7336c\" data-element_type=\"widget\" data-e-type=\"widget\" data-widget_type=\"icon-box.default\">\n\t\t\t\t<div class=\"elementor-widget-container\">\n\t\t\t\t\t\t\t<div class=\"elementor-icon-box-wrapper\">\n\n\t\t\t\t\t\t<div class=\"elementor-icon-box-icon\">\n\t\t\t\t<span  class=\"elementor-icon\">\n\t\t\t\t<svg xmlns=\"http:\/\/www.w3.org\/2000\/svg\" width=\"64\" height=\"64\" viewBox=\"0 0 64 64\" fill=\"none\"><path d=\"M30.09 62.34C28.98 62.19 27.86 62.07 26.76 61.87C19.9555 60.7263 13.7593 57.2553 9.23001 52.05C5.18798 47.6082 2.63561 42.014 1.93001 36.05C0.650014 25.39 4.00001 16.35 12.06 9.13999C16.4569 5.15409 21.9865 2.63743 27.88 1.93999C32.3057 1.28646 36.822 1.64428 41.0896 2.98656C45.3572 4.32885 49.2652 6.62071 52.52 9.68999C57.7799 14.4341 61.1676 20.9044 62.07 27.93C62.17 28.65 62.25 29.37 62.34 30.1V33.89C62.296 34.0408 62.2626 34.1945 62.24 34.35C61.9248 38.9981 60.4945 43.5018 58.07 47.48C55.8599 51.2484 52.8533 54.4886 49.2606 56.9741C45.6679 59.4597 41.5757 61.1306 37.27 61.87C36.15 62.08 35.01 62.19 33.88 62.34H30.09ZM32 59.71C37.4825 59.708 42.8413 58.0803 47.3987 55.0328C51.9562 51.9852 55.5075 47.6547 57.6038 42.5887C59.7 37.5228 60.247 31.949 59.1754 26.5723C58.1039 21.1955 55.4621 16.2572 51.5839 12.3819C47.7058 8.50661 42.7656 5.86832 37.3881 4.80068C32.0106 3.73303 26.4372 4.28399 21.3728 6.38388C16.3084 8.48377 11.9804 12.0383 8.93612 16.5979C5.89185 21.1575 4.26804 26.5175 4.27001 32C4.28325 39.3485 7.20968 46.392 12.4078 51.5864C17.6059 56.7807 24.6515 59.7021 32 59.71Z\" fill=\"#0025FF\"><\/path><path d=\"M33.3 25.32C33.3 27.18 33.3 29.03 33.3 30.89C33.2872 31.076 33.3165 31.2626 33.3858 31.4357C33.455 31.6088 33.5624 31.7641 33.7 31.89C38.14 36.3033 42.5733 40.7333 47 45.18C47.85 46.03 48 46.75 47.33 47.37C46.66 47.99 46 47.87 45.14 47.01C40.5467 42.4167 35.95 37.8267 31.35 33.24C31.1135 33.0202 30.9275 32.7517 30.8049 32.453C30.6823 32.1543 30.6261 31.8326 30.64 31.51C30.64 27.51 30.64 23.57 30.64 19.61C30.617 19.4244 30.6338 19.236 30.6891 19.0573C30.7444 18.8787 30.8371 18.7138 30.9609 18.5737C31.0848 18.4335 31.237 18.3213 31.4076 18.2444C31.5781 18.1676 31.763 18.1278 31.95 18.1278C32.137 18.1278 32.3219 18.1676 32.4925 18.2444C32.663 18.3213 32.8152 18.4335 32.9391 18.5737C33.0629 18.7138 33.1556 18.8787 33.2109 19.0573C33.2663 19.236 33.283 19.4244 33.26 19.61C33.28 21.5033 33.2933 23.4067 33.3 25.32Z\" fill=\"#2DD222\"><\/path><path d=\"M54 33.31C53 33.31 52.34 32.74 52.43 31.85C52.52 30.96 53.22 30.58 54.43 30.69C54.6078 30.6983 54.782 30.7432 54.9415 30.8221C55.1011 30.9009 55.2426 31.0119 55.3572 31.1481C55.4718 31.2843 55.557 31.4427 55.6074 31.6134C55.6578 31.7841 55.6723 31.9634 55.65 32.14C55.64 32.91 55.07 33.31 54 33.31Z\" fill=\"#0025FF\"><\/path><path d=\"M33.3 54.14C33.3 55.23 32.66 55.87 31.74 55.71C30.99 55.58 30.65 54.99 30.68 53.87C30.6518 53.5329 30.7562 53.1981 30.9709 52.9367C31.1857 52.6753 31.4938 52.5079 31.83 52.47C32.75 52.37 33.3 53 33.3 54.14Z\" fill=\"#0025FF\"><\/path><path d=\"M30.67 9.86001C30.67 8.80001 31.21 8.20001 32.1 8.27001C32.99 8.34001 33.42 9.09001 33.28 10.34C33.2642 10.5158 33.2127 10.6866 33.1287 10.8418C33.0447 10.9971 32.93 11.1336 32.7915 11.2431C32.653 11.3526 32.4937 11.4327 32.3232 11.4786C32.1528 11.5245 31.9747 11.5352 31.8 11.51C31 11.42 30.67 10.87 30.67 9.86001Z\" fill=\"#2DD222\"><\/path><path d=\"M9.89001 30.68C10.75 30.68 11.26 30.97 11.45 31.56C11.5144 31.747 11.5356 31.9461 11.512 32.1425C11.4884 32.3388 11.4207 32.5273 11.3139 32.6938C11.2071 32.8602 11.064 33.0003 10.8953 33.1036C10.7267 33.2068 10.5368 33.2706 10.34 33.29C10.0837 33.3084 9.82635 33.3084 9.57001 33.29C9.22258 33.29 8.88937 33.152 8.6437 32.9063C8.39803 32.6606 8.26001 32.3274 8.26001 31.98C8.26001 31.6326 8.39803 31.2994 8.6437 31.0537C8.88937 30.808 9.22258 30.67 9.57001 30.67L9.89001 30.68Z\" fill=\"#0025FF\"><\/path><path d=\"M16.6 17.93C16.1543 17.8555 15.7434 17.6425 15.4256 17.3211C15.1079 16.9998 14.8995 16.5865 14.83 16.14C14.8515 15.8032 14.9956 15.486 15.2352 15.2483C15.4747 15.0106 15.793 14.8689 16.13 14.85C16.5747 14.9214 16.9857 15.1307 17.3051 15.4483C17.6245 15.7658 17.8361 16.1757 17.91 16.62C17.91 16.792 17.8761 16.9624 17.8103 17.1213C17.7444 17.2803 17.6479 17.4247 17.5263 17.5463C17.4047 17.668 17.2602 17.7645 17.1013 17.8303C16.9424 17.8961 16.772 17.93 16.6 17.93Z\" fill=\"#0025FF\"><\/path><path d=\"M47.37 17.93C47.1669 17.9338 46.9658 17.8896 46.783 17.801C46.6003 17.7124 46.441 17.5819 46.3182 17.4202C46.1954 17.2584 46.1125 17.0699 46.0764 16.87C46.0402 16.6702 46.0517 16.4646 46.11 16.27C46.2199 15.9404 46.4085 15.6424 46.6594 15.402C46.9103 15.1615 47.216 14.9858 47.55 14.89C47.7428 14.8497 47.9421 14.8531 48.1334 14.8998C48.3247 14.9466 48.5031 15.0355 48.6555 15.1602C48.808 15.2848 48.9306 15.442 49.0145 15.6202C49.0983 15.7984 49.1412 15.9931 49.14 16.19C49.0557 16.6251 48.8413 17.0243 48.5253 17.335C48.2093 17.6456 47.8064 17.8531 47.37 17.93Z\" fill=\"#0025FF\"><\/path><path d=\"M16.64 46.06C16.8426 46.0574 17.0427 46.104 17.2232 46.1958C17.4038 46.2877 17.5593 46.4221 17.6764 46.5874C17.7934 46.7527 17.8686 46.9439 17.8954 47.1447C17.9221 47.3455 17.8997 47.5498 17.83 47.74C17.5113 48.2817 17.0424 48.7194 16.48 49C15.74 49.37 14.82 48.61 14.83 47.76C14.9228 47.3261 15.1459 46.9309 15.4693 46.6271C15.7927 46.3233 16.2012 46.1255 16.64 46.06Z\" fill=\"#0025FF\"><\/path><\/svg>\t\t\t\t<\/span>\n\t\t\t<\/div>\n\t\t\t\n\t\t\t\t\t\t<div class=\"elementor-icon-box-content\">\n\n\t\t\t\t\t\t\t\t\t<h3 class=\"elementor-icon-box-title\">\n\t\t\t\t\t\t<span  >\n\t\t\t\t\t\t\t\u00d6ffnungszeiten der Gep\u00e4ckaufbewahrung\t\t\t\t\t\t<\/span>\n\t\t\t\t\t<\/h3>\n\t\t\t\t\n\t\t\t\t\t\t\t\t\t<p class=\"elementor-icon-box-description\">\n\t\t\t\t\t\tApr bis 31. Okt. 2026\nAutomatischer Zugang rund um die Uhr\t\t\t\t\t<\/p>\n\t\t\t\t\n\t\t\t<\/div>\n\t\t\t\n\t\t<\/div>\n\t\t\t\t\t\t<\/div>\n\t\t\t\t<\/div>\n\t\t\t\t<div class=\"elementor-element elementor-element-0e220d6 elementor-position-inline-start elementor-view-default elementor-mobile-position-block-start elementor-widget elementor-widget-icon-box\" data-id=\"0e220d6\" data-element_type=\"widget\" data-e-type=\"widget\" data-widget_type=\"icon-box.default\">\n\t\t\t\t<div class=\"elementor-widget-container\">\n\t\t\t\t\t\t\t<div class=\"elementor-icon-box-wrapper\">\n\n\t\t\t\t\t\t<div class=\"elementor-icon-box-icon\">\n\t\t\t\t<a href=\"tel:+34971322929\" class=\"elementor-icon\" tabindex=\"-1\" aria-label=\"(+34) 971 32 29 29\">\n\t\t\t\t<svg xmlns=\"http:\/\/www.w3.org\/2000\/svg\" viewBox=\"0 0 64 64\"><defs><style>.a{fill:#2dd222;}.b{fill:#0025ff;}<\/style><\/defs><title>icons-formotor<\/title><path class=\"a\" d=\"M55.88,25.88a1.7,1.7,0,0,1-1.64-1.26A21.11,21.11,0,0,0,39.38,9.76a1.7,1.7,0,1,1,.88-3.29A24.52,24.52,0,0,1,57.53,23.73a1.7,1.7,0,0,1-1.65,2.15Z\"><\/path><path class=\"a\" d=\"M47.11,28.23A1.7,1.7,0,0,1,45.47,27,12,12,0,0,0,37,18.53a1.7,1.7,0,0,1,.88-3.29A15.4,15.4,0,0,1,48.75,26.08a1.7,1.7,0,0,1-1.65,2.15Z\"><\/path><path class=\"b\" d=\"M44.53,59.77a40.34,40.34,0,0,1-40.3-40.3A15.36,15.36,0,0,1,17.62,4.26a4,4,0,0,1,4.14,2.38l5.7,13.3a4,4,0,0,1-.33,3.74L22.41,30.9a.55.55,0,0,0,0,.54A22.33,22.33,0,0,0,32.65,41.68a.54.54,0,0,0,.53,0l7.11-4.74a4,4,0,0,1,3.77-.35l13.29,5.7a4,4,0,0,1,2.38,4.12A15.36,15.36,0,0,1,44.53,59.77ZM18.11,7.64H18A11.94,11.94,0,0,0,7.64,19.47,36.93,36.93,0,0,0,44.53,56.36,12,12,0,0,0,56.36,45.95a.56.56,0,0,0-.34-.57l-13.3-5.7a.57.57,0,0,0-.54,0l-7.1,4.74a4,4,0,0,1-3.9.29A25.76,25.76,0,0,1,19.3,32.93h0A4,4,0,0,1,19.56,29l4.72-7.21a.57.57,0,0,0,0-.53L18.62,8A.57.57,0,0,0,18.11,7.64Z\"><\/path><\/svg>\t\t\t\t<\/a>\n\t\t\t<\/div>\n\t\t\t\n\t\t\t\t\t\t<div class=\"elementor-icon-box-content\">\n\n\t\t\t\t\t\t\t\t\t<h3 class=\"elementor-icon-box-title\">\n\t\t\t\t\t\t<a href=\"tel:+34971322929\" >\n\t\t\t\t\t\t\t(+34) 971 32 29 29\t\t\t\t\t\t<\/a>\n\t\t\t\t\t<\/h3>\n\t\t\t\t\n\t\t\t\t\n\t\t\t<\/div>\n\t\t\t\n\t\t<\/div>\n\t\t\t\t\t\t<\/div>\n\t\t\t\t<\/div>\n\t\t\t\t<div class=\"elementor-element elementor-element-bbceb58 elementor-position-inline-start elementor-view-default elementor-mobile-position-block-start elementor-widget elementor-widget-icon-box\" data-id=\"bbceb58\" data-element_type=\"widget\" data-e-type=\"widget\" data-widget_type=\"icon-box.default\">\n\t\t\t\t<div class=\"elementor-widget-container\">\n\t\t\t\t\t\t\t<div class=\"elementor-icon-box-wrapper\">\n\n\t\t\t\t\t\t<div class=\"elementor-icon-box-icon\">\n\t\t\t\t<a href=\"tel:+34971322929\" class=\"elementor-icon\" tabindex=\"-1\" aria-label=\"(+34) 971 32 29 29\">\n\t\t\t\t<svg xmlns=\"http:\/\/www.w3.org\/2000\/svg\" viewBox=\"0 0 64 64\"><defs><style>.a{fill:#2dd222;}.b{fill:#0025ff;}<\/style><\/defs><title>icons-formotor<\/title><path class=\"a\" d=\"M55.88,25.88a1.7,1.7,0,0,1-1.64-1.26A21.11,21.11,0,0,0,39.38,9.76a1.7,1.7,0,1,1,.88-3.29A24.52,24.52,0,0,1,57.53,23.73a1.7,1.7,0,0,1-1.65,2.15Z\"><\/path><path class=\"a\" d=\"M47.11,28.23A1.7,1.7,0,0,1,45.47,27,12,12,0,0,0,37,18.53a1.7,1.7,0,0,1,.88-3.29A15.4,15.4,0,0,1,48.75,26.08a1.7,1.7,0,0,1-1.65,2.15Z\"><\/path><path class=\"b\" d=\"M44.53,59.77a40.34,40.34,0,0,1-40.3-40.3A15.36,15.36,0,0,1,17.62,4.26a4,4,0,0,1,4.14,2.38l5.7,13.3a4,4,0,0,1-.33,3.74L22.41,30.9a.55.55,0,0,0,0,.54A22.33,22.33,0,0,0,32.65,41.68a.54.54,0,0,0,.53,0l7.11-4.74a4,4,0,0,1,3.77-.35l13.29,5.7a4,4,0,0,1,2.38,4.12A15.36,15.36,0,0,1,44.53,59.77ZM18.11,7.64H18A11.94,11.94,0,0,0,7.64,19.47,36.93,36.93,0,0,0,44.53,56.36,12,12,0,0,0,56.36,45.95a.56.56,0,0,0-.34-.57l-13.3-5.7a.57.57,0,0,0-.54,0l-7.1,4.74a4,4,0,0,1-3.9.29A25.76,25.76,0,0,1,19.3,32.93h0A4,4,0,0,1,19.56,29l4.72-7.21a.57.57,0,0,0,0-.53L18.62,8A.57.57,0,0,0,18.11,7.64Z\"><\/path><\/svg>\t\t\t\t<\/a>\n\t\t\t<\/div>\n\t\t\t\n\t\t\t\t\t\t<div class=\"elementor-icon-box-content\">\n\n\t\t\t\t\t\t\t\t\t<h3 class=\"elementor-icon-box-title\">\n\t\t\t\t\t\t<a href=\"tel:+34971322929\" >\n\t\t\t\t\t\t\t(+34) 971 32 29 29\t\t\t\t\t\t<\/a>\n\t\t\t\t\t<\/h3>\n\t\t\t\t\n\t\t\t\t\n\t\t\t<\/div>\n\t\t\t\n\t\t<\/div>\n\t\t\t\t\t\t<\/div>\n\t\t\t\t<\/div>\n\t\t\t\t<div class=\"elementor-element elementor-element-f91a441 elementor-position-inline-start elementor-view-default elementor-mobile-position-block-start elementor-widget elementor-widget-icon-box\" data-id=\"f91a441\" data-element_type=\"widget\" data-e-type=\"widget\" data-widget_type=\"icon-box.default\">\n\t\t\t\t<div class=\"elementor-widget-container\">\n\t\t\t\t\t\t\t<div class=\"elementor-icon-box-wrapper\">\n\n\t\t\t\t\t\t<div class=\"elementor-icon-box-icon\">\n\t\t\t\t<a href=\"tel:+34971322929\" class=\"elementor-icon\" tabindex=\"-1\" aria-label=\"Standort\">\n\t\t\t\t<svg xmlns=\"http:\/\/www.w3.org\/2000\/svg\" viewBox=\"0 0 64 64\"><path d=\"M32 63c-11.67 0-23.48-2.94-23.48-8.55 0-3.57 4.9-6.41 13.45-7.79a1.39 1.39 0 1 1 .44 2.74c-7.22 1.16-11.12 3.47-11.12 5.05 0 2.35 8.07 5.77 20.71 5.77s20.71-3.42 20.71-5.78c0-1.58-3.9-3.89-11.12-5a1.39 1.39 0 1 1 .41-2.78c8.55 1.38 13.45 4.21 13.45 7.79C55.48 60.06 43.67 63 32 63Z\" style=\"fill:#2dd222\"><\/path><path d=\"M32 56a1.39 1.39 0 0 1-1.2-.69L15.6 29.1a18.72 18.72 0 0 1-1.6-3.39 18.66 18.66 0 0 1 5-19.57 19 19 0 0 1 31.87 12.24 18.12 18.12 0 0 1-2.52 10.75L33.19 55.29A1.39 1.39 0 0 1 32 56ZM18 27.71l14 24.12 14-24.09a15.35 15.35 0 0 0 2.15-9.16A16.21 16.21 0 0 0 20.86 8.16a15.88 15.88 0 0 0-4.22 16.66A16 16 0 0 0 18 27.71Z\" style=\"fill:#0025ff\"><\/path><path d=\"M32 29.9a9.56 9.56 0 1 1 9.64-9.56A9.61 9.61 0 0 1 32 29.9Zm0-16.35a6.79 6.79 0 1 0 6.87 6.79A6.84 6.84 0 0 0 32 13.55Z\" style=\"fill:#2dd222\"><\/path><\/svg>\t\t\t\t<\/a>\n\t\t\t<\/div>\n\t\t\t\n\t\t\t\t\t\t<div class=\"elementor-icon-box-content\">\n\n\t\t\t\t\t\t\t\t\t<h3 class=\"elementor-icon-box-title\">\n\t\t\t\t\t\t<a href=\"tel:+34971322929\" >\n\t\t\t\t\t\t\tStandort\t\t\t\t\t\t<\/a>\n\t\t\t\t\t<\/h3>\n\t\t\t\t\n\t\t\t\t\n\t\t\t<\/div>\n\t\t\t\n\t\t<\/div>\n\t\t\t\t\t\t<\/div>\n\t\t\t\t<\/div>\n\t\t\t\t<\/div>\n\t\t\t\t<\/div>\n\t\t\t\t\t<\/div>\n\t\t\t\t<\/div>\n\t\t<div class=\"elementor-element elementor-element-b76acef e-flex e-con-boxed e-con e-parent\" data-id=\"b76acef\" data-element_type=\"container\" data-e-type=\"container\">\n\t\t\t\t\t<div class=\"e-con-inner\">\n\t\t\t\t<div class=\"elementor-element elementor-element-4a271ad elementor-widget elementor-widget-heading\" data-id=\"4a271ad\" data-element_type=\"widget\" data-e-type=\"widget\" data-widget_type=\"heading.default\">\n\t\t\t\t<div class=\"elementor-widget-container\">\n\t\t\t\t\t<h2 class=\"elementor-heading-title elementor-size-default\">Reservieren Sie Ihr Schlie\u00dffach<\/h2>\t\t\t\t<\/div>\n\t\t\t\t<\/div>\n\t\t\t\t<div class=\"elementor-element elementor-element-25e9f03 elementor-widget elementor-widget-html\" data-id=\"25e9f03\" data-element_type=\"widget\" data-e-type=\"widget\" data-widget_type=\"html.default\">\n\t\t\t\t<div class=\"elementor-widget-container\">\n\t\t\t\t\t<iframe src=\"https:\/\/formotor.drop-point.com\/booking-engine?locker_ref=FORMOTOR1\" height=\"640\" style=\"border-radius: 5px;border: 0;\"><\/iframe>\t\t\t\t<\/div>\n\t\t\t\t<\/div>\n\t\t\t\t\t<\/div>\n\t\t\t\t<\/div>\n\t\t\t\t<\/div>\n\t\t","protected":false},"excerpt":{"rendered":"<p>Gep\u00e4ckaufbewahrung Gep\u00e4ckaufbewahrungsservice Formenteraganz nach Ihrem Geschmack! Wir verf\u00fcgen \u00fcber einen Gep\u00e4ckaufbewahrungsservice am Hafen von La Savina, damit Sie Formentera in v\u00f6lliger Freiheit genie\u00dfen k\u00f6nnen. Wenn Sie m\u00f6chten, k\u00f6nnen Sie Ihre Schlie\u00dffachreservierung anfragen, indem Sie das folgende Formular ausf\u00fcllen. Wir werden uns in K\u00fcrze mit Ihnen in Verbindung setzen, um die Reservierung zu best\u00e4tigen. Schlie\u00dffachgr\u00f6\u00dfen: Nutzbare [&hellip;]<\/p>\n","protected":false},"author":1,"featured_media":0,"parent":0,"menu_order":0,"comment_status":"closed","ping_status":"closed","template":"elementor_header_footer","meta":{"_acf_changed":false,"footnotes":""},"class_list":["post-992098","page","type-page","status-publish","hentry"],"acf":[],"_links":{"self":[{"href":"https:\/\/formotor.com\/de\/wp-json\/wp\/v2\/pages\/992098","targetHints":{"allow":["GET"]}}],"collection":[{"href":"https:\/\/formotor.com\/de\/wp-json\/wp\/v2\/pages"}],"about":[{"href":"https:\/\/formotor.com\/de\/wp-json\/wp\/v2\/types\/page"}],"author":[{"embeddable":true,"href":"https:\/\/formotor.com\/de\/wp-json\/wp\/v2\/users\/1"}],"replies":[{"embeddable":true,"href":"https:\/\/formotor.com\/de\/wp-json\/wp\/v2\/comments?post=992098"}],"version-history":[{"count":1,"href":"https:\/\/formotor.com\/de\/wp-json\/wp\/v2\/pages\/992098\/revisions"}],"predecessor-version":[{"id":992101,"href":"https:\/\/formotor.com\/de\/wp-json\/wp\/v2\/pages\/992098\/revisions\/992101"}],"wp:attachment":[{"href":"https:\/\/formotor.com\/de\/wp-json\/wp\/v2\/media?parent=992098"}],"curies":[{"name":"wp","href":"https:\/\/api.w.org\/{rel}","templated":true}]}}