{"id":992022,"date":"2026-03-19T12:55:10","date_gmt":"2026-03-19T12:55:10","guid":{"rendered":"https:\/\/formotor.developallin.com\/reservierungen\/"},"modified":"2026-05-11T08:20:45","modified_gmt":"2026-05-11T08:20:45","slug":"reservierungen","status":"publish","type":"page","link":"https:\/\/formotor.com\/de\/reservierungen\/","title":{"rendered":"Reservierungen"},"content":{"rendered":"\t\t<div data-elementor-type=\"wp-page\" data-elementor-id=\"992022\" class=\"elementor elementor-992022 elementor-990881\" data-elementor-post-type=\"page\">\n\t\t\t\t<div class=\"elementor-element elementor-element-d1b907d e-flex e-con-boxed e-con e-parent\" data-id=\"d1b907d\" data-element_type=\"container\" data-e-type=\"container\" data-settings=\"{&quot;background_background&quot;:&quot;classic&quot;}\">\n\t\t\t\t\t<div class=\"e-con-inner\">\n\t\t<div class=\"elementor-element elementor-element-f44f7fb e-con-full e-flex e-con e-child\" data-id=\"f44f7fb\" data-element_type=\"container\" data-e-type=\"container\">\n\t\t\t\t<div class=\"elementor-element elementor-element-24387e0 elementor-widget__width-auto animated-fast elementor-invisible elementor-widget elementor-widget-heading\" data-id=\"24387e0\" data-element_type=\"widget\" data-e-type=\"widget\" data-settings=\"{&quot;_animation&quot;:&quot;fadeIn&quot;,&quot;_animation_delay&quot;:50}\" data-widget_type=\"heading.default\">\n\t\t\t\t<div class=\"elementor-widget-container\">\n\t\t\t\t\t<div class=\"elementor-heading-title elementor-size-default\">Reservierungen<\/div>\t\t\t\t<\/div>\n\t\t\t\t<\/div>\n\t\t\t\t<div class=\"elementor-element elementor-element-73e6068 elementor-widget elementor-widget-heading\" data-id=\"73e6068\" data-element_type=\"widget\" data-e-type=\"widget\" data-widget_type=\"heading.default\">\n\t\t\t\t<div class=\"elementor-widget-container\">\n\t\t\t\t\t<h1 class=\"elementor-heading-title elementor-size-default\">Online-Reservierung<\/h1>\t\t\t\t<\/div>\n\t\t\t\t<\/div>\n\t\t\t\t<div class=\"elementor-element elementor-element-2efb351 elementor-widget elementor-widget-text-editor\" data-id=\"2efb351\" data-element_type=\"widget\" data-e-type=\"widget\" data-widget_type=\"text-editor.default\">\n\t\t\t\t<div class=\"elementor-widget-container\">\n\t\t\t\t\t\t\t\t\t<p>Reservieren Sie Ihr Fahrzeug jetzt schnell und einfach online. FORMOTOR rent a car verf\u00fcgt \u00fcber eine umfangreiche Infrastruktur in FORMENTERA. Unsere Mietfahrzeugflotte ist sehr vielf\u00e4ltig und darauf ausgelegt, Ihren Urlaub in FORMENTERA in vollen Z\u00fcgen genie\u00dfen zu lassen.  <\/p>\t\t\t\t\t\t\t\t<\/div>\n\t\t\t\t<\/div>\n\t\t\t\t<\/div>\n\t\t\t\t\t<\/div>\n\t\t\t\t<\/div>\n\t\t<div class=\"elementor-element elementor-element-7c5fdb1 e-flex e-con-boxed e-con e-parent\" data-id=\"7c5fdb1\" data-element_type=\"container\" data-e-type=\"container\" data-settings=\"{&quot;background_background&quot;:&quot;classic&quot;}\">\n\t\t\t\t\t<div class=\"e-con-inner\">\n\t\t<div class=\"elementor-element elementor-element-6467f19 e-con-full e-flex e-con e-child\" data-id=\"6467f19\" data-element_type=\"container\" data-e-type=\"container\" data-settings=\"{&quot;background_background&quot;:&quot;classic&quot;}\">\n\t\t\t\t<div class=\"elementor-element elementor-element-82468b2 elementor-widget elementor-widget-heading\" data-id=\"82468b2\" data-element_type=\"widget\" data-e-type=\"widget\" data-widget_type=\"heading.default\">\n\t\t\t\t<div class=\"elementor-widget-container\">\n\t\t\t\t\t<h2 class=\"elementor-heading-title elementor-size-default\">Ihre Reise nach Formentera beginnt hier<\/h2>\t\t\t\t<\/div>\n\t\t\t\t<\/div>\n\t\t\t\t<div class=\"elementor-element elementor-element-f110fc4 elementor-widget elementor-widget-shortcode\" data-id=\"f110fc4\" data-element_type=\"widget\" data-e-type=\"widget\" data-widget_type=\"shortcode.default\">\n\t\t\t\t<div class=\"elementor-widget-container\">\n\t\t\t\t\t\t\t<div class=\"elementor-shortcode\">\n<section class=\"mybooking mybooking-selector widget widget_mybooking_renting_engine_selector reservation-step  \">\n  <form\n    id=\"form-selector\"\n    class=\"mybooking-selector_form\"\n    name=\"widget_search_form\"\n    method=\"get\"\n    enctype=\"application\/x-www-form-urlencoded\">\n\n    \n    \n    \n    \n      <\/form>\n<\/section>\n<\/div>\n\t\t\t\t\t\t<\/div>\n\t\t\t\t<\/div>\n\t\t\t\t<\/div>\n\t\t\t\t\t<\/div>\n\t\t\t\t<\/div>\n\t\t<div class=\"elementor-element elementor-element-1134c4a e-flex e-con-boxed e-con e-parent\" data-id=\"1134c4a\" data-element_type=\"container\" data-e-type=\"container\" data-settings=\"{&quot;background_background&quot;:&quot;classic&quot;}\">\n\t\t\t\t\t<div class=\"e-con-inner\">\n\t\t<div class=\"elementor-element elementor-element-309c4f6 e-con-full e-flex e-con e-child\" data-id=\"309c4f6\" data-element_type=\"container\" data-e-type=\"container\" data-settings=\"{&quot;background_background&quot;:&quot;classic&quot;}\">\n\t\t\t\t<div class=\"elementor-element elementor-element-c663817 elementor-widget__width-inherit elementor-absolute lines-decor elementor-widget elementor-widget-image\" data-id=\"c663817\" data-element_type=\"widget\" data-e-type=\"widget\" data-settings=\"{&quot;_position&quot;:&quot;absolute&quot;}\" data-widget_type=\"image.default\">\n\t\t\t\t<div class=\"elementor-widget-container\">\n\t\t\t\t\t\t\t\t\t\t\t\t\t\t\t<img fetchpriority=\"high\" decoding=\"async\" width=\"800\" height=\"439\" src=\"https:\/\/formotor.com\/wp-content\/uploads\/2026\/03\/Untitled-2-1024x562.webp\" class=\"attachment-large size-large wp-image-991874\" alt=\"\" srcset=\"https:\/\/formotor.com\/wp-content\/uploads\/2026\/03\/Untitled-2-1024x562.webp 1024w, https:\/\/formotor.com\/wp-content\/uploads\/2026\/03\/Untitled-2-300x165.webp 300w, https:\/\/formotor.com\/wp-content\/uploads\/2026\/03\/Untitled-2-768x422.webp 768w, https:\/\/formotor.com\/wp-content\/uploads\/2026\/03\/Untitled-2-1536x843.webp 1536w, https:\/\/formotor.com\/wp-content\/uploads\/2026\/03\/Untitled-2-2048x1125.webp 2048w\" sizes=\"(max-width: 800px) 100vw, 800px\" \/>\t\t\t\t\t\t\t\t\t\t\t\t\t\t\t<\/div>\n\t\t\t\t<\/div>\n\t\t\t\t<div class=\"elementor-element elementor-element-20ec131 elementor-widget elementor-widget-heading\" data-id=\"20ec131\" data-element_type=\"widget\" data-e-type=\"widget\" data-widget_type=\"heading.default\">\n\t\t\t\t<div class=\"elementor-widget-container\">\n\t\t\t\t\t<h4 class=\"elementor-heading-title elementor-size-default\">Formentera ist ein Paradies,<br>es zu sch\u00fctzen ist unsere Verantwortung<\/h4>\t\t\t\t<\/div>\n\t\t\t\t<\/div>\n\t\t\t\t<\/div>\n\t\t\t\t\t<\/div>\n\t\t\t\t<\/div>\n\t\t\t\t<\/div>\n\t\t","protected":false},"excerpt":{"rendered":"<p>Reservierungen Online-Reservierung Reservieren Sie Ihr Fahrzeug jetzt schnell und einfach online. FORMOTOR rent a car verf\u00fcgt \u00fcber eine umfangreiche Infrastruktur in FORMENTERA. Unsere Mietfahrzeugflotte ist sehr vielf\u00e4ltig und darauf ausgelegt, Ihren Urlaub in FORMENTERA in vollen Z\u00fcgen genie\u00dfen zu lassen. Ihre Reise nach Formentera beginnt hier Formentera ist ein Paradies,es zu sch\u00fctzen ist unsere Verantwortung<\/p>\n","protected":false},"author":1,"featured_media":0,"parent":0,"menu_order":0,"comment_status":"closed","ping_status":"closed","template":"elementor_header_footer","meta":{"_acf_changed":false,"footnotes":""},"class_list":["post-992022","page","type-page","status-publish","hentry"],"acf":[],"_links":{"self":[{"href":"https:\/\/formotor.com\/de\/wp-json\/wp\/v2\/pages\/992022","targetHints":{"allow":["GET"]}}],"collection":[{"href":"https:\/\/formotor.com\/de\/wp-json\/wp\/v2\/pages"}],"about":[{"href":"https:\/\/formotor.com\/de\/wp-json\/wp\/v2\/types\/page"}],"author":[{"embeddable":true,"href":"https:\/\/formotor.com\/de\/wp-json\/wp\/v2\/users\/1"}],"replies":[{"embeddable":true,"href":"https:\/\/formotor.com\/de\/wp-json\/wp\/v2\/comments?post=992022"}],"version-history":[{"count":2,"href":"https:\/\/formotor.com\/de\/wp-json\/wp\/v2\/pages\/992022\/revisions"}],"predecessor-version":[{"id":993114,"href":"https:\/\/formotor.com\/de\/wp-json\/wp\/v2\/pages\/992022\/revisions\/993114"}],"wp:attachment":[{"href":"https:\/\/formotor.com\/de\/wp-json\/wp\/v2\/media?parent=992022"}],"curies":[{"name":"wp","href":"https:\/\/api.w.org\/{rel}","templated":true}]}}