{"id":991746,"date":"2026-04-01T08:54:19","date_gmt":"2026-04-01T08:54:19","guid":{"rendered":"https:\/\/formotor.developallin.com\/?page_id=991746"},"modified":"2026-04-22T07:56:24","modified_gmt":"2026-04-22T07:56:24","slug":"rechtliche-hinweise-und-nutzungsbedingungen-der-website","status":"publish","type":"page","link":"https:\/\/formotor.com\/de\/rechtliche-hinweise-und-nutzungsbedingungen-der-website\/","title":{"rendered":"Rechtliche Hinweise und Nutzungsbedingungen der Website"},"content":{"rendered":"<p>Der Zugang zur Website www.formotor.com verleiht die Eigenschaft als NUTZER und setzt die vollst\u00e4ndige und vorbehaltlose Annahme dieses rechtlichen Hinweises und der Datenschutzerkl\u00e4rung in ihrer jeweils neuesten Fassung ab dem Zeitpunkt dieses Zugangs und\/oder dieser Nutzung voraus, unbeschadet der Allgemeinen Vertragsbedingungen, die gegebenenfalls verbindlich einzuhalten sind. Daher empfehlen wir Ihnen, diese Dokumente vor der Nutzung der von dieser Website angebotenen Funktionen sowie bei jedem Zugriff darauf zu lesen, da wir uns das Recht vorbehalten, diese Bedingungen jederzeit ganz oder teilweise zu \u00e4ndern, zu erg\u00e4nzen oder zu entfernen.<\/p>\n<p>Der blo\u00dfe Zugang zu dieser Website begr\u00fcndet in keinem Fall eine gesch\u00e4ftliche Beziehung zwischen dem Nutzer und der Website.<\/p>\n<ol>\n<li><b> INHABER DER WEBSITE<\/b><\/li>\n<\/ol>\n<p>F\u00fcr die Zwecke des Art. 10 des Gesetzes 34\/2002 vom 11. Juli \u00fcber Dienste der Informationsgesellschaft und den elektronischen Gesch\u00e4ftsverkehr werden die folgenden Informationen \u00fcber den Inhaber dieser Website bereitgestellt:<\/p>\n<ul>\n<li aria-level=\"1\"><b>Inhaber der Website<\/b>: FORMENTERA MOTOR, S.L. (nachfolgend FORMOTOR)<\/li>\n<li aria-level=\"1\"><b>Firmensitz<\/b>: La Savina, 07870 Formentera (Balearische Inseln), Spanien<\/li>\n<li aria-level=\"1\"><b>Steuernummer <\/b>B07609951<\/li>\n<li aria-level=\"1\"><b>Registerdaten<\/b>: Eingetragen im Handelsregister von Eivissa, Band 22, Buch 22, Abschnitt 8, Blatt 171, Einlage IB-1035, Eintragung 2.<\/li>\n<\/ul>\n<p>Neben dem Firmensitz stehen den Nutzern die folgenden Kan\u00e4le zur Verf\u00fcgung, um ihre Anfragen, Fragen oder Beschwerden zu \u00fcbermitteln:<\/p>\n<ul>\n<li aria-level=\"1\">Kontaktformular der Website<\/li>\n<li aria-level=\"1\">Tel. B\u00fcro La Savina &#8211; 0034 971 32 29 29<\/li>\n<li aria-level=\"1\">Tel. B\u00fcro Es Cal\u00f3 &#8211; 0034 971 32 70 48<\/li>\n<li aria-level=\"1\">Tel. Garage &#8211; 0034 971 32 22 42<\/li>\n<li aria-level=\"1\">Telefax &#8211; 0034 971 32 27 52<\/li>\n<li aria-level=\"1\">E-Mail &#8211; rent@formotor.com<\/li>\n<\/ul>\n<ol>\n<li><b> NUTZUNGSBEDINGUNGEN<\/b><\/li>\n<li><b> Einleitung. FORMOTOR<\/b> bietet auf dieser Website Fahrzeugvermietungsdienste an. Durch den Zugriff auf und die Nutzung dieser Website erkl\u00e4ren Sie sich mit den nachstehend aufgef\u00fchrten Bedingungen einverstanden, weshalb Ihnen empfohlen wird, diesen Abschnitt sorgf\u00e4ltig zu lesen, bevor Sie mit der Nutzung beginnen.<\/li>\n<li><b> Pflichten der Nutzer. <\/b>Die Nutzer verpflichten sich, diese Website rechtm\u00e4\u00dfig, in \u00dcbereinstimmung mit diesen Bedingungen und in einer Weise zu nutzen, die keine Beeintr\u00e4chtigung der Rechte oder Interessen von <b>FORMOTOR<\/b> oder Dritten verursacht. Beispielhaft und in keinem Fall einschr\u00e4nkend oder ausschlie\u00dfend verpflichtet sich der Nutzer au\u00dferdem zu Folgendem:<\/li>\n<\/ol>\n<ul>\n<li aria-level=\"1\">Keine rechtswidrigen oder gegen die \u00f6ffentliche Ordnung oder Treu und Glauben versto\u00dfenden T\u00e4tigkeiten auszu\u00fcben;<\/li>\n<li aria-level=\"1\">Die auf der Website ver\u00f6ffentlichten Daten nicht f\u00fcr den Versand unaufgeforderter Mitteilungen (Spam) zu verwenden.<\/li>\n<li aria-level=\"1\">Keine falschen, irref\u00fchrenden, mehrdeutigen oder ungenauen Informationen oder Inhalte auf der Website einzugeben oder zu verbreiten, die die Empf\u00e4nger der Informationen in die Irre f\u00fchren, und auch keine Inhalte rassistischer, fremdenfeindlicher, pornografischer Art, mit Verherrlichung des Terrorismus oder gegen die Menschenrechte oder die Rechte Minderj\u00e4hriger gerichtet zu verbreiten;<\/li>\n<li aria-level=\"1\">Keine Handlungen vorzunehmen, die eine Verletzung der geistigen Eigentumsrechte von <b>FORMOTOR<\/b> oder Dritten darstellen oder mit sich bringen;<\/li>\n<li aria-level=\"1\">Keine Sch\u00e4den an den physischen und logischen Systemen von <b>FORMOTOR<\/b>, seinen Lieferanten oder Dritten zu verursachen;<\/li>\n<li aria-level=\"1\">Keine Computerviren in das Netz einzubringen oder zu verbreiten oder irgendwelche anderen physischen oder logischen Systeme zu verwenden, die geeignet sind, die zuvor genannten Sch\u00e4den zu verursachen.<\/li>\n<li aria-level=\"1\">Keine Schutzvorrichtung oder kein Sicherheitssystem, das auf den Seiten dieser Website installiert ist, zu entfernen, zu ver\u00e4ndern, zu umgehen oder zu manipulieren<\/li>\n<\/ul>\n<ol start=\"3\">\n<li><b> Haftungsausschluss. Diese Website wird \u201ewie besehen\u201c bereitgestellt und ihre Nutzung erfolgt auf eigenes Risiko des Nutzers, weshalb weder FORMOTOR noch seine Administratoren, Mitarbeiter, Lieferanten oder Partner f\u00fcr Sch\u00e4den jeglicher Art, ob direkt oder indirekt, haften, die sich aus der Nutzung der Website ergeben, wobei FORMOTOR ausdr\u00fccklich und im gesetzlich zul\u00e4ssigen Umfang jegliche Art von Garantien, ob ausdr\u00fccklich oder stillschweigend, ausschlie\u00dft.<\/b><\/li>\n<\/ol>\n<p><b>FORMOTOR<\/b> garantiert nicht die Verf\u00fcgbarkeit und Zug\u00e4nglichkeit der Website, wird jedoch alle angemessenen Anstrengungen in dieser Hinsicht unternehmen. Gelegentlich kann es zu Unterbrechungen f\u00fcr die Zeit kommen, die zur Durchf\u00fchrung der entsprechenden Wartungsarbeiten erforderlich ist.<\/p>\n<p><b>FORMOTOR<\/b> haftet nicht f\u00fcr m\u00f6gliche Sch\u00e4den, die sich aus St\u00f6rungen, Unterbrechungen, Computerviren, Telefonausf\u00e4llen oder telefonischen Verbindungsabbr\u00fcchen ergeben, die auf Ursachen au\u00dferhalb des Einflussbereichs der genannten Gesellschaft zur\u00fcckzuf\u00fchren sind; f\u00fcr Verz\u00f6gerungen oder Sperrungen bei der Nutzung dieses elektronischen Systems, die durch M\u00e4ngel oder \u00dcberlastungen im Datenverarbeitungszentrum, in Telefonleitungen, im Internetsystem oder in anderen elektrischen Systemen verursacht werden; noch f\u00fcr jegliche andere Ver\u00e4nderungen, die in der Software oder Hardware der Nutzer auftreten k\u00f6nnen. Ebenso wird nicht das Nichtvorhandensein von Viren, Malware, Trojanern oder anderen Elementen garantiert, die Ver\u00e4nderungen im Computersystem, in Dokumenten oder Dateien des Nutzers verursachen k\u00f6nnen, wobei jegliche Haftung f\u00fcr Sch\u00e4den jeglicher Art ausgeschlossen wird, die dem Nutzer aus diesem Grund entstehen. Ebenso <b>FORMOTOR<\/b> haftet nicht f\u00fcr Sch\u00e4den, die von Dritten durch unrechtm\u00e4\u00dfige Eingriffe au\u00dferhalb seiner Kontrolle verursacht werden.<\/p>\n<p>Ebenso haftet das Unternehmen nicht f\u00fcr Sch\u00e4den und Nachteile, die durch die Nutzung oder missbr\u00e4uchliche Nutzung der Inhalte der Website verursacht werden, noch f\u00fcr die Folgen, die sich aus Fehlern, M\u00e4ngeln oder Auslassungen in den Inhalten ergeben k\u00f6nnen, die auf dieser Website erscheinen und von den Nutzern selbst oder anderen Dritten bereitgestellt wurden. <b>FORMOTOR<\/b> \u00fcbernimmt keinerlei Verpflichtung oder Haftung in Bezug auf Dienstleistungen, die nicht direkt von ihm erbracht werden.<\/p>\n<ol start=\"4\">\n<li><b> Externe Links. <\/b>In keinem Fall wird <b>FORMOTOR<\/b> irgendeine Verantwortung f\u00fcr die Inhalte von Links \u00fcbernehmen, die zu einer fremden Website geh\u00f6ren, noch die technische Verf\u00fcgbarkeit, Qualit\u00e4t, Zuverl\u00e4ssigkeit, Genauigkeit, Vollst\u00e4ndigkeit, Wahrhaftigkeit, G\u00fcltigkeit und Rechtm\u00e4\u00dfigkeit von Materialien oder Informationen garantieren, die in einem dieser Hyperlinks oder anderen Internetseiten enthalten sind. Ebenso bedeutet die Einbindung dieser externen Verbindungen keinerlei Art von Verbindung, Fusion oder Beteiligung mit den verlinkten Einrichtungen.<\/li>\n<li><b> Verweigerung des Zugangs und L\u00f6schung von Konten. FORMOTOR<\/b> beh\u00e4lt sich das Recht vor, den Zugang zur Website zu verweigern sowie die Konten derjenigen Nutzer zu sperren oder zu l\u00f6schen, die gegen diese Bedingungen versto\u00dfen; bei unvorhergesehenen technischen oder Sicherheitsproblemen; bei Inaktivit\u00e4t des Kontos \u00fcber einen erheblichen Zeitraum; oder zur Erf\u00fcllung einer polizeilichen, gerichtlichen oder beh\u00f6rdlichen Aufforderung und\/oder Anordnung.<\/li>\n<\/ol>\n<p>Eine solche L\u00f6schung oder Sperrung erfolgt nach alleinigem Ermessen von <b>FORMOTOR<\/b> und begr\u00fcndet keinerlei Anspruch auf Entsch\u00e4digung.<\/p>\n<ol start=\"6\">\n<li><b> Blog, Foren und Ver\u00f6ffentlichung von Kommentaren.<\/b> Die Nutzung der auf der Website zur Verf\u00fcgung gestellten partizipativen Funktionen erfolgt auf eigene Verantwortung der Nutzer. Gem\u00e4\u00df Art. 16.1 des Gesetzes 34\/2002 vom 11. Juli \u00fcber Dienste der Informationsgesellschaft und den elektronischen Gesch\u00e4ftsverkehr <b>FORMOTOR<\/b> \u00fcbernimmt keine Verantwortung f\u00fcr auf Wunsch der Nutzer gespeicherte Informationen, insbesondere nicht in Bezug auf ge\u00e4u\u00dferte Meinungen, noch f\u00fcr die Genauigkeit, Qualit\u00e4t, Zuverl\u00e4ssigkeit und Richtigkeit der von den Nutzern eingebrachten Informationen. <b>FORMOTOR<\/b> beh\u00e4lt sich das Recht vor, alle Kommentare und Beitr\u00e4ge zu entfernen oder nicht zu ver\u00f6ffentlichen, die gegen diese Nutzungsbedingungen versto\u00dfen, insbesondere solche, die die W\u00fcrde der Person verletzen, diskriminierend, fremdenfeindlich, rassistisch oder pornografisch sind, die Jugend oder Kindheit, die \u00f6ffentliche Ordnung oder Sicherheit beeintr\u00e4chtigen oder die nach seiner Ansicht nicht angemessen sind.<\/li>\n<li><b> Verarbeitung personenbezogener Daten. <\/b>Die Nutzer stimmen der Verarbeitung ihrer personenbezogenen Daten in dem Umfang und zu den Bedingungen zu, die in unserer Datenschutzerkl\u00e4rung angegeben sind, die auf der Startseite der Website verf\u00fcgbar ist und durch Verweis ebenfalls Bestandteil dieser Bedingungen ist. In dieser Richtlinie finden die Nutzer Informationen dar\u00fcber, wie sie ihre Rechte auf Zugang, L\u00f6schung und Berichtigung ihrer personenbezogenen Daten sowie ihr Widerspruchsrecht gegen deren Verarbeitung aus\u00fcben k\u00f6nnen.<\/li>\n<li><b> Geistiges Eigentum und Urheberrechte. <\/b>Unbeschadet der von den Nutzern selbst bereitgestellten Inhalte oder der Inhalte, an denen Dritte geistige Rechte besitzen, stehen die geistigen Eigentumsrechte an der Website, dem Domainnamen, ihrem Quellcode, Design und ihrer Navigationsstruktur sowie den darin enthaltenen Elementen (beispielsweise Bilder, Ton, Audio, Video, Software oder Texte; Marken oder Logos, Farbkombinationen, Struktur und Design usw.) im Eigentum von <b>FORMOTOR<\/b> , dem die ausschlie\u00dfliche Aus\u00fcbung der Verwertungsrechte in jeder Form zusteht, insbesondere der Rechte auf Vervielf\u00e4ltigung, Verbreitung, \u00f6ffentliche Wiedergabe und Bearbeitung gem\u00e4\u00df den Bestimmungen des geltenden Gesetzes \u00fcber geistiges Eigentum. Die Vervielf\u00e4ltigung, Verbreitung und \u00f6ffentliche Wiedergabe, einschlie\u00dflich der Modalit\u00e4t der Zurverf\u00fcgungstellung, der Gesamtheit oder eines Teils der Inhalte dieser Website auf jedwedem Tr\u00e4ger und mit jedwedem technischen Mittel ohne die Genehmigung von <b>FORMOTOR<\/b> oder gegebenenfalls der Dritten, die die geistigen Eigentums- oder Urheberrechte an den betroffenen Inhalten innehaben, ist ausdr\u00fccklich untersagt. Ungeachtet des Vorstehenden kann der Nutzer der Website die Elemente dieser Website ansehen und sogar ausdrucken, kopieren und auf der Festplatte seines Computers oder auf einem anderen physischen Datentr\u00e4ger speichern, sofern dies einzig und allein zu seinem pers\u00f6nlichen und privaten Gebrauch erfolgt. Diejenigen Einrichtungen oder Personen, die nach vorheriger Genehmigung durch den Inhaber dieser Website einen Link zu ihr einrichten m\u00f6chten, m\u00fcssen sicherstellen, dass dadurch ausschlie\u00dflich der Zugang zu dieser Website oder Dienstleistung erm\u00f6glicht wird, ohne dass deren Inhalte und Dienstleistungen reproduziert werden.<\/li>\n<li><b> Nichtigkeit der Klauseln. <\/b>Sollte eine Klausel dieser Nutzungsbedingungen f\u00fcr nichtig erkl\u00e4rt werden, so betrifft dies nur die betreffende Bestimmung oder den Teil davon, der f\u00fcr nichtig erkl\u00e4rt wurde; die Bedingungen bleiben im \u00dcbrigen bestehen, und die betreffende Bestimmung oder der betroffene Teil gilt als nicht geschrieben.<\/li>\n<li><b> Annahme. <\/b>Der Zugang zur Website und ihre Nutzung bedeuten notwendigerweise, dass Sie jede einzelne dieser Nutzungsbedingungen ausdr\u00fccklich akzeptieren.<\/li>\n<li><b> Anwendbares Recht und Gerichtsstand. <\/b>Unbeschadet der Rechte, die Verbrauchern durch das K\u00f6nigliche Gesetzesdekret 1\/2007 vom 16. November einger\u00e4umt werden, unterliegt diese Website dem spanischen Recht unter Ausschluss seiner kollisionsrechtlichen Bestimmungen, und jede Streitigkeit, die sich aus ihrer Nutzung oder aus mit ihr verbundenen Dienstleistungen ergeben k\u00f6nnte, wird der Gerichtsbarkeit und Zust\u00e4ndigkeit der nach dem Sitz des Inhabers der Website zust\u00e4ndigen Gerichte unterworfen, wobei die Nutzer ausdr\u00fccklich auf ihren eigenen Gerichtsstand verzichten, sofern ihnen ein solcher zustehen sollte.<\/li>\n<\/ol>\n<p>Die Europ\u00e4ische Kommission stellt Verbrauchern eine Plattform zur Online-Streitbeilegung zur Verf\u00fcgung, auf die sie \u00fcber den folgenden Link zugreifen k\u00f6nnen: https:\/\/webgate.ec.europa.eu\/odr\/main\/index.cfm?event=main.home.chooseLanguage<\/p>\n<p>Version 1.0 \u2013 Dezember 2017<\/p>\n","protected":false},"excerpt":{"rendered":"<p>Der Zugang zur Website www.formotor.com verleiht die Eigenschaft als NUTZER und setzt die vollst\u00e4ndige und vorbehaltlose Annahme dieses rechtlichen Hinweises und der Datenschutzerkl\u00e4rung in ihrer jeweils neuesten Fassung ab dem Zeitpunkt dieses Zugangs und\/oder dieser Nutzung voraus, unbeschadet der Allgemeinen Vertragsbedingungen, die gegebenenfalls verbindlich einzuhalten sind. Daher empfehlen wir Ihnen, diese Dokumente vor der Nutzung [&hellip;]<\/p>\n","protected":false},"author":1,"featured_media":0,"parent":0,"menu_order":0,"comment_status":"closed","ping_status":"closed","template":"","meta":{"_acf_changed":false,"footnotes":""},"class_list":["post-991746","page","type-page","status-publish","hentry"],"acf":[],"_links":{"self":[{"href":"https:\/\/formotor.com\/de\/wp-json\/wp\/v2\/pages\/991746","targetHints":{"allow":["GET"]}}],"collection":[{"href":"https:\/\/formotor.com\/de\/wp-json\/wp\/v2\/pages"}],"about":[{"href":"https:\/\/formotor.com\/de\/wp-json\/wp\/v2\/types\/page"}],"author":[{"embeddable":true,"href":"https:\/\/formotor.com\/de\/wp-json\/wp\/v2\/users\/1"}],"replies":[{"embeddable":true,"href":"https:\/\/formotor.com\/de\/wp-json\/wp\/v2\/comments?post=991746"}],"version-history":[{"count":1,"href":"https:\/\/formotor.com\/de\/wp-json\/wp\/v2\/pages\/991746\/revisions"}],"predecessor-version":[{"id":991747,"href":"https:\/\/formotor.com\/de\/wp-json\/wp\/v2\/pages\/991746\/revisions\/991747"}],"wp:attachment":[{"href":"https:\/\/formotor.com\/de\/wp-json\/wp\/v2\/media?parent=991746"}],"curies":[{"name":"wp","href":"https:\/\/api.w.org\/{rel}","templated":true}]}}