{"id":991725,"date":"2026-04-01T08:47:51","date_gmt":"2026-04-01T08:47:51","guid":{"rendered":"https:\/\/formotor.developallin.com\/?page_id=991725"},"modified":"2026-04-21T11:07:05","modified_gmt":"2026-04-21T11:07:05","slug":"cookie-richtlinien","status":"publish","type":"page","link":"https:\/\/formotor.com\/de\/cookie-richtlinien\/","title":{"rendered":"Cookie-Richtlinien"},"content":{"rendered":"\n<p>Dies ist die offizielle und rechtlich g\u00fcltige Version der Datenschutzerkl\u00e4rung von FORMOTOR. Im Falle von Abweichungen zwischen dieser Version und einer \u00dcbersetzung in andere Sprachen ist f\u00fcr alle rechtlichen Zwecke stets der spanische Text ma\u00dfgeblich.<\/p>\n\n\n\n<p><b>WAS SIND COOKIES?<\/b><\/p>\n\n\n\n<p>Diese Website verwendet Cookies und\/oder \u00e4hnliche Technologien, die beim Surfen Informationen speichern und abrufen. Im Allgemeinen k\u00f6nnen diese Technologien f\u00fcr sehr unterschiedliche Zwecke eingesetzt werden, wie zum Beispiel, Sie als Nutzer zu erkennen, Informationen \u00fcber Ihre Surfgewohnheiten zu erhalten oder die Art und Weise, wie Inhalte angezeigt werden, zu personalisieren.&nbsp;Es gibt Cookies, die vom Inhaber der Website selbst kontrolliert und verwaltet werden (sie werden als \u201eeigene Cookies\u201c bezeichnet), und andere, die von Dritten kontrolliert werden (sie sind als \u201eCookies von Drittanbietern\u201c bekannt), zum Beispiel weil diese ein in die Website integriertes Tool oder eine Funktion bereitstellen. Die konkreten Verwendungszwecke, die wir f\u00fcr diese Technologien vorsehen, werden nachfolgend beschrieben.<\/p>\n\n\n\n<p><b>WELCHE ARTEN VON COOKIES VERWENDEN WIR UND WOF\u00dcR?<\/b><\/p>\n\n\n\n<p>Auf dieser Website verwenden wir die folgenden Arten von Cookies:<\/p>\n\n\n\n<ol class=\"wp-block-list\">\n<li><b>Technische Cookies oder f\u00fcr die Erbringung der Dienste unerl\u00e4ssliche Cookies: <\/b>Dies sind Cookies, die dem Nutzer das Surfen auf einer Webseite und die Nutzung der verschiedenen dort vorhandenen Optionen oder Dienste erm\u00f6glichen, einschlie\u00dflich derjenigen, die dazu verwendet werden, die Verwaltung und den Betrieb der Webseite zu erm\u00f6glichen und ihre Funktionen und Dienste bereitzustellen, wie zum Beispiel den Datenverkehr und die Datenkommunikation zu steuern, die Sitzung zu identifizieren, Daten f\u00fcr zuk\u00fcnftige Kommentare in unserem Blog zu speichern, den Reservierungsprozess f\u00fcr ein Fahrzeug durchzuf\u00fchren, die Zahlung zu verwalten, Betrug im Zusammenhang mit der Sicherheit des Dienstes zu kontrollieren, Sicherheitselemente w\u00e4hrend des Surfens zu verwenden, Inhalte f\u00fcr die Wiedergabe von Videos oder Ton zu speichern, dynamische Inhalte zu aktivieren (zum Beispiel Ladeanimationen f\u00fcr einen Text oder ein Bild) sowie Inhalte \u00fcber soziale Netzwerke zu teilen.<\/li>\n\n\n\n<li>Diese Cookies sind von der Einhaltung der in Artikel 22.2 des LSSI festgelegten Verpflichtungen ausgenommen.<\/li>\n\n\n\n<li><b>Pr\u00e4ferenz- oder Personalisierungs-Cookies: <\/b>Wir verwenden eigene Cookies, die es erm\u00f6glichen, Informationen zu speichern, damit der Nutzer auf den Dienst mit bestimmten Merkmalen zugreifen kann, die seine Erfahrung von der anderer Nutzer unterscheiden k\u00f6nnen, wie zum Beispiel die Sprache, die Anzahl der anzuzeigenden Ergebnisse bei einer Suche, das Erscheinungsbild oder den Inhalt des Dienstes je nach Art des Browsers, \u00fcber den auf den Dienst zugegriffen wird, oder je nach Region, aus der auf den Dienst zugegriffen wird, usw.<\/li>\n\n\n\n<li><b>Analyse- oder Mess-Cookies:<\/b> Wir verwenden Cookies von Drittanbietern, die es erm\u00f6glichen, die Anzahl der Nutzer zu quantifizieren und so die Nutzung des angebotenen Dienstes statistisch zu messen und zu analysieren. Zu diesem Zweck wird Ihr Surfverhalten auf unserer Website analysiert, um die Produkte oder Dienstleistungen, die wir Ihnen anbieten, zu verbessern.<br><br>Die Dritten, die die mit dieser Art von Cookies erhaltenen Informationen verarbeiten, sind:\n<table>\n  <thead>\n    <tr>\n      <th>COOKIES<\/th>\n      <th>VERANTWORTLICHER<\/th>\n      <th>+ INFO<\/th>\n    <\/tr>\n  <\/thead>\n  <tbody>\n    <tr>\n      <td>GOOGLE ANALYTICS<\/td>\n      <td>\n        Google, Inc., 1600 Amphitheatre Parkway. Mountain View, CA 94043. USA.\n      <\/td>\n      <td>\n        Weitere Informationen \u00fcber die Funktionsweise von GOOGLE ANALYTICS und die von diesem Dienst verwendeten Cookies erhalten Sie unter den folgenden Links:\n        <ul>\n          <li>\n            <a href=\"https:\/\/support.google.com\/analytics\/answer\/6004245\" rel=\"nofollow noopener\" target=\"_blank\">\n              https:\/\/support.google.com\/analytics\/answer\/6004245\n            <\/a>\n          <\/li>\n          <li>\n            <a href=\"http:\/\/www.google.com\/intl\/es\/policies\/privacy\/\" target=\"_blank\" rel=\"noopener\">\n              http:\/\/www.google.com\/intl\/es\/policies\/privacy\/\n            <\/a>\n          <\/li>\n        <\/ul>\n        Sie k\u00f6nnen die Cookies von GOOGLE ANALYTICS deaktivieren, indem Sie in Ihrem Browser das von Google erstellte Deaktivierungs-Add-on installieren, das unter folgendem Link verf\u00fcgbar ist:\n        <a href=\"https:\/\/tools.google.com\/dlpage\/gaoptout?hl=es\" rel=\"nofollow noopener\" target=\"_blank\">\n          https:\/\/tools.google.com\/dlpage\/gaoptout?hl=es\n        <\/a>\n      <\/td>\n    <\/tr>\n  <\/tbody>\n<\/table>\n\nUm diese Art von Cookies zu akzeptieren oder abzulehnen, rufen Sie das Konfigurationspanel f\u00fcr Cookies auf, indem Sie auf die Schaltfl\u00e4che Datenschutz klicken, die unten rechts auf dem Bildschirm erscheint.<br><br><br><p><b>DATEN\u00dcBERMITTLUNGEN IN DRITTL\u00c4NDER<\/b><\/p><br><p>Sie k\u00f6nnen sich \u00fcber die Daten\u00fcbermittlungen in Drittl\u00e4nder informieren, die gegebenenfalls von den in dieser Cookie-Richtlinie identifizierten Dritten in ihren entsprechenden Richtlinien vorgenommen werden (siehe die im Abschnitt \u201eWELCHE ARTEN VON COOKIES VERWENDEN WIR UND WOF\u00dcR?\u201c angegebenen Links).<\/p><br><p><b>SPEICHERDAUER DER DATEN<\/b><\/p><br><p>Bestimmte Cookies werden nach Beendigung des Surfens auf der Website gel\u00f6scht (Sitzungs-Cookies), w\u00e4hrend andere auf dem Ger\u00e4t der Nutzer gespeichert bleiben und \u00fcber einen l\u00e4ngeren Zeitraum abgerufen werden k\u00f6nnen (persistente Cookies).<\/p><br><p>G\u00fcltigkeitsdauer von Cookies von Drittanbietern: Sie k\u00f6nnen sich \u00fcber die Speicherzeitr\u00e4ume der Cookies der in dieser Cookie-Richtlinie identifizierten Dritten in deren jeweiligen Richtlinien informieren (siehe die im Abschnitt \u201eWELCHE ARTEN VON COOKIES VERWENDEN WIR UND WOF\u00dcR?\u201c angegebenen Links).<\/p><br><p><b>VERARBEITUNG PERSONENBEZOGENER DATEN UND RECHTE DER BETROFFENEN PERSON<\/b><\/p><br><p>Die Installation von Cookies von Drittanbietern kann die Erhebung personenbezogener Navigationsdaten wie IP-Adressen oder Online-Kennungen durch diese Unternehmen zu Marketingzwecken oder anderen Zwecken, die in ihren Verantwortungsbereich fallen, mit sich bringen. Sie k\u00f6nnen sich \u00fcber die Verarbeitung personenbezogener Daten, die gegebenenfalls von den in dieser Cookie-Richtlinie identifizierten Dritten vorgenommen wird, sowie \u00fcber die Art und Weise der Aus\u00fcbung Ihrer Rechte in deren jeweiligen Richtlinien informieren (siehe die im Abschnitt \u201eWELCHE ARTEN VON COOKIES VERWENDEN WIR UND WOF\u00dcR?\u201c angegebenen Links)<\/p><br><p>Was uns betrifft, so k\u00f6nnten die durch Cookies erhaltenen Informationen nur dann mit einem bestimmten Nutzer in Verbindung gebracht werden, wenn dieser Nutzer auf der Website identifiziert ist. In diesem Fall werden diese Daten gem\u00e4\u00df den Bestimmungen unserer Datenschutzerkl\u00e4rung f\u00fcr die Website verarbeitet.<\/p><br><p>Die betroffenen Nutzer k\u00f6nnen jederzeit ihr Recht auf Auskunft, Berichtigung oder L\u00f6schung, auf Einschr\u00e4nkung der Verarbeitung und auf Daten\u00fcbertragbarkeit aus\u00fcben sowie der Verarbeitung widersprechen und eine Beschwerde bei einer Aufsichtsbeh\u00f6rde einreichen. Weitere Informationen zum Datenschutz finden Sie in unserer Datenschutzerkl\u00e4rung.<\/p><br><p><b>WIE KANN ICH COOKIES VERWALTEN?<\/b><\/p><br><p>Um Cookies zu verwalten, rufen Sie das Konfigurationspanel f\u00fcr Cookies auf, indem Sie auf die Schaltfl\u00e4che Datenschutz klicken, die unten rechts auf dem Bildschirm erscheint.<\/p><br><p>Sie k\u00f6nnen Cookies auch zulassen oder blockieren sowie Ihre Browserdaten \u00fcber den von Ihnen verwendeten Browser l\u00f6schen. Bitte beachten Sie hierzu die von Ihrem Browser angebotenen Optionen und Anweisungen. Bitte beachten Sie, dass Sie Cookies von Drittanbietern, wenn Sie diese akzeptieren, \u00fcber die Browseroptionen l\u00f6schen m\u00fcssen.<\/p><br><p>Falls Sie Cookies deaktivieren, ist es m\u00f6glich, dass Sie nicht alle Funktionen der Website nutzen k\u00f6nnen.<\/p><br><\/li>\n<\/ol>\n","protected":false},"excerpt":{"rendered":"<p>Dies ist die offizielle und rechtlich g\u00fcltige Version der Datenschutzerkl\u00e4rung von FORMOTOR. Im Falle von Abweichungen zwischen dieser Version und einer \u00dcbersetzung in andere Sprachen ist f\u00fcr alle rechtlichen Zwecke stets der spanische Text ma\u00dfgeblich. WAS SIND COOKIES? Diese Website verwendet Cookies und\/oder \u00e4hnliche Technologien, die beim Surfen Informationen speichern und abrufen. Im Allgemeinen k\u00f6nnen [&hellip;]<\/p>\n","protected":false},"author":1,"featured_media":0,"parent":0,"menu_order":0,"comment_status":"closed","ping_status":"closed","template":"","meta":{"_acf_changed":false,"footnotes":""},"class_list":["post-991725","page","type-page","status-publish","hentry"],"acf":[],"_links":{"self":[{"href":"https:\/\/formotor.com\/de\/wp-json\/wp\/v2\/pages\/991725","targetHints":{"allow":["GET"]}}],"collection":[{"href":"https:\/\/formotor.com\/de\/wp-json\/wp\/v2\/pages"}],"about":[{"href":"https:\/\/formotor.com\/de\/wp-json\/wp\/v2\/types\/page"}],"author":[{"embeddable":true,"href":"https:\/\/formotor.com\/de\/wp-json\/wp\/v2\/users\/1"}],"replies":[{"embeddable":true,"href":"https:\/\/formotor.com\/de\/wp-json\/wp\/v2\/comments?post=991725"}],"version-history":[{"count":2,"href":"https:\/\/formotor.com\/de\/wp-json\/wp\/v2\/pages\/991725\/revisions"}],"predecessor-version":[{"id":991727,"href":"https:\/\/formotor.com\/de\/wp-json\/wp\/v2\/pages\/991725\/revisions\/991727"}],"wp:attachment":[{"href":"https:\/\/formotor.com\/de\/wp-json\/wp\/v2\/media?parent=991725"}],"curies":[{"name":"wp","href":"https:\/\/api.w.org\/{rel}","templated":true}]}}