{"id":18235,"date":"2022-03-01T11:16:26","date_gmt":"2022-03-01T10:16:26","guid":{"rendered":"https:\/\/formotor.com\/datenschutzerklaerung\/"},"modified":"2022-05-26T10:19:50","modified_gmt":"2022-05-26T09:19:50","slug":"datenschutzerklaerung","status":"publish","type":"page","link":"https:\/\/formotor.com\/de\/datenschutzerklaerung\/","title":{"rendered":"Datenschutzerkl\u00e4rung"},"content":{"rendered":"<div style=\"text-align: justify;\">\n<p>    Diese Datenschutzerkl\u00e4rung gilt f\u00fcr die Website <a href=\"http:\/\/www.formotor.com\">www.formotor.com<\/a> (im Folgenden die Website).\u00a0<\/p>\n<p>    Bitte lesen Sie diese sorgf\u00e4ltig durch. Darin finden Sie wichtige Informationen \u00fcber die Verarbeitung Ihrer personenbezogenen Daten und die Rechte, die die geltenden Vorschriften diesbez\u00fcglich anerkennen.\u00a0\u00a0<\/p>\n<p>    Wir behalten uns das Recht vor, unsere Datenschutzerkl\u00e4rung jederzeit aufgrund gesch\u00e4ftlicher Entscheidungen zu aktualisieren, sowie eventuellen gesetzlichen oder rechtswissenschaftlichen \u00c4nderungen zu entsprechen. Wenn Sie Fragen haben oder Erkl\u00e4rungen zu unserer Datenschutzerkl\u00e4rung oder Ihren Rechten ben\u00f6tigen, k\u00f6nnen Sie uns \u00fcber die unten angegebenen Kan\u00e4le kontaktieren.<\/p>\n<p>    Sie erkl\u00e4ren, dass die Daten, die Sie uns jetzt oder in Zukunft zur Verf\u00fcgung stellen, richtig und wahr sind, und erkl\u00e4ren sich damit einverstanden, uns \u00fcber \u00c4nderungen zu informieren. Im Falle der Bereitstellung personenbezogener Daten Dritter verpflichten Sie sich, die vorherige Zustimmung der Betroffenen einzuholen und sie \u00fcber den Inhalt dieser Richtlinie zu informieren.<\/p>\n<p>    Die als Pflichtfelder gekennzeichneten Felder unserer Formulare m\u00fcssen zwingend ausgef\u00fcllt werden, um Ihre Anfragen bearbeiten zu k\u00f6nnen.<\/p>\n<ol>\n<li style=\"font-weight: 400;\" aria-level=\"1\"><b>Wer ist f\u00fcr die Verarbeitung Ihrer Daten verantwortlich?\u00a0<\/b>\n<ul>\n<li aria-level=\"1\">Verantwortlicher:\u202f\u202f<b>FORMENTERA MOTOR, S.L.<\/b>\u00a0\u202f\u00a0Postanschrift:\u00a0C\/ Almadraba n\u00ba 34, local 13, La\u00a0Savina, 07870 Formentera (Balearische Inseln), Spanien\u00a0\u00a0Telefon:\u202f971 32 29 29\u202f\u00a0E-Mail:\u202frent@formotor.com<\/li>\n<\/ul>\n<\/li>\n<li aria-level=\"1\"><b>Wof\u00fcr verarbeiten wir Ihre Daten und auf welcher Rechtsgrundlage?\u00a0<\/b>\n<ul>\n<li aria-level=\"1\"><b>Verwaltung der Beziehung zu\u00a0Benutzern:\u00a0<\/b>Wir verarbeiten\u00a0die Daten\u00a0, die\u00a0unsere Benutzer\u00a0in\u00a0ihren\u00a0Anfragen angeben, um\u00a0diese bearbeiten zu k\u00f6nnen.\u00a0Diese Bearbeitungen\u00a0sind f\u00fcr die Abwicklung des Rechtsverh\u00e4ltnisses mit den Nutzern der Website oder f\u00fcr die Anwendung vorvertraglicher Ma\u00dfnahmen auf deren eigenen Wunsch erforderlich.\u00a0<b>Bereitstellung angeforderter Dienstleistungen und Buchungsverwaltung: <\/b>Wir verarbeiten\u00a0die Daten\u00a0, die\u00a0unsere Kunden im Buchungsformular angeben, um die\u00a0vertraglich vereinbarten\u00a0Dienstleistungen zu\u00a0erbringen und ihre Buchung zu verwalten.\u00a0Die Daten\u00a0der auf der\u00a0Website\u00a0durchgef\u00fchrten\u00a0Transaktionen\u00a0werden auch f\u00fcr Zwecke der Buchhaltung und Verwaltung sowie zur\u00a0Erf\u00fcllung\u00a0unserer gesetzlichen Verpflichtungen in Buchhaltungs- und Steuerangelegenheiten verarbeitet.\u00a0\n<p>    Diese Verarbeitung ist f\u00fcr die Ausf\u00fchrung der Vertragsbedingungen der Buchung oder Dienstleistung erforderlich.\u00a0<\/p>\n<p>    <b>Ver\u00f6ffentlichen von Kommentaren.<\/b> Die im Kommentarver\u00f6ffentlichungsformular in unserem Blog angegebenen Daten werden f\u00fcr die Verwaltung dieser Funktionalit\u00e4t verarbeitet.\u00a0<\/p>\n<p>    Ihr Name und Ihr Kommentar werden im Internet ver\u00f6ffentlicht, und werden somit zu \u00f6ffentlichen Informationen. Sie sollten besonders vorsichtig sein, wenn Sie sich entscheiden, Kommentare zu ver\u00f6ffentlichen oder Ihre pers\u00f6nlichen Daten weiterzugeben.<\/p>\n<p>    Wenn Sie die Option zum Speichern Ihres Namens, Ihrer E-Mail-Adresse und Ihrer Webadresse aktiviert haben, werden diese Informationen in Ihrem eigenen Browser gespeichert. Dazu verwenden wir ein Cookie (+\u00a0Infos\u00a0zu Cookies\u00a0in unserer\u00a0Cookie-Richtlinie).\u00a0<\/p>\n<p>    Diese Verarbeitungen sind f\u00fcr die Erbringung der angeforderten Dienstleistung erforderlich. <\/p>\n<p>    Wir erfassen Ihre E-Mail-Adresse f\u00fcr die Verwaltung m\u00f6glicher Verbindlichkeiten, die sich aus der Nutzung der Kommentarfunktion ergeben. Diese Verarbeitung basiert auf unserem berechtigten Interesse, die Verfasser der Kommentare im Falle m\u00f6glicher Verst\u00f6\u00dfe gegen die Nutzungsbedingungen der Website oder der Begehung von Straftaten identifizieren zu k\u00f6nnen. Bei der Abw\u00e4gung dieser Interessen mit ihren Rechten und Freiheiten wurden folgende Elemente ber\u00fccksichtigt: Diese Verarbeitung ist f\u00fcr die Verwaltung einer partizipativen Funktionalit\u00e4t erforderlich, um die Interessen Dritter zu sch\u00fctzen, die durch die ver\u00f6ffentlichten Kommentare beeintr\u00e4chtigt werden k\u00f6nnten, zus\u00e4tzlich zu den allgemeinen Sicherheitspraktiken und verletzt daher nicht die angemessenen Erwartungen der Betroffenen und stellt f\u00fcr diese keine erhebliche Bedrohung dar.<\/p>\n<p>    <b>Verwaltung und Leitung der Websicherheit:<\/b>\u00a0Wir verarbeiten\u00a0Browserdaten\u00a0(IP-Adressen oder\u00a0Protokolle), um die Sicherheit der Website zu verwalten und zu leiten. Diese Verarbeitung basiert auf unserem berechtigten Interesse, die Sicherheit der Website zu gew\u00e4hrleisten. Dieses Interesse wird in Erw\u00e4gungsgrund 49 der DSGVO ausdr\u00fccklich anerkannt. Bei der Abw\u00e4gung dieser Interessen mit Ihren Rechten und Freiheiten wurde ber\u00fccksichtigt, dass<b>\u00a0<\/b>diese Verarbeitung den allgemeinen Sicherheitspraktiken entspricht und f\u00fcr die Betroffenen keine nennenswerten Gefahren darstellt.\u00a0\u00a0<\/p>\n<p>    <b>Statistische\u00a0und Qualit\u00e4tsmanagementzwecke:<\/b>\u00a0Um die Qualit\u00e4t unserer Dienstleistungen zu bewerten und zu verwalten, f\u00fchren wir Statistiken auf der Grundlage von aggregierten Daten aus Transaktionsdaten und Webbrowsing-Daten durch, z. B. IP-Adresse,\u00a0Webprotokolle, besuchte Seiten oder auf der Website ausgef\u00fchrte Aktionen (+\u00a0Informationen\u00a0in unserer Cookie-Richtlinie). <\/p>\n<p>    Diese Verarbeitungen basieren auf unserem berechtigten Interesse, die Qualit\u00e4t unserer Dienstleistungen zu bewerten und zu verwalten. F\u00fcr die Abw\u00e4gung dieses Interesses im Hinblick auf ihre Rechte und Freiheiten wurde festgestellt, dass die Verarbeitung eine begrenzte Auswirkung auf die Privatsph\u00e4re der betroffenen Parteien hatte, ihren angemessenen Erwartungen entsprach und keine erheblichen Gefahren darstellte.\u00a0\u00a0<\/p>\n<p>    <b>Wenn Sie daran interessiert sind, kommerzielle Informationen zu \u00fcbermitteln:\u00a0<\/b><\/p>\n<p>    <b>Versand von\u00a0kommerziellen\u00a0Mitteilungen und Verwaltung von Verteilerlisten:\u00a0<\/b>Wir verarbeiten die von unseren Kunden und Benutzern bereitgestellten Identifikations- und Kontaktdaten, um unsere Verteilerliste zu verwalten und ihnen Mitteilungen\u00a0in Bezug auf\u00a0unsere Dienstleistungen zu senden. <\/p>\n<p>    Um unsere Verteilerlisten\u00a0zu verwalten,\u00a0segmentieren wir die Empf\u00e4nger unserer Mitteilungen\u00a0basierend auf\u00a0ihrem\u00a0Markt oder ihrer Sprache.\u00a0Diese Verarbeitung besteht aus einer einfachen Klassifizierung nach objektiven Kriterien und ist nicht dazu bestimmt, kommerzielle Profile, Prognosen oder Verhaltensanalysen durchzuf\u00fchren. <\/p>\n<p>    Diese Verarbeitungen basieren auf unserem berechtigten Interesse, unsere Dienstleistungen bei unseren Kunden zu bewerben. F\u00fcr die Abw\u00e4gung dieses Interesses wurde festgestellt, dass die Verarbeitung begrenzte Auswirkungen auf die Privatsph\u00e4re der betroffenen Parteien hatte, ihren vern\u00fcnftigen Erwartungen entsprach und keine erheblichen Gefahren darstellte.\u00a0\u00a0Ebenso basiert diese Verarbeitung auch auf ihrer Zustimmung, diese Mitteilungen auf elektronischem Wege zu erhalten. Die Nichterteilung oder der Widerruf der Zustimmung bedingt, dass die Ausf\u00fchrung der Bestellung oder die Erbringung der vertraglich vereinbarten Dienstleistungen nicht m\u00f6glich ist. <\/p>\n<p>    Sie k\u00f6nnen jederzeit die Aufhebung der Verarbeitung f\u00fcr kommerzielle Zwecke beantragen, indem Sie den daf\u00fcr vorgesehenen Link in unseren Mitteilungen aktivieren oder eine E-Mail senden, <a href=\"about:blank\">an rent@formotor.com<\/a>.\u00a0<\/li>\n<\/ul>\n<\/li>\n<li aria-level=\"1\"><b>Wie lange bewahren wir Ihre Daten auf?<\/b>\u00a0\u00a0\n<ul>\n<li>Im Allgemeinen speichern wir Ihre Daten w\u00e4hrend der G\u00fcltigkeit der Beziehung, die Sie mit uns unterhalten, und in jedem Fall w\u00e4hrend der in den geltenden gesetzlichen Bestimmungen vorgesehenen Zeitr\u00e4ume und f\u00fcr die Zeit, die erforderlich ist, um m\u00f6glichen Verantwortlichkeiten nachzukommen, die sich aus der Verarbeitung ergeben. Wir l\u00f6schen Ihre Daten, wenn sie f\u00fcr die Zwecke, f\u00fcr die sie erhoben wurden, nicht mehr erforderlich oder relevant sind. Die auf das Surfen bezogenen Informationen werden gel\u00f6scht, sobald die Internetverbindung beendet und die Statistiken erstellt wurden.\u00a0Die zum Versand von Informationsmitteilungen verarbeiteten Daten bleiben bestehen, solange Sie nicht deren L\u00f6schung verlangen.\u00a0<\/li>\n<\/ul>\n<\/li>\n<li><b>Wem teilen wir m\u00f6glicherweise Ihre Daten mit?<\/b>\u00a0\n<ul>\n<li>Ihre Daten werden nur aufgrund einer gesetzlichen Verpflichtung, mit Ihrer Zustimmung oder wenn Ihre Anfrage eine solche Weitergabe beinhaltet, an Dritte weitergegeben.\u00a0<\/li>\n<\/ul>\n<\/li>\n<li><strong>Welche Rechte haben Sie?\u00a0<\/strong><\/li>\n<\/ol>\n<p>    <b><\/b>Sie haben das Recht, eine Best\u00e4tigung dar\u00fcber zu erhalten, ob wir Ihre personenbezogenen Daten verarbeiten oder nicht, und gegebenenfalls darauf zuzugreifen.\u00a0 Sie k\u00f6nnen auch die Berichtigung unrichtiger oder die Vervollst\u00e4ndigung unvollst\u00e4ndiger Daten sowie die L\u00f6schung verlangen, wenn die Daten unter anderem f\u00fcr die Zwecke, f\u00fcr die sie erhoben wurden, nicht mehr erforderlich sind. <\/p>\n<p>    Unter bestimmten Umst\u00e4nden k\u00f6nnen Sie die Einschr\u00e4nkung der Verarbeitung Ihrer Daten verlangen. In einem solchen Fall werden wir die betroffenen Daten nur zur Geltendmachung, Aus\u00fcbung oder Abwehr von Anspr\u00fcchen oder zum Schutz der Rechte anderer Personen verarbeiten. Unter bestimmten Bedingungen und in besonderen Situationen k\u00f6nnen Sie ebenfalls der Verarbeitung Ihrer Daten widersprechen. In diesem Fall werden wir die Verarbeitung der Daten einstellen, es sei denn, es liegen zwingende schutzw\u00fcrdige Gr\u00fcnde vor, die Ihre Interessen oder Rechte und Freiheiten \u00fcberwiegen, oder zur Geltendmachung, Aus\u00fcbung oder Verteidigung von Anspr\u00fcchen. Ebenso k\u00f6nnen Sie unter bestimmten Bedingungen die \u00dcbertragbarkeit Ihrer Daten verlangen, damit sie an einen anderen Datenverantwortlichen \u00fcbermittelt werden.<\/p>\n<p>    Sie k\u00f6nnen die Einwilligung, die Sie f\u00fcr bestimmte Zwecke erteilt haben, widerrufen, ohne die Rechtm\u00e4\u00dfigkeit der Behandlung aufgrund der Einwilligung vor ihrem Widerruf zu beeintr\u00e4chtigen, und eine Beschwerde bei der spanischen Datenschutzbeh\u00f6rde einreichen. <\/p>\n<p>    Um Ihre Rechte auszu\u00fcben, m\u00fcssen Sie uns eine Anfrage zusammen mit einer Kopie Ihres Personalausweises oder eines anderen g\u00fcltigen Dokuments, das Sie identifiziert, per Post oder E-Mail an die im Abschnitt \u201eWer ist f\u00fcr die Verarbeitung Ihrer Daten verantwortlich?\u201c angegebene Adresse zukommen lassen.\u00a0<\/p>\n<p>    Weitere Informationen zu Ihren Rechten und deren Aus\u00fcbung finden Sie auf der Seite der spanischen Datenschutzbeh\u00f6rde unter <a href=\"http:\/\/www.aepd.es\">http:\/\/www.aepd.es<\/a>.\u00a0<\/p><\/div>\n","protected":false},"excerpt":{"rendered":"<p>Diese Datenschutzerkl\u00e4rung gilt f\u00fcr die Website www.formotor.com (im Folgenden die Website).\u00a0 Bitte lesen Sie diese sorgf\u00e4ltig durch. Darin finden Sie [&hellip;]<\/p>\n","protected":false},"author":1,"featured_media":0,"parent":0,"menu_order":0,"comment_status":"closed","ping_status":"closed","template":"","meta":{"_acf_changed":false,"footnotes":""},"class_list":["post-18235","page","type-page","status-publish","hentry"],"acf":[],"_links":{"self":[{"href":"https:\/\/formotor.com\/de\/wp-json\/wp\/v2\/pages\/18235","targetHints":{"allow":["GET"]}}],"collection":[{"href":"https:\/\/formotor.com\/de\/wp-json\/wp\/v2\/pages"}],"about":[{"href":"https:\/\/formotor.com\/de\/wp-json\/wp\/v2\/types\/page"}],"author":[{"embeddable":true,"href":"https:\/\/formotor.com\/de\/wp-json\/wp\/v2\/users\/1"}],"replies":[{"embeddable":true,"href":"https:\/\/formotor.com\/de\/wp-json\/wp\/v2\/comments?post=18235"}],"version-history":[{"count":1,"href":"https:\/\/formotor.com\/de\/wp-json\/wp\/v2\/pages\/18235\/revisions"}],"predecessor-version":[{"id":18402,"href":"https:\/\/formotor.com\/de\/wp-json\/wp\/v2\/pages\/18235\/revisions\/18402"}],"wp:attachment":[{"href":"https:\/\/formotor.com\/de\/wp-json\/wp\/v2\/media?parent=18235"}],"curies":[{"name":"wp","href":"https:\/\/api.w.org\/{rel}","templated":true}]}}