{"id":18234,"date":"2022-03-01T11:27:36","date_gmt":"2022-03-01T10:27:36","guid":{"rendered":"https:\/\/formotor.com\/cookie-richtlinien\/"},"modified":"2022-05-27T11:18:58","modified_gmt":"2022-05-27T10:18:58","slug":"cookie-richtlinien","status":"publish","type":"page","link":"https:\/\/formotor.com\/de\/cookie-richtlinien\/","title":{"rendered":"Cookie-Richtlinien"},"content":{"rendered":"<p><b>WAS SIND COOKIES?<\/b>Diese Website verwendet Cookies und\/oder \u00e4hnliche Technologien, die Informationen speichern und abrufen, wenn Sie surfen. Im Allgemeinen k\u00f6nnen diese Technologien sehr unterschiedlichen Zwecken dienen, z. B. um Sie als Benutzer wiederzuerkennen, um Informationen \u00fcber Ihre Surfgewohnheiten zu erhalten oder um die Art und Weise, wie Inhalte angezeigt werden, zu personalisieren.\u00a0Es gibt Cookies, die vom Eigent\u00fcmer der Website kontrolliert und verwaltet werden (sie werden \u201eeigene Cookies\u201c genannt) und andere, die von Dritten stammen (sie werden als \u201eDrittanbieter-Cookies\u201c bezeichnet), weil diese zum Beispiel ein Tool oder eine im Web integrierte Funktionalit\u00e4t bereitstellen.Unsere spezifischen Verwendungen dieser Technologien werden nachstehend beschrieben.<\/p>\n<p><b>WELCHE ART VON COOKIES VERWENDEN WIR UND WOZU?<\/b><\/p>\n<p>Auf dieser Website verwenden wir die folgenden Arten von Cookies:<\/p>\n<ol>\n<li aria-level=\"1\"><b>Technische oder notwendige Cookies f\u00fcr die Bereitstellung von Diensten: <\/b>Dies sind diejenigen, die es dem Benutzer erm\u00f6glichen, durch eine Webseite zu navigieren und die verschiedenen Optionen oder Dienste zu nutzen, die darin vorhanden sind, einschlie\u00dflich derjenigen, die verwendet werden, um die Verwaltung und den Betrieb der Webseite zu erm\u00f6glichen und ihre Funktionen und Dienste zu aktivieren, wie zum Beispiel den Datenverkehr und die Datenkommunikation zu kontrollieren, die Sitzung zu identifizieren, Daten f\u00fcr zuk\u00fcnftige Kommentare in unserem Blog zu speichern, den Fahrzeugreservierungsprozess durchzuf\u00fchren, die Zahlung zu verwalten, Betrug im Zusammenhang mit der Sicherheit des Dienstes zu kontrollieren, Sicherheitselemente w\u00e4hrend der Navigation zu verwenden, Inhalte f\u00fcr die Verbreitung von Videos oder Ton zu speichern, dynamische Inhalte zu erm\u00f6glichen (z. B. Animation beim Laden eines Textes oder Bildes), Inhalte \u00fcber soziale Netzwerke zu teilen.\u00a0<\/li>\n<li><b><\/b>Diese Cookies sind von der Einhaltung der in Artikel 22.2 des LSSI (spanisches Recht \u00fcber Dienstleistungen der Informationsgesellschaft und des elektronischen Handels) festgelegten Verpflichtungen ausgenommen.\u00a0<\/li>\n<li aria-level=\"1\"><b>Pr\u00e4ferenz- oder Personalisierungs-Cookies: <\/b>Wir verwenden eigene Cookies , die es erm\u00f6glichen, Informationen zu speichern, sodass der Benutzer mit bestimmten Merkmalen auf den Dienst zugreift, die seine Erfahrung von der anderer Benutzer unterscheiden k\u00f6nnen, wie beispielsweise die Sprache, die Anzahl der anzuzeigenden Ergebnisse bei der Durchf\u00fchrung einer Suche, das Erscheinungsbild oder den Inhalt des Dienstes basierend auf dem Browsertyp, \u00fcber den auf den Dienst zugegriffen wird, oder der Region, von der aus auf den Dienst zugegriffen wird, usw.\u00a0<\/li>\n<li aria-level=\"1\"><b>Statistische oder Performance-Cookies:<\/b> Wir verwenden Cookies von Drittanbietern, die es uns erm\u00f6glichen, die Anzahl der Benutzer zu quantifizieren und somit die Messung und statistische Analyse der Nutzung des angebotenen Dienstes durch sie durchzuf\u00fchren. Dazu wird Ihre Navigation auf unserer Website analysiert, um die Produkte oder Dienstleistungen, die wir Ihnen anbieten, zu verbessern.<b><\/b>\n<ul>\n<li style=\"font-weight: 400;\" aria-level=\"1\">Die Drittparteien, die die mit dieser Art von Cookies erhaltenen Informationen verarbeiten, sind:\u00a0<\/li>\n<\/ul>\n<table>\n<tbody>\n<tr>\n<td><b>COOKIES<\/b><\/td>\n<td><b>VERANTWORTLICHER<\/b><\/td>\n<td><b>+ INFO<\/b><\/td>\n<\/tr>\n<tr>\n<td>GOOGLE ANALYTICS<\/td>\n<td>Google, Inc., 1600 Amphitheatre Parkway. Mountain View, CA 94043. USA<\/td>\n<td>Weitere Informationen \u00fcber die Funktionsweise von GOOGLE ANALYTICS und die von diesem Dienst verwendeten Cookies erhalten Sie unter den folgenden Links:<\/p>\n<ul>\n<li style=\"font-weight: 400;\" aria-level=\"1\"><a href=\"https:\/\/support.google.com\/analytics\/answer\/6004245\">https:\/\/support.google.com\/analytics\/answer\/6004245<\/a><\/li>\n<li style=\"font-weight: 400;\" aria-level=\"1\"><a href=\"http:\/\/www.google.com\/intl\/es\/policies\/privacy\/\">http:\/\/www.google.com\/intl\/es\/policies\/privacy\/<\/a><\/li>\n<\/ul>\n<p>Sie k\u00f6nnen die Cookies von GOOGLE ANALYTICS deaktivieren, indem Sie das von Google erstellte Deaktivierungs-Plugin in Ihrem Browser installieren. Dies finden Sie unter folgendem Link: <a href=\"https:\/\/tools.google.com\/dlpage\/gaoptout?hl=es\">https:\/\/tools.google.com\/dlpage\/gaoptout?hl=es\u00a0<\/a><\/td>\n<\/tr>\n<\/tbody>\n<\/table>\n<ul>\n<li style=\"font-weight: 400;\" aria-level=\"1\">Um diese Art von Cookies zu akzeptieren oder abzulehnen, greifen Sie auf das Cookie-Konfigurationsfeld zu, indem Sie auf die Schaltfl\u00e4che Datenschutz klicken, die unten rechts auf dem Bildschirm angezeigt wird. \u00a0<\/li>\n<\/ul>\n<p><b>DATEN\u00dcBERTRAGUNG IN DRITTL\u00c4NDER<\/b><\/p>\n<p>\u00dcber die \u00dcbermittlungen in Drittl\u00e4nder, die gegebenenfalls von den in dieser Cookie-Richtlinie genannten Dritten durchgef\u00fchrt werden, k\u00f6nnen Sie sich in deren entsprechenden Richtlinien informieren (siehe die Links im Abschnitt \u201eWELCHE ART VON COOKIES VERWENDEN WIR UND WOZU?\u201d).\u00a0<\/p>\n<p><b>DAUER DER DATENAUFBEWAHRUNG<\/b><\/p>\n<p>Bestimmte Cookies werden gel\u00f6scht, sobald das Surfen im Internet beendet ist (Sitzungscookies), w\u00e4hrend andere m\u00f6glicherweise weiterhin auf dem Computer des Benutzers gespeichert und f\u00fcr einen l\u00e4ngeren Zeitraum abgerufen werden (dauerhafte Cookies).<\/p>\n<p>Ablaufen von Cookies von Drittanbietern: \u00dcber die Aufbewahrungsfristen von Cookies von Drittanbietern, die in dieser Cookie-Richtlinie identifiziert werden, k\u00f6nnen Sie sich in deren entsprechenden Richtlinien informieren (siehe die Links im Abschnitt \u201eWELCHE ART VON COOKIES VERWENDEN WIR UND WOZU?\u201d).<\/p>\n<p><b>VERARBEITUNG PERSONENBEZOGENER DATEN UND RECHTE DES BETROFFENEN<\/b><\/p>\n<p>Die Installation von Cookies von Drittanbietern kann die Erfassung pers\u00f6nlicher Browsing-Daten wie IP-Adressen oder Online-Identifikatoren durch diese Unternehmen f\u00fcr Marketingzwecke oder andere Zwecke, f\u00fcr die sie verantwortlich sind. Sie k\u00f6nnen sich \u00fcber die Verarbeitung personenbezogener Daten, die gegebenenfalls durch die in dieser Cookie-Richtlinie genannten Dritten durchgef\u00fchrt wird, und \u00fcber die Aus\u00fcbung Ihrer Rechte in ihren entsprechenden Richtlinien informieren (siehe die Links im Abschnitt \u201eWELCHE ART VON COOKIES VERWENDEN WIR UND WOZU?\u201d)<\/p>\n<p>F\u00fcr uns k\u00f6nnen die durch Cookies gewonnenen Informationen nur dann einem bestimmten Benutzer zugeordnet werden, wenn dieser Benutzer im Web identifiziert wird. In diesem Fall werden diese Daten gem\u00e4\u00df den Bestimmungen unserer Web-Datenschutzrichtlinie behandelt.<\/p>\n<p>Betroffene Nutzer k\u00f6nnen jederzeit von ihrem Recht auf Auskunft, Berichtigung oder L\u00f6schung, Einschr\u00e4nkung der Verarbeitung und \u00dcbertragbarkeit ihrer Daten Gebrauch machen, sowie der Verarbeitung widersprechen und eine Beschwerde bei einer Aufsichtsbeh\u00f6rde einreichen. Weitere Informationen zum Datenschutz in unserer Datenschutzerkl\u00e4rung.<\/p>\n<p><b>WIE KANN ICH COOKIES VERWALTEN?<\/b><\/p>\n<p>Um Cookies zu verwalten, greifen Sie auf das Cookie-Konfigurationsfeld zu, indem Sie auf die Schaltfl\u00e4che\u00a0Datenschutz klicken, die unten rechts auf dem Bildschirm angezeigt wird. <\/p>\n<p>Sie k\u00f6nnen Cookies auch zulassen oder blockieren sowie Ihre Browserdaten aus dem von Ihnen verwendeten Browser l\u00f6schen. \u00dcberpr\u00fcfen Sie dazu die Optionen und Anweisungen Ihres Browsers. Bitte beachten Sie, dass Sie, wenn Sie Cookies von Drittanbietern akzeptieren, diese aus Ihren Browseroptionen entfernen m\u00fcssen.<\/p>\n<p>Wenn Sie Cookies deaktivieren, k\u00f6nnen Sie m\u00f6glicherweise nicht alle Funktionen der Website nutzen.\u00a0<\/li>\n<\/ol>\n<p>&nbsp;<\/p>\n","protected":false},"excerpt":{"rendered":"<p>WAS SIND COOKIES?Diese Website verwendet Cookies und\/oder \u00e4hnliche Technologien, die Informationen speichern und abrufen, wenn Sie surfen. Im Allgemeinen k\u00f6nnen [&hellip;]<\/p>\n","protected":false},"author":1,"featured_media":0,"parent":0,"menu_order":0,"comment_status":"closed","ping_status":"closed","template":"","meta":{"_acf_changed":false,"footnotes":""},"class_list":["post-18234","page","type-page","status-publish","hentry"],"acf":[],"_links":{"self":[{"href":"https:\/\/formotor.com\/de\/wp-json\/wp\/v2\/pages\/18234","targetHints":{"allow":["GET"]}}],"collection":[{"href":"https:\/\/formotor.com\/de\/wp-json\/wp\/v2\/pages"}],"about":[{"href":"https:\/\/formotor.com\/de\/wp-json\/wp\/v2\/types\/page"}],"author":[{"embeddable":true,"href":"https:\/\/formotor.com\/de\/wp-json\/wp\/v2\/users\/1"}],"replies":[{"embeddable":true,"href":"https:\/\/formotor.com\/de\/wp-json\/wp\/v2\/comments?post=18234"}],"version-history":[{"count":1,"href":"https:\/\/formotor.com\/de\/wp-json\/wp\/v2\/pages\/18234\/revisions"}],"predecessor-version":[{"id":18430,"href":"https:\/\/formotor.com\/de\/wp-json\/wp\/v2\/pages\/18234\/revisions\/18430"}],"wp:attachment":[{"href":"https:\/\/formotor.com\/de\/wp-json\/wp\/v2\/media?parent=18234"}],"curies":[{"name":"wp","href":"https:\/\/api.w.org\/{rel}","templated":true}]}}