{"id":18233,"date":"2022-03-01T11:35:44","date_gmt":"2022-03-01T10:35:44","guid":{"rendered":"https:\/\/formotor.com\/datenschutzerklaerung-fuer-buchungen\/"},"modified":"2022-03-01T11:35:44","modified_gmt":"2022-03-01T10:35:44","slug":"datenschutzerklaerung-fuer-buchungen","status":"publish","type":"page","link":"https:\/\/formotor.com\/de\/datenschutzerklaerung-fuer-buchungen\/","title":{"rendered":"Datenschutzerkl\u00e4rung f\u00fcr Buchungen"},"content":{"rendered":"<div style=\"text-align: justify;\">\n<p><strong>Bitte lesen Sie diese Datenschutzerkl\u00e4rung sorgf\u00e4ltig durch.<\/strong><\/p>\n<p>Darin finden Sie wichtige Informationen \u00fcber die Verarbeitung Ihrer personenbezogenen Daten und die Ihnen laut geltender Gesetzgebung zustehenden Rechte.<br \/>\nWir behalten uns das Recht vor, unsere Datenschutzerkl\u00e4rung jederzeit aufgrund gesch\u00e4ftlicher Entscheidungen zu aktualisieren sowie eventuellen gesetzlichen oder rechtswissenschaftlichen \u00c4nderungen zu entsprechen.<\/p>\n<p>Wenn Sie Fragen haben oder Erkl\u00e4rungen zu unserer Datenschutzerkl\u00e4rung oder Ihren Rechten ben\u00f6tigen, k\u00f6nnen Sie uns \u00fcber die unten angegebenen Kan\u00e4le kontaktieren.<\/p>\n<p> Sie erkl\u00e4ren, dass die Daten, die Sie uns jetzt oder in Zukunft zur Verf\u00fcgung stellen, korrekt und wahrheitsgem\u00e4\u00df sind, und verpflichten sich, uns \u00fcber \u00c4nderungen dieser Daten zu informieren.<\/p>\n<p><b>Wer ist f\u00fcr die Verarbeitung Ihrer Daten verantwortlich?<\/b><\/p>\n<p>Verantwortlich:\u00a0\u00a0<b>FORMENTERA MOTOR, S.L.<\/b><\/p>\n<p>Postanschrift:\u00a0La\u00a0Savina, 07870 Formentera (Balearische Inseln), Spanien<\/p>\n<p>Telefon:\u00a0\u00a0+34 971 32 29 29<\/p>\n<p>E-Mail\u00a0:\u00a0<a href=\"mailto:rent@formotor.com\">rent@formotor.com<\/a><\/p>\n<p><b>Wof\u00fcr und auf welcher Rechtsgrundlage verarbeiten wir Ihre Daten? <\/b><\/p>\n<p><b>Verwaltung der Beziehung zu Kunden und Nutzern: <\/b>Wir verarbeiten die von unseren Kunden bereitgestellten Daten, wie z. B. Kontaktidentifikationsdaten und pers\u00f6nliche und soziale Merkmale (Alter und F\u00fchrerschein), um die vertraglich vereinbarten Dienstleistungen zu erbringen.<\/p>\n<p>Die Daten der durchgef\u00fchrten Transaktionen werden auch zum Zwecke der Rechnungsstellung und der Inkassokontrolle verarbeitet.<\/p>\n<p>Diese Verarbeitungen sind f\u00fcr die Durchf\u00fchrung des Fahrzeugmietvertrags erforderlich.<\/p>\n<p><b>Versenden von kommerziellen Mitteilungen<\/b>: Wir verarbeiten die von unseren Kunden bereitgestellten Identifikations- und Kontaktdaten, um ihnen Mitteilungen im Zusammenhang mit der Fahrzeugvermietung und erg\u00e4nzenden Dienstleistungen an die angegebene E-Mail-Adresse oder das angegebene Mobiltelefon zu senden.<\/p>\n<p>Diese Verarbeitungen basieren auf der angeforderten Einwilligung. Die Nichterteilung oder der Widerruf Ihrer Zustimmung bedingt, dass die vertraglich vereinbarten Dienstleistungen nicht erbracht werden k\u00f6nnen.<\/p>\n<p>Sie k\u00f6nnen jederzeit die Stornierung der Verarbeitungen f\u00fcr kommerzielle Zwecke beantragen, indem Sie den daf\u00fcr vorgesehenen Link in unseren Mitteilungen aktivieren oder eine E-Mail senden, an <a href=\"mailto:rent@formotor.com\">rent@formotor.com<\/a>.<\/p>\n<p><b>Wie lange bewahren wir Ihre Daten auf?<\/b><\/p>\n<p>Ihre Daten werden f\u00fcr die Dauer der Beziehung, die Sie mit uns unterhalten, und in jedem Fall w\u00e4hrend der in den geltenden gesetzlichen Bestimmungen vorgesehenen Zeitr\u00e4ume und f\u00fcr die Zeit aufbewahrt, die erforderlich ist, um m\u00f6glichen Verantwortlichkeiten nachzukommen, die sich aus der Verarbeitung ergeben. Wir l\u00f6schen Ihre Daten, wenn sie f\u00fcr die Zwecke, f\u00fcr die sie erhoben wurden, nicht mehr erforderlich oder relevant sind.<\/p>\n<p><b>Wem k\u00f6nnen wir Ihre Daten mitteilen?<\/b><\/p>\n<p>Ihre Daten werden nur dann an Dritte weitergegeben, wenn dies f\u00fcr die ordnungsgem\u00e4\u00dfe Durchf\u00fchrung der vertraglich vereinbarten Leistung erforderlich ist oder nach Ihrer vorherigen Zustimmung. In diesem Sinne teilen wir Ihnen mit, dass im Falle eines Unfalls die Daten des Fahrzeugmieters an die im Mietvertrag angegebene Versicherungsgesellschaft \u00fcbermittelt werden, um die entsprechende Deckung abzuwickeln.<\/p>\n<p><b>Welche Rechte haben Sie?<\/b><\/p>\n<p>Sie haben das Recht, eine Best\u00e4tigung dar\u00fcber zu erhalten, ob wir Ihre personenbezogenen Daten verarbeiten oder nicht, und gegebenenfalls darauf zuzugreifen.\u00a0 Sie k\u00f6nnen auch die Berichtigung unrichtiger oder die Vervollst\u00e4ndigung unvollst\u00e4ndiger Daten sowie die L\u00f6schung verlangen, wenn die Daten unter anderem f\u00fcr die Zwecke, f\u00fcr die sie erhoben wurden, nicht mehr erforderlich sind.<\/p>\n<p>Unter bestimmten Umst\u00e4nden k\u00f6nnen Sie die Einschr\u00e4nkung der Verarbeitung Ihrer Daten verlangen. In einem solchen Fall werden wir die betroffenen Daten nur zur Geltendmachung, Aus\u00fcbung oder Abwehr von Anspr\u00fcchen oder zum Schutz der Rechte anderer Personen verarbeiten. Unter bestimmten Bedingungen und in besonderen Situationen k\u00f6nnen Sie ebenfalls der Verarbeitung Ihrer Daten widersprechen. In diesem Fall werden wir die Verarbeitung der Daten einstellen, es sei denn, es liegen zwingende schutzw\u00fcrdige Gr\u00fcnde vor, die Ihre Interessen oder Rechte und Freiheiten \u00fcberwiegen, oder zur Geltendmachung, Aus\u00fcbung oder Verteidigung von Anspr\u00fcchen. Ebenso k\u00f6nnen Sie unter bestimmten Bedingungen die \u00dcbertragbarkeit Ihrer Daten verlangen, damit sie an einen anderen Datenverantwortlichen \u00fcbermittelt werden.<\/p>\n<p>Sie k\u00f6nnen die Einwilligung, die Sie f\u00fcr bestimmte Zwecke erteilt haben, widerrufen, ohne die Rechtm\u00e4\u00dfigkeit der Verarbeitung aufgrund der Einwilligung vor ihrem Widerruf zu beeintr\u00e4chtigen, und eine Beschwerde bei der spanischen Datenschutzbeh\u00f6rde einreichen.<\/p>\n<p>Um Ihre Rechte auszu\u00fcben, m\u00fcssen Sie uns eine Anfrage zusammen mit einer Kopie Ihres Personalausweises oder eines anderen g\u00fcltigen Ausweisdokuments per Post oder E-Mail an die im Abschnitt \u201eWer ist f\u00fcr die Verarbeitung Ihrer Daten verantwortlich?\u201c angegebene Adresse zukommen lassen.<\/p>\n<p>Weitere Informationen zu Ihren Rechten und deren Aus\u00fcbung finden Sie auf der Seite der spanischen Datenschutzbeh\u00f6rde unter <a href=\"http:\/\/www.aepd.es\">http:\/\/www.aepd.es<\/a>.<\/p>\n<\/div>\n","protected":false},"excerpt":{"rendered":"<p>Bitte lesen Sie diese Datenschutzerkl\u00e4rung sorgf\u00e4ltig durch. Darin finden Sie wichtige Informationen \u00fcber die Verarbeitung Ihrer personenbezogenen Daten und die [&hellip;]<\/p>\n","protected":false},"author":1,"featured_media":0,"parent":0,"menu_order":0,"comment_status":"closed","ping_status":"closed","template":"","meta":{"_acf_changed":false,"footnotes":""},"class_list":["post-18233","page","type-page","status-publish","hentry"],"acf":[],"_links":{"self":[{"href":"https:\/\/formotor.com\/de\/wp-json\/wp\/v2\/pages\/18233","targetHints":{"allow":["GET"]}}],"collection":[{"href":"https:\/\/formotor.com\/de\/wp-json\/wp\/v2\/pages"}],"about":[{"href":"https:\/\/formotor.com\/de\/wp-json\/wp\/v2\/types\/page"}],"author":[{"embeddable":true,"href":"https:\/\/formotor.com\/de\/wp-json\/wp\/v2\/users\/1"}],"replies":[{"embeddable":true,"href":"https:\/\/formotor.com\/de\/wp-json\/wp\/v2\/comments?post=18233"}],"version-history":[{"count":0,"href":"https:\/\/formotor.com\/de\/wp-json\/wp\/v2\/pages\/18233\/revisions"}],"wp:attachment":[{"href":"https:\/\/formotor.com\/de\/wp-json\/wp\/v2\/media?parent=18233"}],"curies":[{"name":"wp","href":"https:\/\/api.w.org\/{rel}","templated":true}]}}