{"id":18228,"date":"2022-03-03T11:37:29","date_gmt":"2022-03-03T10:37:29","guid":{"rendered":"https:\/\/formotor.com\/kontakt\/"},"modified":"2022-07-01T11:20:25","modified_gmt":"2022-07-01T10:20:25","slug":"kontakt","status":"publish","type":"page","link":"https:\/\/formotor.com\/de\/kontakt\/","title":{"rendered":"Kontakt"},"content":{"rendered":"<div class=\"wpb-content-wrapper\"><p>[vc_row][vc_column column_width_percent=&#8220;100&#8243; gutter_size=&#8220;3&#8243; overlay_alpha=&#8220;50&#8243; shift_x=&#8220;0&#8243; shift_y=&#8220;0&#8243; shift_y_down=&#8220;0&#8243; z_index=&#8220;0&#8243; medium_width=&#8220;0&#8243; mobile_width=&#8220;0&#8243; width=&#8220;2\/3&#8243; uncode_shortcode_id=&#8220;122280&#8243; el_id=&#8220;frmcontactbox&#8220;][vc_custom_heading heading_semantic=&#8220;h5&#8243; text_size=&#8220;h5&#8243; uncode_shortcode_id=&#8220;182477&#8243;]Kontaktieren Sie uns[\/vc_custom_heading]\n<div class=\"wpcf7 no-js\" id=\"wpcf7-f18371-o1\" lang=\"de-DE\" dir=\"ltr\" data-wpcf7-id=\"18371\">\n<div class=\"screen-reader-response\"><p role=\"status\" aria-live=\"polite\" aria-atomic=\"true\"><\/p> <ul><\/ul><\/div>\n<form action=\"\/de\/wp-json\/wp\/v2\/pages\/18228#wpcf7-f18371-o1\" method=\"post\" class=\"wpcf7-form init\" aria-label=\"Kontaktformular\" novalidate=\"novalidate\" data-status=\"init\">\n<div style=\"display: none;\">\n<input type=\"hidden\" name=\"_wpcf7\" value=\"18371\" \/>\n<input type=\"hidden\" name=\"_wpcf7_version\" value=\"6.0.3\" \/>\n<input type=\"hidden\" name=\"_wpcf7_locale\" value=\"de_DE\" \/>\n<input type=\"hidden\" name=\"_wpcf7_unit_tag\" value=\"wpcf7-f18371-o1\" \/>\n<input type=\"hidden\" name=\"_wpcf7_container_post\" value=\"0\" \/>\n<input type=\"hidden\" name=\"_wpcf7_posted_data_hash\" value=\"\" \/>\n<\/div>\n<p class=\"frminputtitle\">Vor- und Nachname\n<\/p>\n<p><span class=\"wpcf7-form-control-wrap\" data-name=\"your-name\"><input size=\"40\" maxlength=\"400\" class=\"wpcf7-form-control wpcf7-text wpcf7-validates-as-required\" aria-required=\"true\" aria-invalid=\"false\" value=\"\" type=\"text\" name=\"your-name\" \/><\/span>\n<\/p>\n<p class=\"frminputtitle\">E-Mail und\/oder Telefon\n<\/p>\n<p><span class=\"wpcf7-form-control-wrap\" data-name=\"your-email\"><input size=\"40\" maxlength=\"400\" class=\"wpcf7-form-control wpcf7-email wpcf7-validates-as-required wpcf7-text wpcf7-validates-as-email\" aria-required=\"true\" aria-invalid=\"false\" value=\"\" type=\"email\" name=\"your-email\" \/><\/span>\n<\/p>\n<p class=\"frminputtitle\">Betreff\n<\/p>\n<p><span class=\"wpcf7-form-control-wrap\" data-name=\"your-subject\"><input size=\"40\" maxlength=\"400\" class=\"wpcf7-form-control wpcf7-text wpcf7-validates-as-required\" aria-required=\"true\" aria-invalid=\"false\" value=\"\" type=\"text\" name=\"your-subject\" \/><\/span>\n<\/p>\n<p class=\"frminputtitle\">Nachricht\n<\/p>\n<p><span class=\"wpcf7-form-control-wrap\" data-name=\"your-message\"><textarea cols=\"40\" rows=\"10\" maxlength=\"2000\" class=\"wpcf7-form-control wpcf7-textarea wpcf7-validates-as-required\" aria-required=\"true\" aria-invalid=\"false\" name=\"your-message\"><\/textarea><\/span>\n<\/p>\n<p class=\"frminputtitle\">Rechtlicher Hinweis und Nutzungsbedingungen (Erforderlich*)\n<\/p>\n<p><span class=\"wpcf7-form-control-wrap\" data-name=\"legal-note\"><span class=\"wpcf7-form-control wpcf7-checkbox wpcf7-validates-as-required\"><span class=\"wpcf7-list-item first last\"><input type=\"checkbox\" name=\"legal-note[]\" value=\"Ich akzeptiere die rechtlichen Hinweise und Nutzungsbedingungen, die ich gelesen zu haben erkl\u00e4re.\" \/><span class=\"wpcf7-list-item-label\">Ich akzeptiere die rechtlichen Hinweise und Nutzungsbedingungen, die ich gelesen zu haben erkl\u00e4re.<\/span><\/span><\/span><\/span><a href=\"\/fr\/mentions-legales-et-conditions-dutilisation-du-site\/\" target=\"_blank\">Rechtliche Hinweise und Nutzungsbedingungen lesen<\/a>\n<\/p>\n<p class=\"frminputtitle\">Datenschutzerkl\u00e4rung (erforderlich*)\n<\/p>\n<p><span class=\"wpcf7-form-control-wrap\" data-name=\"privacy-policy\"><span class=\"wpcf7-form-control wpcf7-checkbox wpcf7-validates-as-required\"><span class=\"wpcf7-list-item first last\"><input type=\"checkbox\" name=\"privacy-policy[]\" value=\"Ich akzeptiere die Datenschutzrichtlinie, die ich gelesen zu haben erkl\u00e4re.\" \/><span class=\"wpcf7-list-item-label\">Ich akzeptiere die Datenschutzrichtlinie, die ich gelesen zu haben erkl\u00e4re.<\/span><\/span><\/span><\/span><a href=\"\/fr\/politique-de-confidentialite\/\" target=\"_blank\"> Datenschutzrichtlinie lesen<\/a>\n<\/p>\n<p class=\"checkbox\" style=\"padding-top: 15px;\"><br \/>\nBevor Sie dieses Formular absenden, sollten Sie die nachfolgenden Grundlegenden Informationen zum Datenschutz lesen. Durch Dr\u00fccken des Absenden-Buttons erkl\u00e4ren Sie, dass Sie diese Informationen gelesen haben.<br \/>\nTeilen Sie uns als N\u00e4chstes Ihre Pr\u00e4ferenzen bez\u00fcglich der Verarbeitung Ihrer Daten mit:\n<\/p>\n<p class=\"checkbox-2\" style=\"font-size: 12px; color: grey !important; font-size: 12px; font-family: 'Roboto';\"><span class=\"wpcf7-form-control-wrap\" data-name=\"no-informativa\"><span class=\"wpcf7-form-control wpcf7-checkbox\"><span class=\"wpcf7-list-item first last\"><input type=\"checkbox\" name=\"no-informativa[]\" value=\"Ich m\u00f6chte nicht um Kommunikationsinformationen \u00fcber FORMENTERA MOTOR zu erhalten\" \/><span class=\"wpcf7-list-item-label\">Ich m\u00f6chte nicht um Kommunikationsinformationen \u00fcber FORMENTERA MOTOR zu erhalten<\/span><\/span><\/span><\/span>\n<\/p>\n<p><input class=\"wpcf7-form-control wpcf7-submit has-spinner\" type=\"submit\" value=\"Senden\" \/>\n<\/p>\n<p class=\"frminputtitle\">Grundlegende Informationen zum Datenschutz\n<\/p>\n<p class=\"checkbox\">Verantwortlicher: FORMENTERA MOTOR, S.L.<br \/>\nZweck: Bearbeitung Ihrer Anfrage und Zusendung informativer Mitteilungen von FORMENTERA MOTOR, S.L.<br \/>\nRechte: Sie haben das Recht, auf die Daten zuzugreifen, sie zu berichtigen und zu l\u00f6schen, sowie andere Rechte, wie in den zus\u00e4tzlichen Informationen erl\u00e4utert.<br \/>\nZus\u00e4tzliche Informationen: Weitere und detaillierte Informationen zum Datenschutz finden Sie in der Datenschutzerkl\u00e4rung unserer Website <a href=\"\/fr\/politique-de-confidentialite\/\">hier<\/a>.\n<\/p><input type='hidden' class='wpcf7-pum' value='{\"closepopup\":false,\"closedelay\":0,\"openpopup\":false,\"openpopup_id\":0}' \/><div class=\"wpcf7-response-output\" aria-hidden=\"true\"><\/div>\n<\/form>\n<\/div>\n[\/vc_column][vc_column width=&#8220;1\/3&#8243;][vc_column_text uncode_shortcode_id=&#8220;185249&#8243;]<\/p>\n<div id=\"widContacto\" class=\"widget widget_text limoking-widget\">\n<h3 class=\"limoking-widget-title\">F\u00fcr weitere Informationen:<\/h3>\n<div class=\"clear\"><\/div>\n<div class=\"textwidget\">B\u00fcro (La Savina) &#8211; 0034 971 32 29 29<br \/>\nB\u00fcro Es Cal\u00f3 &#8211; 0034 971 32 70 48<br \/>\nWerkstatt &#8211; 0034 971 32 22 42<br \/>\nFax &#8211; 0034 971 32 27 52<br \/>\nE-Mail &#8211; rent@formotor.com<\/div>\n<\/div>\n<p>[\/vc_column_text][\/vc_column][\/vc_row][vc_row unlock_row_content=&#8220;yes&#8220; row_height_percent=&#8220;0&#8243; override_padding=&#8220;yes&#8220; h_padding=&#8220;0&#8243; top_padding=&#8220;0&#8243; bottom_padding=&#8220;0&#8243; overlay_alpha=&#8220;50&#8243; gutter_size=&#8220;3&#8243; column_width_percent=&#8220;100&#8243; shift_y=&#8220;0&#8243; z_index=&#8220;0&#8243; uncode_shortcode_id=&#8220;316514&#8243; css=&#8220;.vc_custom_1646396464616{margin-bottom: 80px !important;}&#8220;][vc_column width=&#8220;1\/1&#8243;][vc_raw_html]PGlmcmFtZSBzdHlsZT0iYm9yZGVyOiAwOyIgc3JjPSJodHRwczovL3d3dy5nb29nbGUuY29tL21hcHMvZW1iZWQ\/cGI9ITFtMTghMW0xMiExbTMhMWQ5OTYzNC45NDUyOTQyNDU1NCEyZDEuNDEwODkwMjMwMjI5MjI3NyEzZDM4LjcwNDIxNDMzMjMwMDExITJtMyExZjAhMmYwITNmMCEzbTIhMWkxMDI0ITJpNzY4ITRmMTMuMSEzbTMhMW0yITFzMHgxMjk5NWJkYTFhODkyNTZkJTNBMHg4N2Q3ZjYxNTVlNDliMjA2ITJzRm9ybW90b3IrLStBbHF1aWxlcitkZStjb2NoZXMreSttb3RvcystK1JlbnRhY2FyITVlMCEzbTIhMXNlcyEyc3VzITR2MTU1Nzc0NDI1ODQ0OSE1bTIhMXNlcyEyc3VzIiB3aWR0aD0iMTAwJSIgaGVpZ2h0PSI3NTAiIGZyYW1lYm9yZGVyPSIwIiBhbGxvd2Z1bGxzY3JlZW49ImFsbG93ZnVsbHNjcmVlbiI+PC9pZnJhbWU+[\/vc_raw_html][\/vc_column][\/vc_row][vc_row][vc_column width=&#8220;1\/1&#8243;][uncode_block id=&#8220;15653&#8243;][\/vc_column][\/vc_row][vc_row][vc_column width=&#8220;1\/1&#8243;][uncode_block id=&#8220;15854&#8243;][\/vc_column][\/vc_row]<\/p>\n<\/div>","protected":false},"excerpt":{"rendered":"<p>Nehmen Sie Kontakt mit uns auf und starten Sie Ihr Abenteuer auf Formentera<\/p>\n","protected":false},"author":1,"featured_media":12078,"parent":0,"menu_order":0,"comment_status":"closed","ping_status":"closed","template":"","meta":{"_acf_changed":false,"footnotes":""},"class_list":["post-18228","page","type-page","status-publish","has-post-thumbnail","hentry"],"acf":[],"_links":{"self":[{"href":"https:\/\/formotor.com\/de\/wp-json\/wp\/v2\/pages\/18228","targetHints":{"allow":["GET"]}}],"collection":[{"href":"https:\/\/formotor.com\/de\/wp-json\/wp\/v2\/pages"}],"about":[{"href":"https:\/\/formotor.com\/de\/wp-json\/wp\/v2\/types\/page"}],"author":[{"embeddable":true,"href":"https:\/\/formotor.com\/de\/wp-json\/wp\/v2\/users\/1"}],"replies":[{"embeddable":true,"href":"https:\/\/formotor.com\/de\/wp-json\/wp\/v2\/comments?post=18228"}],"version-history":[{"count":1,"href":"https:\/\/formotor.com\/de\/wp-json\/wp\/v2\/pages\/18228\/revisions"}],"predecessor-version":[{"id":18232,"href":"https:\/\/formotor.com\/de\/wp-json\/wp\/v2\/pages\/18228\/revisions\/18232"}],"wp:featuredmedia":[{"embeddable":true,"href":"https:\/\/formotor.com\/de\/wp-json\/wp\/v2\/media\/12078"}],"wp:attachment":[{"href":"https:\/\/formotor.com\/de\/wp-json\/wp\/v2\/media?parent=18228"}],"curies":[{"name":"wp","href":"https:\/\/api.w.org\/{rel}","templated":true}]}}