{"id":18227,"date":"2022-03-03T11:54:01","date_gmt":"2022-03-03T10:54:01","guid":{"rendered":"https:\/\/formotor.com\/rechtlicher-hinweis-und-nutzungsbedingungen-der-website\/"},"modified":"2022-05-27T11:20:00","modified_gmt":"2022-05-27T10:20:00","slug":"rechtlicher-hinweis-und-nutzungsbedingungen-der-website","status":"publish","type":"page","link":"https:\/\/formotor.com\/de\/rechtlicher-hinweis-und-nutzungsbedingungen-der-website\/","title":{"rendered":"Rechtlicher Hinweis und Nutzungsbedingungen der Website"},"content":{"rendered":"<div style=\"text-align: justify;\">\n<p>Der Zugriff auf die Website www.formotor.com weist den Zustand des BENUTZERS zu und impliziert die vollst\u00e4ndige und vorbehaltlose Annahme dieses rechtlichen Hinweises und der Datenschutzrichtlinie in ihrer neuesten Version ab diesem Zugriff und\/oder dieser Nutzung, unbeschadet der Allgemeinen Vertragsbedingungen, die gegebenenfalls obligatorisch sind. Daher empfehlen wir Ihnen, diese Dokumente vor der Nutzung der von dieser Website angebotenen Funktionen sowie bei jedem Zugriff darauf zu lesen, da wir uns das Recht vorbehalten, Teile dieser Bedingungen jederzeit zu \u00e4ndern, zu modifizieren, hinzuzuf\u00fcgen oder zu l\u00f6schen.<\/p>\n<p>Der blo\u00dfe Zugriff auf diese Website impliziert in keinem Fall das Bestehen einer Gesch\u00e4ftsbeziehung zwischen dem Benutzer und der Website.\u00a0<\/p>\n<ol>\n<li><b> EIGENT\u00dcMER DER WEBSITE<\/b><\/li>\n<\/ol>\n<p>Im Sinne der Bestimmungen von Art. 10 des Gesetzes 34\/2002 vom 11. Juli \u00fcber Dienste der Informationsgesellschaft und des elektronischen Handels werden die folgenden Informationen \u00fcber den Eigent\u00fcmer dieser Website bereitgestellt:<\/p>\n<ul>\n<li style=\"font-weight: 400;\" aria-level=\"1\"><b>Eigent\u00fcmer der Website<\/b>: FORMENTERA MOTOR, S.L. (im Folgenden FORMOTOR)<\/li>\n<li style=\"font-weight: 400;\" aria-level=\"1\"><b>Sitz<\/b>: La Savina, 07870 Formentera (Balearische Inseln), Spanien<\/li>\n<li style=\"font-weight: 400;\" aria-level=\"1\"><b>C.I.F. <\/b>B07609951<\/li>\n<li style=\"font-weight: 400;\" aria-level=\"1\"><b>Registrierungsdaten<\/b>: Eingetragen im Handelsregister von Eivissa, Band 22, Buch 22, Abschnitt 8, Blatt 171, Seite IB-1035, Eintrag 2.<\/li>\n<\/ul>\n<p>Neben dem eingetragenen Firmensitz stehen den Nutzern die folgenden Kan\u00e4le zur Verf\u00fcgung, um ihre Anfragen, Fragen oder Anspr\u00fcche zu formulieren:<\/p>\n<ul>\n<li style=\"font-weight: 400;\" aria-level=\"1\">Kontaktformular der Website<\/li>\n<li style=\"font-weight: 400;\" aria-level=\"1\">Tel. B\u00fcro La Savina &#8211; 0034 971 32 29 29\u00a0<\/li>\n<li style=\"font-weight: 400;\" aria-level=\"1\">Tel. B\u00fcro Es Cal\u00f3 &#8211; 0034 971 32 70 48\u00a0<\/li>\n<li style=\"font-weight: 400;\" aria-level=\"1\">Tel. Werkstatt &#8211; 0034 971 32 22 42\u00a0<\/li>\n<li style=\"font-weight: 400;\" aria-level=\"1\">Fax &#8211; 0034 971 32 27 52\u00a0<\/li>\n<li style=\"font-weight: 400;\" aria-level=\"1\">E-Mail &#8211; rent@formotor.com<\/li>\n<\/ul>\n<ol>\n<li><b> NUTZUNGSBEDINGUNGEN<\/b><\/li>\n<li><b> Einleitung. FORMOTOR<\/b> bietet auf dieser Website Dienstleistungen im Bereich Fahrzeugvermietung an. Durch den Zugriff auf und die Nutzung dieser Website erkl\u00e4ren Sie sich mit den unten aufgef\u00fchrten Bedingungen einverstanden, daher wird empfohlen, dass Sie diesen Abschnitt sorgf\u00e4ltig lesen, bevor Sie mit der Navigation beginnen.\u00a0<\/li>\n<li><b> Pflichten der Benutzer. <\/b>Die Benutzer verpflichten sich, diese Website rechtm\u00e4\u00dfig, in \u00dcbereinstimmung mit den Bestimmungen dieser Bedingungen und in einer Weise zu nutzen, die die Rechte oder Interessen von <b>FORMOTOR<\/b> oder Dritten nicht beeintr\u00e4chtigt. Als Beispiel und in keiner Weise einschr\u00e4nkend oder ausschlie\u00dfend, verpflichtet sich der Nutzer ebenfalls dazu:<\/li>\n<\/ol>\n<ul>\n<li style=\"font-weight: 400;\" aria-level=\"1\">sich nicht an illegalen oder Aktivit\u00e4ten zu beteiligen, die gegen die \u00f6ffentliche Ordnung oder Treu und Glauben versto\u00dfen;<\/li>\n<li style=\"font-weight: 400;\" aria-level=\"1\">die auf der Website ver\u00f6ffentlichten Daten nicht zum Versenden unerw\u00fcnschter Mitteilungen (Spam) zu verwenden.<\/li>\n<li style=\"font-weight: 400;\" aria-level=\"1\">Keine falschen, irref\u00fchrenden, mehrdeutigen oder ungenauen Informationen oder Inhalte auf der Website auf eine Weise einzuf\u00fchren oder zu verbreiten, die die Empf\u00e4nger der Informationen irref\u00fchrt, noch Inhalte rassistischer, fremdenfeindlicher, pornografischer Natur zu verbreiten, die Terrorismus bef\u00fcrworten oder Menschen- oder Minderj\u00e4hrigenrechte angreifen;<\/li>\n<li style=\"font-weight: 400;\" aria-level=\"1\">Keine Handlungen durchzuf\u00fchren, die eine Verletzung von Rechten an geistigem Eigentum von <b>FORMOTOR<\/b> oder Dritten implizieren oder zur Folge haben;<\/li>\n<li style=\"font-weight: 400;\" aria-level=\"1\">Keine Sch\u00e4den an den physischen und logischen Systemen von <b>FORMOTOR<\/b>, seinen Lieferanten oder Dritten zu verursachen;<\/li>\n<li style=\"font-weight: 400;\" aria-level=\"1\">Keine Computerviren in das Netzwerk einzuf\u00fchren oder zu verbreiten und keine anderen physischen oder logischen Systeme zu verwenden, die wahrscheinlich den oben genannten Schaden verursachen.<\/li>\n<li style=\"font-weight: 400;\" aria-level=\"1\">Keine Schutzvorrichtungen oder Sicherheitssysteme, die auf den Seiten dieser Website installiert wurden, zu l\u00f6schen, \u00e4ndern, umgehen oder zu manipulieren.<\/li>\n<\/ul>\n<ol start=\"3\">\n<li><b> Haftungsausschluss. Diese Website wird &#8222;wie besehen&#8220; bereitgestellt und ihre Nutzung erfolgt auf eigenes Risiko des Benutzers, daher haften weder FORMOTOR noch seine Administratoren, Arbeiter, Lieferanten oder Mitarbeiter f\u00fcr direkte oder indirekte Sch\u00e4den jeglicher Art aus der Nutzung des Internets, und FORMOTOR wird ausdr\u00fccklich, im vollen gesetzlich vorgesehenen Umfang von jeder Art von Garantie, ob ausdr\u00fccklich oder stillschweigend, ausgeschlossen.<\/b><\/li>\n<\/ol>\n<p><b>FORMOTOR<\/b> garantiert nicht die Verf\u00fcgbarkeit und Zug\u00e4nglichkeit der Website, wird jedoch alle angemessenen Anstrengungen in dieser Hinsicht unternehmen. Gelegentlich kann es zu Unterbrechungen f\u00fcr die Zeit kommen, die f\u00fcr die Durchf\u00fchrung der entsprechenden Wartungsarbeiten erforderlich ist.<\/p>\n<p><b>FORMOTOR<\/b> ist nicht verantwortlich f\u00fcr m\u00f6gliche Sch\u00e4den, die durch St\u00f6rungen, Unterbrechungen, Computerviren, Telefonausf\u00e4lle oder Telefonunterbrechungen entstehen, die durch Bedingungen verursacht wurden, die au\u00dferhalb der Kontrolle der oben genannten Stelle liegen; von Verz\u00f6gerungen oder Blockaden bei der Nutzung dieses elektronischen Systems, die durch M\u00e4ngel oder \u00dcberlastungen des Rechenzentrums, der Telefonleitungen, des Internetsystems oder anderer elektrischer Systeme verursacht werden; noch von anderen \u00c4nderungen, die in der Software oder Hardware der Benutzer auftreten k\u00f6nnen. Auch die Abwesenheit von Viren, Malware, Trojanern oder anderen Elementen, die Ver\u00e4nderungen im Computersystem, in Dokumenten oder Dateien des Benutzers verursachen k\u00f6nnen wird ebenfalls nicht garantiert, und die Haftung f\u00fcr Sch\u00e4den jeglicher Art, die dem Benutzer aus diesem Grund entstehen, wird ausgeschlossen. In der gleichen Weise haftet <b>FORMOTOR<\/b> nicht f\u00fcr Sch\u00e4den, die von Dritten durch rechtswidrige Eingriffe verursacht werden, die sich ihrer Kontrolle entziehen. <\/p>\n<p>Sie haftet auch nicht f\u00fcr Sch\u00e4den, die durch die Nutzung oder den Missbrauch der Inhalte der Website verursacht werden, noch f\u00fcr die Folgen, die sich aus Fehlern, M\u00e4ngeln oder Auslassungen in den Inhalten ergeben k\u00f6nnen, die auf dieser Website erscheinen und von den Benutzern selbst oder anderen Drittparteien bereitgestellt werden. <b>FORMOTOR<\/b> \u00fcbernimmt keine Verpflichtung oder Verantwortung f\u00fcr Dienste, die sie nicht direkt erbringt.<\/p>\n<ol start=\"4\">\n<li><b> Externe Links. <\/b>In keinem Fall \u00fcbernimmt <b>FORMOTOR<\/b> Verantwortung f\u00fcr die Inhalte der Links, die zu einer Website Dritter geh\u00f6ren, und garantiert auch nicht die technische Verf\u00fcgbarkeit, Qualit\u00e4t, Zuverl\u00e4ssigkeit, Genauigkeit, den Umfang, die Wahrhaftigkeit, G\u00fcltigkeit und Rechtm\u00e4\u00dfigkeit von Materialien oder Informationen, die in einem dieser Hyperlinks oder anderen Seiten des Internets enthalten sind. Ebenso impliziert die Einbeziehung dieser externen Verbindungen keine Art von Verbindung, Fusion oder Beteiligung mit den verbundenen Unternehmen.\u00a0<\/li>\n<li><b> Zugriffsverweigerung und L\u00f6schung von Konten. FORMOTOR<\/b> beh\u00e4lt sich das Recht vor, den Zugang zur Website zu verweigern sowie die Konten von Benutzern zu sperren oder zu l\u00f6schen, die diese Bedingungen nicht einhalten; bei unvorhergesehenen technischen oder Sicherheitsproblemen; Kontoinaktivit\u00e4t f\u00fcr einen betr\u00e4chtlichen Zeitraum; oder in Erf\u00fcllung einer Anfrage und\/oder einer polizeilichen, gerichtlichen oder beh\u00f6rdlichen Anordnung.<\/li>\n<\/ol>\n<p>Eine solche Stornierung oder Aussetzung erfolgt nach alleinigem Ermessen von <b>FORMOTOR<\/b> und f\u00fchrt zu keiner Art von Entsch\u00e4digung.<\/p>\n<ol start=\"6\">\n<li><b> Ver\u00f6ffentlichung von Blogs, Foren und Kommentaren.<\/b> Die Nutzung der auf der Website zur Verf\u00fcgung gestellten Partizipationsfunktionen erfolgt in eigener Verantwortung der Nutzer. In \u00dcbereinstimmung mit den Bestimmungen von Art. 16.1 des Gesetzes 34\/2002 vom 11. Juli \u00fcber Dienste der Informationsgesellschaft und des elektronischen Gesch\u00e4ftsverkehrs, ist <b>FORMOTOR<\/b> nicht verantwortlich f\u00fcr die auf Anfrage von Benutzern gespeicherten Informationen und insbesondere f\u00fcr die ge\u00e4u\u00dferten Meinungen, noch f\u00fcr die Genauigkeit, Qualit\u00e4t, Zuverl\u00e4ssigkeit und Richtigkeit der Informationen, die Benutzer aufnehmen. <b>FORMOTOR<\/b> beh\u00e4lt sich das Recht vor, alle Kommentare und Beitr\u00e4ge zur\u00fcckzuziehen oder nicht zu ver\u00f6ffentlichen, die gegen diese Nutzungsbedingungen versto\u00dfen, insbesondere solche, die die Achtung der Menschenw\u00fcrde verletzen, die diskriminierend, fremdenfeindlich, rassistisch, pornographisch sind, die gegen Minderj\u00e4hrige, die Ordnung oder \u00f6ffentliche Sicherheit gerichtet sind oder die ihrer Meinung nach nicht angemessen sind.<\/li>\n<li><b> Verarbeitung personenbezogener Daten. <\/b>Die Benutzer stimmen der Verarbeitung ihrer personenbezogenen Daten in dem Umfang und zu den Bedingungen zu, die in unserer Datenschutzrichtlinie angegeben und auf der Homepage der Website verf\u00fcgbar sind und auch durch Bezugnahme in diese Bedingungen aufgenommen wurden. In dieser Richtlinie finden Benutzer Informationen dar\u00fcber, wie sie ihre Rechte auf Zugang, L\u00f6schung und Berichtigung ihrer personenbezogenen Daten aus\u00fcben sowie sich gegen deren Verarbeitung wehren k\u00f6nnen.<\/li>\n<li><b> Geistiges Eigentum und Urheberrecht. <\/b>Unbeschadet der Inhalte, die von den Benutzern selbst bereitgestellt werden oder an denen Dritte geistige Rechte besitzen, sind die geistigen Eigentumsrechte der Website, des Domainnamens, seines Quellcodes, seiner Gestaltung und seiner Navigationsstruktur und der darin enthaltenen Elemente (durch aussagekr\u00e4ftige Titel, Bilder, Ton, Audio, Video, Software oder Texte; Warenzeichen oder Logos, Farbkombinationen, Struktur und Design usw.) Eigentum von <b>FORMOTOR<\/b>, der die ausschlie\u00dfliche Aus\u00fcbung der Verwertungsrechte derselben in jeglicher Form und insbesondere der Rechte der Vervielf\u00e4ltigung, Verbreitung, \u00f6ffentlichen Wiedergabe und Umwandlung gem\u00e4\u00df den Bestimmungen des geltenden Gesetzes \u00fcber geistiges Eigentum zusteht. Die Vervielf\u00e4ltigung, Verbreitung und \u00f6ffentliche Wiedergabe, einschlie\u00dflich ihrer Art der Zug\u00e4nglichmachung, des gesamten oder eines Teils des Inhalts dieser Website in jedem Medium und mit jedem technischen Mittel ohne die Genehmigung von <b>FORMOTOR<\/b> oder gegebenenfalls von Dritten, die die geistigen oder urheberrechtlichen Eigentumsrechte an den betroffenen Inhalten besitzen sind ausdr\u00fccklich verboten. Ungeachtet des Vorstehenden kann der Nutzer der Website sich die Elemente des Portals nur ansehen und auch ausdrucken, kopieren und auf der Festplatte seines Computers oder einer anderen Hardware speichern, wenn diese ausschlie\u00dflich f\u00fcr den privaten und pers\u00f6nlichen Gebrauch vorgesehen sind. Jene Stellen oder Personen, die mit vorheriger Genehmigung des Eigent\u00fcmers dieser Website beabsichtigen, einen Link zu ihr herzustellen, m\u00fcssen garantieren, dass sie nur den Zugriff auf diese Website oder diesen Dienst erm\u00f6glichen, aber dass sie ihre Inhalte und Dienste nicht reproduzieren.<\/li>\n<li><b> Nichtigkeit der Klauseln. <\/b>F\u00fcr den Fall, dass eine Klausel dieser Nutzungsbedingungen f\u00fcr nichtig erkl\u00e4rt wird, wirkt sich dies nur auf diese Bestimmung oder den so erkl\u00e4rten Teil aus, sodass die Bedingungen in allem anderen fortbestehen und eine solche Bestimmung oder den betroffenen Teil nicht enth\u00e4lt .<\/li>\n<li><b> Annahme. <\/b>Der Zugriff auf die Website und ihre Nutzung implizieren zwangsl\u00e4ufig, dass Sie alle diese Nutzungsbedingungen ausdr\u00fccklich akzeptieren.\u00a0<\/li>\n<li><b> Anwendbares Recht und Gerichtsstand. <\/b>Unbeschadet der den Verbrauchern durch das K\u00f6nigliche Gesetzesdekret 1\/2007 vom 16. November anerkannten Rechte unterliegt diese Website dem spanischen Recht, mit Ausnahme der Kollisionsnormen und alle Streitigkeiten, die sich aus ihrer Nutzung oder den verlinkten Diensten ergeben k\u00f6nnen, unterliegen der Rechtsprechung und Zust\u00e4ndigkeit der zust\u00e4ndigen Gerichte und Gerichtsh\u00f6fe, die an der Adresse des Eigent\u00fcmers der Website zust\u00e4ndig sind, wobei die Benutzer ausdr\u00fccklich auf ihre eigene Gerichtsbarkeit verzichten, falls eine solche vorhanden ist.<\/li>\n<\/ol>\n<p>Die Europ\u00e4ische Kommission stellt eine Plattform zur Online-Streitbeilegung f\u00fcr Verbraucher bereit, die Sie unter folgendem Link erreichen: https:\/\/webgate.ec.europa.eu\/odr\/main\/index.cfm?event=main.home.chooseLanguage<\/p>\n<p>Version 1.0 \u2013 Dezember 2017<\/p>\n<\/div>\n","protected":false},"excerpt":{"rendered":"<p>Der Zugriff auf die Website www.formotor.com weist den Zustand des BENUTZERS zu und impliziert die vollst\u00e4ndige und vorbehaltlose Annahme dieses [&hellip;]<\/p>\n","protected":false},"author":1,"featured_media":0,"parent":0,"menu_order":0,"comment_status":"closed","ping_status":"closed","template":"","meta":{"_acf_changed":false,"footnotes":""},"class_list":["post-18227","page","type-page","status-publish","hentry"],"acf":[],"_links":{"self":[{"href":"https:\/\/formotor.com\/de\/wp-json\/wp\/v2\/pages\/18227","targetHints":{"allow":["GET"]}}],"collection":[{"href":"https:\/\/formotor.com\/de\/wp-json\/wp\/v2\/pages"}],"about":[{"href":"https:\/\/formotor.com\/de\/wp-json\/wp\/v2\/types\/page"}],"author":[{"embeddable":true,"href":"https:\/\/formotor.com\/de\/wp-json\/wp\/v2\/users\/1"}],"replies":[{"embeddable":true,"href":"https:\/\/formotor.com\/de\/wp-json\/wp\/v2\/comments?post=18227"}],"version-history":[{"count":2,"href":"https:\/\/formotor.com\/de\/wp-json\/wp\/v2\/pages\/18227\/revisions"}],"predecessor-version":[{"id":18432,"href":"https:\/\/formotor.com\/de\/wp-json\/wp\/v2\/pages\/18227\/revisions\/18432"}],"wp:attachment":[{"href":"https:\/\/formotor.com\/de\/wp-json\/wp\/v2\/media?parent=18227"}],"curies":[{"name":"wp","href":"https:\/\/api.w.org\/{rel}","templated":true}]}}