{"id":18226,"date":"2022-03-03T11:55:36","date_gmt":"2022-03-03T10:55:36","guid":{"rendered":"https:\/\/formotor.com\/formotor-rent-allgemeine-buchungsbedingungen\/"},"modified":"2025-08-14T10:00:21","modified_gmt":"2025-08-14T09:00:21","slug":"formotor-rent-allgemeine-buchungsbedingungen","status":"publish","type":"page","link":"https:\/\/formotor.com\/de\/formotor-rent-allgemeine-buchungsbedingungen\/","title":{"rendered":"Formotor Rent\/ Allgemeine Buchungsbedingungen"},"content":{"rendered":"<div class=\"wpb-content-wrapper\"><p>[vc_row][vc_column width=&#8220;1\/1&#8243;][vc_column_text uncode_shortcode_id=&#8220;261829&#8243;]<\/p>\n<div style=\"text-align: justify;\">\n<h2><u>EINLEITUNG<\/u><\/h2>\n<p>Diese Allgemeinen Gesch\u00e4ftsbedingungen gelten f\u00fcr Buchungen, die \u00fcber die Website www.formotor.com (im Folgenden \u201eWebsite\u201c) verarbeitet werden, und stellen einen Vertrag dar, zwischen Ihnen (im Folgenden \u201eder Kunde\u201c) und:<\/p>\n<p>FORMENTERA MOTOR, S.L. (im Folgenden FORMOTOR)<\/p>\n<p>Adresse: La Savina, 07870 Formentera (Balearische Inseln), Spanien<\/p>\n<p>CIF: B07609951<\/p>\n<p>Tel. B\u00fcro La Savina &#8211; 0034 971 32 29 29<\/p>\n<p>Tel. B\u00fcro Es Cal\u00f3 &#8211; 0034 971 32 70 48<\/p>\n<p>Tel. Werkstatt &#8211; 0034 971 32 22 42<\/p>\n<p>Fax &#8211; 0034 971 32 27 52<\/p>\n<p>E-Mail &#8211; rent@formotor.com<\/p>\n<p>Die Anfrage und Bearbeitung von Buchungen auf dieser Website impliziert die vollst\u00e4ndige und bedingungslose Annahme der rechtlichen Hinweise, der Nutzungsbedingungen und der Datenschutzrichtlinie der Website, zusammen mit den Tarifbedingungen und diesen allgemeinen Vertragsbedingungen der Website, in ihrer neuesten Version. Aus diesem Grund empfehlen wir Ihnen, diese Bedingungen zu lesen, bevor Sie Ihre Buchung anfordern oder formalisieren und jedes Mal, wenn Sie auf unsere Website zugreifen, da wir uns das Recht vorbehalten, Teile davon jederzeit zu \u00e4ndern, zu modifizieren, hinzuzuf\u00fcgen oder zu streichen.<\/p>\n<p><b>GESETZLICHE REGELUNG<\/b><\/p>\n<p>Diese Allgemeinen Gesch\u00e4ftsbedingungen unterliegen den Bestimmungen des Gesetzes 7\/1998 vom 13. April \u00fcber Allgemeine Vertragsbedingungen, des K\u00f6niglichen Gesetzesdekrets 1\/2007 vom 16. November, das den konsolidierten Text des Allgemeinen Gesetzes zum Schutz der Verbraucher und Nutzer und andere erg\u00e4nzende Gesetze genehmigt, des Gesetzes 34\/2002 vom 11. Juli \u00fcber Dienstleistungen der Informationsgesellschaft und des elektronischen Gesch\u00e4ftsverkehrs sowie allen anwendbaren touristischen Vorschriften und erg\u00e4nzend dem B\u00fcrgerlichen Gesetzbuch und dem Handelsgesetzbuch.<\/p>\n<p><b>KLAUSELN<\/b><\/p>\n<p>Die Formalisierung von Buchungen \u00fcber die Website unterliegt den folgenden Klauseln:<\/p>\n<ol>\n<li><b> Erkl\u00e4rungen:<\/b> Der Kunde erkl\u00e4rt:<\/li>\n<\/ol>\n<ol>\n<li style=\"font-weight: 400;\" aria-level=\"1\">Er ist vollj\u00e4hrig, voll gesch\u00e4ftsf\u00e4hig, um die Buchung vornehmen zu k\u00f6nnen und erkl\u00e4rt, von allen Bedingungen auf der Website Kenntnis genommen zu haben.<\/li>\n<li style=\"font-weight: 400;\" aria-level=\"1\">Die bei der Formalisierung der Buchung gemachten Angaben sind wahrheitsgem\u00e4\u00df und vollst\u00e4ndig.<\/li>\n<li style=\"font-weight: 400;\" aria-level=\"1\">Er best\u00e4tigt die gew\u00fcnschte Buchung und insbesondere die angegebenen Daten und die Anzahl der Personen.<\/li>\n<\/ol>\n<ol start=\"2\">\n<li><b> Web-Zugang:<\/b> Der Zugang zu dieser Website liegt in der Verantwortung des Kunden.<\/li>\n<li><b> Buchung:<\/b><\/li>\n<\/ol>\n<p><b>3.1.<\/b> Die detaillierten Leistungen sind in der Buchung gem\u00e4\u00df den Tarifbedingungen enthalten, die auf der Seite angegeben sind, auf der die Buchung angefordert oder formalisiert wird. Diese Vertragsbedingungen m\u00fcssen zusammen mit diesen allgemeinen Gesch\u00e4ftsbedingungen von Ihnen akzeptiert werden, bevor Sie die Buchung formalisieren. Der Vertrag kann g\u00fcltig in Spanisch und in den anderen auf der Website verf\u00fcgbaren Sprachen formalisiert werden. Im Falle einer Abweichung zwischen den \u00fcbersetzten Versionen dieser Bedingungen ist die spanische Version ma\u00dfgebend.<\/p>\n<p><b>3.2.<\/b> Der Kunde akzeptiert, dass FORMOTOR keine Verpflichtung oder Verantwortung in Bezug auf Dienstleistungen \u00fcbernimmt, die nicht direkt von ihr erbracht werden, insbesondere in Bezug auf mangelnde Richtigkeit, Unvollst\u00e4ndigkeit, fehlende Aktualisierung und\/oder Ungenauigkeit der Daten oder Informationen zu Angeboten, Preisen, Eigenschaften und alle anderen relevanten Daten und Informationen zu Produkten oder Dienstleistungen externer Anbieter, die \u00fcber das Web beworben oder gebucht werden k\u00f6nnen. Ebenso ist FORMOTOR von jeglicher Haftung befreit, die sich aus der Nichteinhaltung oder mangelhaften Einhaltung der Verpflichtungen aus ihren vertraglichen Verpflichtungen oder aus den geltenden Vorschriften durch solche Anbieter ergibt.<\/p>\n<p><b>3.3.<\/b> Online-Buchungen: Der Prozess der Formalisierung von Online-Buchungen folgt diesen Schritten:<\/p>\n<p>Schritt 1. Buchungsinfo: Buchungsdetails<\/p>\n<p>Schritt 2. Bedingungen: Annahme der rechtlichen Bedingungen.<\/p>\n<p>Schritt 3. Personenbezogene Angaben.<\/p>\n<p>Schritt 4. Best\u00e4tigung und Zahlung.<\/p>\n<p>Sobald die Buchung vorgenommen wurde, wird eine Best\u00e4tigung per E-Mail an die vom Kunden angegebene Kontaktadresse gesendet.<\/p>\n<p>Sofern in den Tarifbedingungen nicht anders angegeben, gilt die Buchung erst als verbindlich, wenn der vereinbarte Preis oder die Anzahlung geleistet wurde.<\/p>\n<p><b>3.4.<\/b> Reservierungen auf Anfrage (Reservierungen auf Anfrage): F\u00fcr Produkte oder Dienstleistungen, die nur auf Anfrage reserviert werden k\u00f6nnen, gilt, sofern in den Tarifbedingungen nichts anderes bestimmt ist, die blo\u00dfe Anfrage nach Verf\u00fcgbarkeit nicht als Vertragsabschluss der Reservierung, sofern die angegebenen Bedingungen auf der Seite, auf der die Anfrage formuliert wurde, nicht erf\u00fcllt sind sowie deren wirksame Best\u00e4tigung durch FORMOTOR erfolgt ist.<\/p>\n<p><b>3.5.<\/b> Fehler in der Dateneingabe k\u00f6nnen bei jedem Buchungsschritt \u00fcber die \u201eZur\u00fcck\u201c-Schaltfl\u00e4che des Browsers korrigiert werden. Ebenso werden die Buchungsdaten in der Best\u00e4tigungsmail noch einmal zusammengefasst. Bei Feststellung von Fehlern muss der Benutzer unverz\u00fcglich die entsprechenden Korrekturen bei FORMOTOR anfordern, indem er eine E-Mail an rent@formotor.com sendet<\/p>\n<ol start=\"4\">\n<li><b> Bedingungen und Hinweise:<\/b><\/li>\n<\/ol>\n<p>Das Fahrzeug darf nur vom Mieter selbst oder von den auf der Grundlage dieses Vertrags ausdr\u00fccklich bevollm\u00e4chtigten Personen gefahren werden, deren Mindestalter 23 Jahre betr\u00e4gt und die Inhaber und im Besitz einer g\u00fcltigen und aktuellen Fahrerlaubnis sind, bei Allradfahrzeugen seit mindestens 3 Jahren im Besitz dieser sind. Zur Miete von Scootern mit einem Hubraum von 125 ccm ist der Besitz einer Fahrerlaubnis der Klasse A1 oder vollendete 3 Jahre mit einer Fahrerlaubnis der Kategorie B.<\/p>\n<p><b>4.1<\/b> Obligatorische Dokumente<\/p>\n<ol>\n<li style=\"font-weight: 400;\" aria-level=\"1\">G\u00fcltiger F\u00fchrerschein im Original<\/li>\n<li style=\"font-weight: 400;\" aria-level=\"1\">Kreditkarte auf den Namen des Fahrers als Kaution. Kreditkarten von DINERS CLUB und AMERICAN EXPRESS werden nicht als Kaution akzeptiert.<\/li>\n<\/ol>\n<p><b>4.2<\/b> Selbstbeteiligung<\/p>\n<p>Dabei handelt es sich um den Betrag, bis zu dem der Mieter auf seine Kosten die w\u00e4hrend der Mietzeit oder durch Unfall am Fahrzeug entstandenen Sch\u00e4den jeglicher Art und Bedingung tr\u00e4gt.<\/p>\n<p>Die Selbstbeteiligung wird bei Anmietungen von weniger als 7 Tagen auf der Kreditkarte gesperrt und bei Anmietungen von mehr als 7 Tagen direkt mit der entsprechenden Zahlung bei der R\u00fcckgabe des Fahrzeugs belastet, immer gegeben dem Fall, dass dieses im gleichen Zustand wie zum Zeitpunkt der \u00dcbergabe zur\u00fcckgegeben wird.<\/p>\n<table border=\"1\" cellspacing=\"0\" cellpadding=\"5\">\n<tbody>\n<tr>\n<th><\/th>\n<th colspan=\"4\">Autos<\/th>\n<th>Motorr\u00e4der<\/th>\n<\/tr>\n<tr>\n<td>Gruppe<\/td>\n<td>A\/B\/BX<\/td>\n<td>B+\/C<\/td>\n<td>A+\/F\/F+\/G\/J\/J+\/J2+<\/td>\n<td>Jeeps &amp; Elektro K\/K+\/KA\/KA+\/K2A+\/B0+\/C0+\/I0*<\/td>\n<td>Z\/U\/Y<\/td>\n<\/tr>\n<tr>\n<td>Selbstbeteiligung<\/td>\n<td>500\u20ac<\/td>\n<td>700\u20ac<\/td>\n<td>900\u20ac<\/td>\n<td>1500\u20ac<\/td>\n<td>300\u20ac<\/td>\n<\/tr>\n<\/tbody>\n<\/table>\n<p>&gt; Elektrofahrzeuge 600\u20ac zus\u00e4tzlich bei Verlust des Ladeger\u00e4ts.<\/p>\n<p><b>4.3<\/b> Superversicherung (Optional)<br \/>\nEs handelt sich hierbei um einen optionalen Service, der den Mieter bei Vertragsabschluss von der Zahlung des Betrags auf seine Kosten (Selbstbeteiligung) f\u00fcr Sch\u00e4den und\/oder Verluste befreit, die am Fahrzeug verursacht wurden, mit Ausnahme von Ausschl\u00fcssen (untere Teile, D\u00e4cher, Fenster, jegliche fehlenden Teile im Innenraum).<\/p>\n<table border=\"1\" cellspacing=\"0\" cellpadding=\"5\">\n<tbody>\n<tr>\n<th rowspan=\"2\">Gruppe<\/th>\n<th colspan=\"3\">Autos<\/th>\n<th rowspan=\"2\">Motorr\u00e4der<\/th>\n<\/tr>\n<tr>\n<td>A\/B\/BX<\/td>\n<td>B+\/C<\/td>\n<td>A+\/F\/F+\/G\/J\/J+\/J2+<\/td>\n<\/tr>\n<tr>\n<td>Superversicherung 1 Tag<\/td>\n<td>15\u20ac<\/td>\n<td>19\u20ac<\/td>\n<td>28\u20ac<\/td>\n<td>15\u20ac<\/td>\n<\/tr>\n<tr>\n<td>Superversicherung 2 oder mehr Tage<\/td>\n<td>12,40\u20ac\/Tag<\/td>\n<td>16,65\u20ac\/Tag<\/td>\n<td>24,95\u20ac\/Tag<\/td>\n<td>6\u20ac\/Tag<\/td>\n<\/tr>\n<\/tbody>\n<\/table>\n<p><strong>Windschutzscheiben- und Reifenschutz (optional)<\/strong><br \/>\nWindschutzscheibenschutz, Kristalle, Lichter und Reifen. Preis: 30,25 \u20ac pro Miete.<\/p>\n<p><b>4.4<\/b> Geb\u00fchren (Optional)<\/p>\n<p>Kindersitz\/Maxicosi\/Sitzerh\u00f6hung: Preis 3,00 Euro\/Tag mit einem H\u00f6chstbetrag von 30,00 Euro.<\/p>\n<p>Zusatzfahrer: Preis 3 \u20ac\/Tag, maximal 30 \u20ac.<\/p>\n<p>\u00dcbergabe au\u00dferhalb der Gesch\u00e4ftszeiten: 30 \u20ac*<\/p>\n<ul>\n<li>Wir \u00fcbergeben maximal bis zur Ankunft der F\u00e4hre, um 23:30 Uhr.<\/li>\n<\/ul>\n<p>\u00dcbergabe\/Abholung zu Hause: 20 \u20ac\/Strecke<\/p>\n<p><b>4.5<\/b> Kraftstoffpolitik<\/p>\n<p>Das Fahrzeug muss mit dem gleichen Tankstand wie zum Zeitpunkt der Anmietung zur\u00fcckgegeben werden. Andernfalls wird Ihnen der fehlende Tankbetrag zuz\u00fcglich eines Aufpreises f\u00fcr den Betankungsservice nach aktuellem Tarif und abh\u00e4ngig von der Fahrzeuggruppe in Rechnung gestellt. In jedem Fall wird eine Geb\u00fchr von 150 \u20ac f\u00fcr die nicht bestimmungsgem\u00e4\u00dfe Verwendung von Kraftstoff erhoben, die vom Kunden\/Mieter zu tragen sind.<\/p>\n<p>Die Betankungsgeb\u00fchr betr\u00e4gt 5 \u20ac f\u00fcr 2-Rad-Fahrzeuge und 15 \u20ac f\u00fcr 4-Rad-Fahrzeuge.<\/p>\n<p>Im Falle der R\u00fcckgabe des Fahrzeugs mit mehr Kraftstoff als dem urspr\u00fcnglichen Betrag wird dieser Betrag auf der Grundlage des zu diesem Zeitpunkt geltenden Marktpreises f\u00fcr Kraftstoff zur\u00fcckerstattet.<\/p>\n<p><b>4.6<\/b> Geb\u00fchren, Folge einer nicht bestimmungsgem\u00e4\u00dfen Verwendung des Fahrzeugs:<\/p>\n<ol>\n<li style=\"font-weight: 400;\" aria-level=\"1\">Verlust des Helms 50 ccm: 21 \u20ac<\/li>\n<li style=\"font-weight: 400;\" aria-level=\"1\">Verlust des Helms 125 ccm: 40 \u20ac<\/li>\n<li style=\"font-weight: 400;\" aria-level=\"1\">Verlorene oder nicht codierte Schl\u00fcssel von Scootern mit 50 ccm: 20 \u20ac.<\/li>\n<li style=\"font-weight: 400;\" aria-level=\"1\">Verlorener codierter Scooterschl\u00fcssel bis 125 ccm: 90 \u20ac.<\/li>\n<li style=\"font-weight: 400;\" aria-level=\"1\">Verlorener Fahrradschlossschl\u00fcssel: 6 \u20ac.<\/li>\n<li style=\"font-weight: 400;\" aria-level=\"1\">Verlust des Vorh\u00e4ngeschlosses: 12 \u20ac.<\/li>\n<li style=\"font-weight: 400;\" aria-level=\"1\">Verlorener Autoschl\u00fcssel: Preis nach Herstellerkosten.<\/li>\n<li style=\"font-weight: 400;\" aria-level=\"1\">Unsachgem\u00e4\u00dfer Kraftstoffverbrauch bei Allradfahrzeugen: 150 \u20ac.<\/li>\n<li style=\"font-weight: 400;\" aria-level=\"1\">Reisekosten bei Schl\u00fcsselverlust: 15 \u20ac.<\/li>\n<li style=\"font-weight: 400;\" aria-level=\"1\">Fahrzeug\u00fcberf\u00fchrung mit Abschleppwagen: 80 \u20ac.<\/li>\n<li style=\"font-weight: 400;\" aria-level=\"1\">R\u00fcckgabe des Fahrzeugs mit nassen Sitzen; 50 \u20ac.<\/li>\n<li style=\"font-weight: 400;\" aria-level=\"1\">\u00dcbergabe au\u00dferhalb der B\u00fcrozeiten: 30 \u20ac.<\/li>\n<li style=\"font-weight: 400;\" aria-level=\"1\">Zus\u00e4tzliche Reinigung bei R\u00fcckgabe des Fahrzeugs aufgrund EXTREMER Verschmutzung: 70 \u20ac<\/li>\n<li style=\"font-weight: 400;\" aria-level=\"1\">Spiegel Vespa primavera\/ LX: 70 \u20ac.<\/li>\n<li style=\"font-weight: 400;\" aria-level=\"1\">Spiegel Scooter 50 ccm: 30 \u20ac.<\/li>\n<\/ol>\n<p><b>4.6<\/b> Fahrzeug\u00fcbergabe \/ R\u00fcckgabe<\/p>\n<p>Zum Zeitpunkt der \u00dcbergabe des Fahrzeugs stellt das Unternehmen dem Kunden eine Auflistung \u00fcber den Anfangszustand des Fahrzeugs zur Verf\u00fcgung, in dem alle kleinen Sch\u00e4den, die das Fahrzeug aufweisen kann, zu sehen sind, ebenso wie der Tankstand und die Kilometeranzeige, die der Kunde unterzeichnen und dem Mietvertrag beif\u00fcgen muss, wobei er mit seiner Unterschrift den urspr\u00fcnglichen Zustand des Fahrzeugs akzeptiert, der gemeinsam \u00fcberpr\u00fcft werden kann, wenn der Kunde dies w\u00fcnscht. Am letzten Tag, wird das Unternehmen den Zustand des Fahrzeugs zum Zeitpunkt der R\u00fcckgabe noch einmal \u00fcberpr\u00fcfen, um sich \u00fcber seinen Zustand zu informieren. Der Kunde kann eine Kopie des \u00dcberpr\u00fcfungsberichts anfordern, in der das Vorhandensein oder Nichtvorhandensein von Sch\u00e4den und deren Einzelheiten angegeben sind.<\/p>\n<ol start=\"5\">\n<li><b> Preis und Zahlung:<\/b><\/li>\n<\/ol>\n<p><b>5.1.<\/b> Die Bedingungen, der Preis der Dienstleistungen und die akzeptierten Zahlungsmethoden sind diejenigen, die ausdr\u00fccklich auf der Seite angegeben sind, auf der Sie die Buchung vornehmen.<\/p>\n<p>Der Kunde erm\u00e4chtigt FORMOTOR ausdr\u00fccklich, die in den Tarifbedingungen vorgesehenen Geb\u00fchren zu erheben, beispielsweise, um m\u00f6gliche Strafen f\u00fcr versp\u00e4tete Stornierung oder Nichtvorlage zu ber\u00fccksichtigen, und akzeptiert, dass die Daten des von ihm angegebenen Zahlungsmittels zur Berechnung der entsprechenden Geb\u00fchren verwendet werden.<\/p>\n<p><b>5.2.<\/b> Die Aktionen und Angebote sind nur g\u00fcltig, solange sie f\u00fcr die Empf\u00e4nger des Dienstes zug\u00e4nglich bleiben.<\/p>\n<p><b>5.3.<\/b> Sofern nicht ausdr\u00fccklich anders angegeben, verstehen sich die Preise auf <a href=\"http:\/\/www.cicerone.com\">der<\/a> Website als Einzelhandelspreise, inklusive Mehrwertsteuer (21 %). Die Transaktion wird unabh\u00e4ngig von der Herkunft des Kunden in EURO durchgef\u00fchrt.<\/p>\n<ol start=\"6\">\n<li><b> \u00c4nderung oder Stornierung von Reservierungen:<\/b> Sofern in den Tarifbedingungen auf der Seite, auf der die Reservierung angefordert oder formalisiert wird, nichts anderes angegeben ist, k\u00f6nnen Sie Ihre Reservierung bis zu 48 Stunden vor Abholung des Fahrzeugs kostenlos stornieren.<\/li>\n<\/ol>\n<p>Erfolgt die Stornierung innerhalb von 48 Stunden vor dem Tag der Abholung des Fahrzeugs, werden 50 % der Anzahlung einbehalten.<\/p>\n<p>Bei einer Stornierung weniger als 24 Stunden vor Fahrzeugabholung werden 100 % der Anzahlung einbehalten.<\/p>\n<ol start=\"7\">\n<li><b> R\u00fccktrittsrecht:<\/b> Im Zuge der Bestimmungen von Artikel 97.1.i) RDL 1\/2007 werden Sie dar\u00fcber informiert, dass Sie gem\u00e4\u00df den Bestimmungen von Artikel 103 l) des oben genannten K\u00f6niglichen Gesetzesdekrets kein Widerrufsrecht haben.<\/li>\n<li><b> Nichtigkeit der Klauseln: <\/b>Wenn eine oder mehrere der in diesen Allgemeinen Bedingungen enthaltenen Klauseln ganz oder teilweise f\u00fcr nichtig oder unwirksam erkl\u00e4rt wurden, betrifft dies nur diese Bestimmung oder den Teil, der als solcher erkl\u00e4rt wurde, wobei die Allgemeinen Bedingungen in allem anderen bestehen bleiben, wenn sie eine solche Bestimmung haben, oder der betroffene Teil, weil er nicht aufgenommen wurde.<\/li>\n<li><b> Annahme: <\/b>Die Anfrage und die Formalisierung der Reservierung implizieren zwangsl\u00e4ufig, dass jede einzelne dieser allgemeinen Bedingungen, die als integraler Bestandteil der Reservierung betrachtet und mit den Tarifbedingungen und den spezifischen geltenden Gesetzen erg\u00e4nzt werden, von Ihnen ausdr\u00fccklich akzeptiert wird.<\/li>\n<li><b> Anwendbares Recht und Gerichtsstand: <\/b>Dieser Vertrag unterliegt spanischem Recht unter Ausschluss der Kollisionsnormen. Unbeschadet der Rechte, die den Verbrauchern in Bezug auf die gerichtliche Zust\u00e4ndigkeit durch das K\u00f6nigliche Gesetzesdekret 1\/2007 vom 16. November zuerkannt wurden, werden alle Streitigkeiten, die sich aus der Nutzung der Website oder der damit verbundenen Dienste ergeben k\u00f6nnen, der Gerichtsbarkeit und Zust\u00e4ndigkeit der f\u00fcr den Sitz von FORMOTOR zust\u00e4ndigen Gerichte und Gerichtsh\u00f6fe unterworfen, wobei der Kunde ausdr\u00fccklich auf seine eigene Gerichtsbarkeit verzichtet, falls vorhanden.<\/li>\n<\/ol>\n<p>Version 1.1 \u2013 April 2025<\/p>\n<\/div>\n<p>[\/vc_column_text][\/vc_column][\/vc_row]<\/p>\n<\/div>","protected":false},"excerpt":{"rendered":"<p>[vc_row][vc_column width=&#8220;1\/1&#8243;][vc_column_text uncode_shortcode_id=&#8220;261829&#8243;] EINLEITUNG Diese Allgemeinen Gesch\u00e4ftsbedingungen gelten f\u00fcr Buchungen, die \u00fcber die Website www.formotor.com (im Folgenden \u201eWebsite\u201c) verarbeitet werden, [&hellip;]<\/p>\n","protected":false},"author":1,"featured_media":0,"parent":0,"menu_order":0,"comment_status":"closed","ping_status":"closed","template":"","meta":{"_acf_changed":false,"footnotes":""},"class_list":["post-18226","page","type-page","status-publish","hentry"],"acf":[],"_links":{"self":[{"href":"https:\/\/formotor.com\/de\/wp-json\/wp\/v2\/pages\/18226","targetHints":{"allow":["GET"]}}],"collection":[{"href":"https:\/\/formotor.com\/de\/wp-json\/wp\/v2\/pages"}],"about":[{"href":"https:\/\/formotor.com\/de\/wp-json\/wp\/v2\/types\/page"}],"author":[{"embeddable":true,"href":"https:\/\/formotor.com\/de\/wp-json\/wp\/v2\/users\/1"}],"replies":[{"embeddable":true,"href":"https:\/\/formotor.com\/de\/wp-json\/wp\/v2\/comments?post=18226"}],"version-history":[{"count":6,"href":"https:\/\/formotor.com\/de\/wp-json\/wp\/v2\/pages\/18226\/revisions"}],"predecessor-version":[{"id":19719,"href":"https:\/\/formotor.com\/de\/wp-json\/wp\/v2\/pages\/18226\/revisions\/19719"}],"wp:attachment":[{"href":"https:\/\/formotor.com\/de\/wp-json\/wp\/v2\/media?parent=18226"}],"curies":[{"name":"wp","href":"https:\/\/api.w.org\/{rel}","templated":true}]}}