{"id":18221,"date":"2022-03-03T13:04:50","date_gmt":"2022-03-03T12:04:50","guid":{"rendered":"https:\/\/formotor.com\/was-uns-von-anderen-unterscheidet\/"},"modified":"2022-07-01T11:11:54","modified_gmt":"2022-07-01T10:11:54","slug":"was-uns-von-anderen-unterscheidet","status":"publish","type":"page","link":"https:\/\/formotor.com\/de\/was-uns-von-anderen-unterscheidet\/","title":{"rendered":"Was uns von anderen unterscheidet"},"content":{"rendered":"<div class=\"wpb-content-wrapper\"><p>[vc_row row_height_percent=&#8220;0&#8243; override_padding=&#8220;yes&#8220; h_padding=&#8220;2&#8243; top_padding=&#8220;0&#8243; bottom_padding=&#8220;0&#8243; back_image=&#8220;11816&#8243; back_repeat=&#8220;no-repeat&#8220; back_position=&#8220;right center&#8220; overlay_alpha=&#8220;50&#8243; gutter_size=&#8220;3&#8243; column_width_percent=&#8220;100&#8243; shift_y=&#8220;0&#8243; z_index=&#8220;0&#8243; uncode_shortcode_id=&#8220;318145&#8243; el_id=&#8220;featured-title&#8220;][vc_column width=&#8220;1\/2&#8243;][vc_custom_heading text_color=&#8220;color-blue-formotor&#8220; heading_semantic=&#8220;h4&#8243; text_size=&#8220;h4&#8243; uncode_shortcode_id=&#8220;182312&#8243; text_color_type=&#8220;uncode-palette&#8220;]Wir arbeiten hart, damit Sie unbeschwert genie\u00dfen k\u00f6nnen[\/vc_custom_heading][vc_column_text text_color=&#8220;color-blue-formotor&#8220; uncode_shortcode_id=&#8220;377096&#8243; text_color_type=&#8220;uncode-palette&#8220;]<\/p>\n<div class=\"about-us-title-divider\"><\/div>\n<p>Unsere Firma Formotor arbeitet das ganze Jahr \u00fcber, um Ihnen Motorroller und\/oder Autos zum besten Mietpreis anbieten zu k\u00f6nnen und das Fahrzeug zu finden, das Ihren Bed\u00fcrfnissen am besten entspricht.[\/vc_column_text][vc_custom_heading text_color=&#8220;color-blue-light-2-formotor&#8220; heading_semantic=&#8220;h6&#8243; text_size=&#8220;h6&#8243; uncode_shortcode_id=&#8220;307486&#8243; text_color_type=&#8220;uncode-palette&#8220;]Ihre Zufriedenheit ist unsere Priorit\u00e4t[\/vc_custom_heading][\/vc_column][vc_column width=&#8220;1\/2&#8243;][\/vc_column][\/vc_row][vc_row][vc_column width=&#8220;1\/1&#8243;][uncode_block id=&#8220;15646&#8243;][\/vc_column][\/vc_row][vc_row row_height_percent=&#8220;0&#8243; back_image=&#8220;11831&#8243; overlay_alpha=&#8220;0&#8243; gutter_size=&#8220;3&#8243; column_width_percent=&#8220;100&#8243; shift_y=&#8220;0&#8243; z_index=&#8220;0&#8243; uncode_shortcode_id=&#8220;620441&#8243; el_id=&#8220;Fahrzeug&#8220;][vc_column width=&#8220;1\/2&#8243;][\/vc_column][vc_column width=&#8220;1\/2&#8243;][vc_custom_heading heading_semantic=&#8220;h4&#8243; text_size=&#8220;h4&#8243; uncode_shortcode_id=&#8220;571346&#8243;]Seit 30 Jahren der beste Mietwagenservice auf Formentera[\/vc_custom_heading][vc_column_text text_color=&#8220;color-blue-formotor&#8220; uncode_shortcode_id=&#8220;102716&#8243; text_color_type=&#8220;uncode-palette&#8220;]<\/p>\n<div class=\"about-us-title-divider\"><\/div>\n<p>Formotor hat mehrere B\u00fcros im Hafen von La Savina und in Es Cal\u00f3 de Sant Agust\u00ed. Um garantiert einen guten Service zu bieten, verf\u00fcgt Formotor auch \u00fcber einen Werkstattservice, um seine Fahrzeugflotte in optimalem Zustand zu halten.[\/vc_column_text][vc_button button_color=&#8220;color-blue-light-2-formotor&#8220; border_width=&#8220;0&#8243; button_color_type=&#8220;uncode-palette&#8220; el_class=&#8220;btn-fomotor-light-2&#8243; uncode_shortcode_id=&#8220;138014&#8243; link=&#8220;url:https%3A%2F%2Fformotor.com%2Fde%2Fbuchungen%2F|&#8220;]BUCHEN[\/vc_button][\/vc_column][\/vc_row][vc_row row_height_percent=&#8220;0&#8243; override_padding=&#8220;yes&#8220; h_padding=&#8220;2&#8243; top_padding=&#8220;5&#8243; bottom_padding=&#8220;5&#8243; overlay_alpha=&#8220;50&#8243; gutter_size=&#8220;3&#8243; column_width_percent=&#8220;100&#8243; shift_y=&#8220;0&#8243; z_index=&#8220;0&#8243; uncode_shortcode_id=&#8220;964125&#8243; el_id=&#8220;frmhomeboxotherservices-2&#8243;][vc_column column_width_percent=&#8220;100&#8243; gutter_size=&#8220;3&#8243; overlay_alpha=&#8220;50&#8243; shift_x=&#8220;0&#8243; shift_y=&#8220;0&#8243; shift_y_down=&#8220;0&#8243; z_index=&#8220;0&#8243; medium_width=&#8220;0&#8243; mobile_width=&#8220;0&#8243; width=&#8220;1\/1&#8243; uncode_shortcode_id=&#8220;199351&#8243; el_class=&#8220;subtitle-as-proc&#8220;][vc_custom_heading heading_semantic=&#8220;h3&#8243; text_size=&#8220;h3&#8243; uncode_shortcode_id=&#8220;102187&#8243; el_class=&#8220;as-proc&#8220;]UNSER UNTERSCHEIDUNGSMERKMAL[\/vc_custom_heading][vc_column_text text_color=&#8220;color-blue-formotor&#8220; uncode_shortcode_id=&#8220;926375&#8243; text_color_type=&#8220;uncode-palette&#8220;]<\/p>\n<p style=\"text-align: center;\">Die in diesen 30 Jahren erzielten Resultate verdanken wir nicht dem Zufall, sondern der Tatsache, dass wir Ihre Zufriedenheit priorisieren.<\/p>\n<p>[\/vc_column_text][vc_row_inner row_inner_height_percent=&#8220;0&#8243; overlay_alpha=&#8220;50&#8243; gutter_size=&#8220;3&#8243; shift_y=&#8220;0&#8243; z_index=&#8220;0&#8243; uncode_shortcode_id=&#8220;195300&#8243; el_class=&#8220;radius-img&#8220;][vc_column_inner width=&#8220;1\/4&#8243;][vc_single_image media=&#8220;11842&#8243; media_width_percent=&#8220;100&#8243; uncode_shortcode_id=&#8220;114647&#8243;][\/vc_column_inner][vc_column_inner column_width_percent=&#8220;100&#8243; position_vertical=&#8220;middle&#8220; gutter_size=&#8220;3&#8243; overlay_alpha=&#8220;50&#8243; shift_x=&#8220;0&#8243; shift_y=&#8220;0&#8243; shift_y_down=&#8220;0&#8243; z_index=&#8220;0&#8243; medium_width=&#8220;0&#8243; mobile_width=&#8220;0&#8243; width=&#8220;3\/4&#8243; uncode_shortcode_id=&#8220;299708&#8243;][vc_custom_heading text_color=&#8220;color-blue-light-2-formotor&#8220; heading_semantic=&#8220;h4&#8243; text_size=&#8220;h4&#8243; uncode_shortcode_id=&#8220;193173&#8243; text_color_type=&#8220;uncode-palette&#8220;]Wir sind ein vertrauensw\u00fcrdiges Familienunternehmen[\/vc_custom_heading][vc_column_text uncode_shortcode_id=&#8220;164939&#8243;]Formotor ist ein lokales Familienunternehmen, das bis heute von den Gr\u00fcndern selbst und ihren Nachkommen, zusammen mit einem gro\u00dfartigen menschlichen Team gef\u00fchrt wird.<\/p>\n<p>Seine Anf\u00e4nge, in einem Formentera der 80er Jahre, das sich dem Tourismus zu \u00f6ffnen begann, lagen in den ersten Schritten mit dem Fahrradverleih, gingen \u00fcber die bekannte Vespa Primavera und erreichten mit unserem immer noch historischen Mehari vier R\u00e4der. Nach 30 Jahren und vollst\u00e4ndig restauriert, ist er immer noch eines unserer Starfahrzeuge.<\/p>\n<p>Unser Kundenstamm ist die Grundlage, auf der Formotor Tag f\u00fcr Tag voranschreitet und sich verbessert. Sie (Kunden) geben uns das Vertrauen und die Sicherheit, genau so weiterzuarbeiten.[\/vc_column_text][\/vc_column_inner][\/vc_row_inner][vc_row_inner row_inner_height_percent=&#8220;0&#8243; overlay_alpha=&#8220;50&#8243; gutter_size=&#8220;3&#8243; shift_y=&#8220;0&#8243; z_index=&#8220;0&#8243; uncode_shortcode_id=&#8220;693881&#8243; el_class=&#8220;radius-img&#8220;][vc_column_inner width=&#8220;1\/4&#8243;][vc_single_image media=&#8220;11859&#8243; media_width_percent=&#8220;100&#8243; uncode_shortcode_id=&#8220;708232&#8243;][\/vc_column_inner][vc_column_inner column_width_percent=&#8220;100&#8243; position_vertical=&#8220;middle&#8220; gutter_size=&#8220;3&#8243; overlay_alpha=&#8220;50&#8243; shift_x=&#8220;0&#8243; shift_y=&#8220;0&#8243; shift_y_down=&#8220;0&#8243; z_index=&#8220;0&#8243; medium_width=&#8220;0&#8243; mobile_width=&#8220;0&#8243; width=&#8220;3\/4&#8243; uncode_shortcode_id=&#8220;109315&#8243;][vc_custom_heading text_color=&#8220;color-blue-light-2-formotor&#8220; heading_semantic=&#8220;h4&#8243; text_size=&#8220;h4&#8243; uncode_shortcode_id=&#8220;126468&#8243; text_color_type=&#8220;uncode-palette&#8220;]100 % pers\u00f6nliche Betreuung[\/vc_custom_heading][vc_column_text uncode_shortcode_id=&#8220;114513&#8243;]Bei Formotor k\u00f6nnen Sie dank der 30-j\u00e4hrigen Erfahrung in der Autovermietungsbranche und des hervorragenden menschlichen Teams, aus dem wir bestehen, eine pers\u00f6nliche, freundliche und professionelle Betreuung genie\u00dfen.[\/vc_column_text][\/vc_column_inner][\/vc_row_inner][vc_row_inner row_inner_height_percent=&#8220;0&#8243; overlay_alpha=&#8220;50&#8243; gutter_size=&#8220;3&#8243; shift_y=&#8220;0&#8243; z_index=&#8220;0&#8243; uncode_shortcode_id=&#8220;693881&#8243; el_class=&#8220;radius-img&#8220;][vc_column_inner width=&#8220;1\/4&#8243;][vc_single_image media=&#8220;13977&#8243; media_width_percent=&#8220;100&#8243; uncode_shortcode_id=&#8220;114590&#8243;][\/vc_column_inner][vc_column_inner column_width_percent=&#8220;100&#8243; position_vertical=&#8220;middle&#8220; gutter_size=&#8220;3&#8243; overlay_alpha=&#8220;50&#8243; shift_x=&#8220;0&#8243; shift_y=&#8220;0&#8243; shift_y_down=&#8220;0&#8243; z_index=&#8220;0&#8243; medium_width=&#8220;0&#8243; mobile_width=&#8220;0&#8243; width=&#8220;3\/4&#8243; uncode_shortcode_id=&#8220;150880&#8243;][vc_custom_heading text_color=&#8220;color-blue-light-2-formotor&#8220; heading_semantic=&#8220;h4&#8243; text_size=&#8220;h4&#8243; uncode_shortcode_id=&#8220;362583&#8243; text_color_type=&#8220;uncode-palette&#8220;]Erfahrung, Engagement und Hingabe[\/vc_custom_heading][vc_column_text uncode_shortcode_id=&#8220;616027&#8243;]Bei Formotor werden wir durch die umfangreiche Erfahrung von 30 Jahren unterst\u00fctzt, in denen wir den besten Mietwagenservice auf Formentera bieten. Wir sind ein Familienunternehmen, das sich jeden Tag bem\u00fcht, sich zu verbessern und sich um jedes Detail k\u00fcmmert, damit unsere Kunden zu 100 % zufrieden sind.[\/vc_column_text][\/vc_column_inner][\/vc_row_inner][\/vc_column][\/vc_row][vc_row][vc_column width=&#8220;1\/1&#8243;][uncode_block id=&#8220;15653&#8243;][\/vc_column][\/vc_row][vc_row][vc_column width=&#8220;1\/1&#8243;][uncode_block id=&#8220;15663&#8243;][\/vc_column][\/vc_row]<\/p>\n<\/div>","protected":false},"excerpt":{"rendered":"<p>Wir bieten seit 30 Jahren den besten Mietwagenservice auf Formentera<\/p>\n","protected":false},"author":1,"featured_media":15771,"parent":0,"menu_order":0,"comment_status":"closed","ping_status":"closed","template":"","meta":{"_acf_changed":false,"footnotes":""},"class_list":["post-18221","page","type-page","status-publish","has-post-thumbnail","hentry"],"acf":[],"_links":{"self":[{"href":"https:\/\/formotor.com\/de\/wp-json\/wp\/v2\/pages\/18221","targetHints":{"allow":["GET"]}}],"collection":[{"href":"https:\/\/formotor.com\/de\/wp-json\/wp\/v2\/pages"}],"about":[{"href":"https:\/\/formotor.com\/de\/wp-json\/wp\/v2\/types\/page"}],"author":[{"embeddable":true,"href":"https:\/\/formotor.com\/de\/wp-json\/wp\/v2\/users\/1"}],"replies":[{"embeddable":true,"href":"https:\/\/formotor.com\/de\/wp-json\/wp\/v2\/comments?post=18221"}],"version-history":[{"count":2,"href":"https:\/\/formotor.com\/de\/wp-json\/wp\/v2\/pages\/18221\/revisions"}],"predecessor-version":[{"id":18231,"href":"https:\/\/formotor.com\/de\/wp-json\/wp\/v2\/pages\/18221\/revisions\/18231"}],"wp:featuredmedia":[{"embeddable":true,"href":"https:\/\/formotor.com\/de\/wp-json\/wp\/v2\/media\/15771"}],"wp:attachment":[{"href":"https:\/\/formotor.com\/de\/wp-json\/wp\/v2\/media?parent=18221"}],"curies":[{"name":"wp","href":"https:\/\/api.w.org\/{rel}","templated":true}]}}