{"id":18217,"date":"2022-03-03T13:55:37","date_gmt":"2022-03-03T12:55:37","guid":{"rendered":"https:\/\/formotor.com\/dienstleistungen-und-vorteile\/"},"modified":"2024-09-18T12:55:59","modified_gmt":"2024-09-18T11:55:59","slug":"dienstleistungen-und-vorteile","status":"publish","type":"page","link":"https:\/\/formotor.com\/de\/dienstleistungen-und-vorteile\/","title":{"rendered":"Dienstleistungen und Vorteile"},"content":{"rendered":"<div class=\"wpb-content-wrapper\"><p>[vc_row][vc_column width=&#8220;1\/2&#8243;][vc_column_text uncode_shortcode_id=&#8220;213518&#8243;]<\/p>\n<div class=\"column-service-content-wrapper\">\n<div style=\"display: block; float: left;\">\n<div class=\"column-service-image\"><img decoding=\"async\" src=\"https:\/\/www.formotor.com\/wp-content\/uploads\/2015\/11\/formotor_icon_attention.png\" alt=\"\" width=\"57\" height=\"50\" \/><\/div>\n<\/div>\n<div style=\"display: block; float: left;\">\n<h3 class=\"column-service-title\">Individuelle<br \/>\nBetreuung<\/h3>\n<\/div>\n<div style=\"display: block; clear: both;\"><\/div>\n<div class=\"column-service-content limoking-skin-content\">\n<p>Bei <strong>FORMOTOR<\/strong>k\u00f6nnen Sie dank seiner 30-j\u00e4hrigen Erfahrung im Mietwagensektor eine pers\u00f6nliche, freundliche und professionelle Betreuung genie\u00dfen.<br \/>\nUnser Hauptziel ist die Zufriedenheit unserer Kunden und die Zufriedenheit unserer Kunden ist unsere gr\u00f6\u00dfte Erfolgsgarantie.<\/p>\n<\/div>\n<\/div>\n<p>[\/vc_column_text][\/vc_column][vc_column width=&#8220;1\/2&#8243;][vc_column_text uncode_shortcode_id=&#8220;316155&#8243;]<\/p>\n<div class=\"column-service-content-wrapper\">\n<div style=\"display: block; float: left;\">\n<div class=\"column-service-image\"><img decoding=\"async\" src=\"https:\/\/www.formotor.com\/wp-content\/uploads\/2015\/11\/fronticoncar2.png\" alt=\"\" width=\"63\" height=\"43\" \/><\/div>\n<\/div>\n<div style=\"display: block; float: left;\">\n<h3 class=\"column-service-title\">Erneuerte<br \/>\nFahrzeugflotte<\/h3>\n<\/div>\n<div style=\"display: block; clear: both;\"><\/div>\n<div class=\"column-service-content limoking-skin-content\">\n<p><strong>FORMOTOR<\/strong> rent a car, verf\u00fcgt \u00fcber die Unterst\u00fctzung einer umfangreichen Infrastruktur auf <strong>FORMENTERA<\/strong>. Unsere Mietwagenflotte ist sehr vielf\u00e4ltig und darauf ausgelegt, das Beste aus Ihrem Urlaub auf <strong>FORMENTERA<\/strong> zu machen.<br \/>\nWir haben auch kleine Gebrauchsfahrzeuge, ausgelegt f\u00fcr kurze Aufenthalte.<\/p>\n<\/div>\n<\/div>\n<p>[\/vc_column_text][\/vc_column][\/vc_row][vc_row][vc_column width=&#8220;1\/2&#8243;][vc_column_text uncode_shortcode_id=&#8220;794546&#8243;]<\/p>\n<div class=\"column-service-content-wrapper\">\n<div style=\"display: block; float: left;\">\n<div class=\"column-service-image\"><img decoding=\"async\" src=\"https:\/\/www.formotor.com\/wp-content\/uploads\/2015\/11\/formotor_icon_entrega.png\" alt=\"\" width=\"50\" height=\"50\" \/><\/div>\n<\/div>\n<div style=\"display: block; float: left;\">\n<h3 class=\"column-service-title\">Flexible<br \/>\n\u00dcbergabe<\/h3>\n<\/div>\n<div style=\"display: block; clear: both;\"><\/div>\n<div class=\"column-service-content limoking-skin-content\">\n<p><strong>FORMOTOR<\/strong> macht Ihren Urlaub einfach, indem wir Ihnen einen \u00dcbergabeservice von 08:00 Uhr bis 21:00 Uhr anbieten. Diese Zeiten gelten f\u00fcr das <strong>B\u00fcro im Hafen von La Savina<\/strong>, vom 1. Mai bis 31. Oktober.<br \/>\nWir bieten einen zus\u00e4tzlichen Service f\u00fcr best\u00e4tigte Reservierungen mit \u00dcbergaben bis 23:45 Uhr (siehe Aufpreis f\u00fcr \u00dcbergabe au\u00dferhalb der Gesch\u00e4ftszeiten)<\/p>\n<p>Diesem Service ist noch hinzuzuf\u00fcgen, dass FORMOTOR bei vorheriger Reservierung einen \u00dcbergabe zuhause und\/oder Abholservice f\u00fcr Ihr\/en <strong>Motorroller und\/oder Auto<\/strong> in jeder Ecke von <strong>Formentera<\/strong> anbietet.<br \/>\nWir erinnern Sie auch daran, dass wir das ganze Jahr \u00fcber ge\u00f6ffnet sind, um unsere Dienstleistungen jenen Kunden anzubieten, die gerne ein etwas anderes <strong>Formentera<\/strong> w\u00e4hrend der Wintermonate genie\u00dfen und ihr\/en <strong>Auto und\/oder Motorroller<\/strong> reservieren m\u00f6chten<\/p>\n<\/div>\n<\/div>\n<p>[\/vc_column_text][\/vc_column][vc_column width=&#8220;1\/2&#8243;][vc_column_text uncode_shortcode_id=&#8220;172586&#8243;]<\/p>\n<div class=\"column-service-content-wrapper\">\n<div style=\"display: block; float: left;\">\n<div class=\"column-service-image\"><img decoding=\"async\" src=\"https:\/\/www.formotor.com\/wp-content\/uploads\/2016\/03\/formotor_icon_point.png\" alt=\"\" width=\"41\" height=\"46\" \/><\/div>\n<\/div>\n<div style=\"display: block; float: left;\">\n<h3 class=\"column-service-title\">Ganze 6 B\u00fcros<br \/>\nauf Formentera<\/h3>\n<\/div>\n<div style=\"display: block; clear: both;\"><\/div>\n<div class=\"column-service-content limoking-skin-content\">\n<p><strong>FORMOTOR<\/strong> bietet Ihnen seine Dienste an, sobald Sie das Schiff verlassen, und stellt Ihnen drei seiner B\u00fcros an vorderster Front zur Verf\u00fcgung.<br \/>\nF\u00fcr diejenigen, die mit einem Tagesausflug auf unsere Insel Formentera reisen, haben wir ein B\u00fcro 100 Meter von der Anlegestelle entfernt.<\/p>\n<p><strong>Das B\u00fcro Es Calo<\/strong> liegt 300 Meter vom Fischereihafen von <strong>Es Cal\u00f3 de Sant Agust\u00ed<\/strong> entfernt, genau neben dem Cam\u00ed de Sa Pujada.<\/p>\n<\/div>\n<\/div>\n<p>[\/vc_column_text][\/vc_column][\/vc_row][vc_row][vc_column width=&#8220;1\/2&#8243;][vc_column_text uncode_shortcode_id=&#8220;107181&#8243;]<\/p>\n<div class=\"column-service-content-wrapper\">\n<div style=\"display: block; float: left;\">\n<div class=\"column-service-image\"><img decoding=\"async\" src=\"https:\/\/www.formotor.com\/wp-content\/uploads\/2016\/03\/formotor_icon_tool.png\" alt=\"\" width=\"41\" height=\"46\" \/><\/div>\n<\/div>\n<div style=\"display: block; float: left;\">\n<h3 class=\"column-service-title\">Eigene<br \/>\nReparaturwerkstatt<\/h3>\n<\/div>\n<div style=\"display: block; clear: both;\"><\/div>\n<div class=\"column-service-content limoking-skin-content\">\n<p>Als Teil der Infrastruktur von <strong>FORMOTOR<\/strong>haben wir eine auf mehrere Marken spezialisierte Werkstatt, um sicherzustellen, dass unsere Fahrzeuge in optimalem Zustand sind. Diese bietet neben dem \u00f6ffentlichen Verkauf von Gebrauchtfahrzeugen, mechanische Reparaturen, Karosseriearbeiten und Lackierungen.<\/p>\n<\/div>\n<\/div>\n<p>[\/vc_column_text][\/vc_column][vc_column width=&#8220;1\/2&#8243;][vc_column_text uncode_shortcode_id=&#8220;193896&#8243;]<\/p>\n<div class=\"column-service-content-wrapper\">\n<div style=\"display: block; float: left;\">\n<div class=\"column-service-image\"><img decoding=\"async\" src=\"https:\/\/www.formotor.com\/wp-content\/uploads\/2016\/03\/formotor_icon_hotel.png\" alt=\"\" width=\"41\" height=\"46\" \/><\/div>\n<\/div>\n<div style=\"display: block; float: left;\">\n<h3 class=\"column-service-title\">Fahrzeug\u00fcbergabe<br \/>\nam Hotel<\/h3>\n<\/div>\n<div style=\"display: block; clear: both;\"><\/div>\n<div class=\"column-service-content limoking-skin-content\">\n<p>Fordern Sie die \u00dcbergabe Ihres <strong>Autos oder Motorrollers<\/strong>an, bei vorheriger <strong>Buchung<\/strong>kann diese direkt vor Ihrer Unterkunft erfolgen. <strong>FORMOTOR<\/strong> garantiert die \u00dcbergabe Ihrer Reservierungen am angegebenen Ort, nach vorheriger <strong>Reservierung<\/strong>.<\/p>\n<\/div>\n<\/div>\n<p>[\/vc_column_text][\/vc_column][\/vc_row][vc_row row_height_percent=&#8220;0&#8243; back_image=&#8220;7094&#8243; overlay_alpha=&#8220;50&#8243; gutter_size=&#8220;3&#8243; column_width_percent=&#8220;100&#8243; shift_y=&#8220;0&#8243; z_index=&#8220;0&#8243; uncode_shortcode_id=&#8220;794923&#8243; el_id=&#8220;Fahrzeug&#8220; css=&#8220;.vc_custom_1646397552479{margin-top: 60px !important;}&#8220;][vc_column width=&#8220;2\/3&#8243;][vc_custom_heading heading_semantic=&#8220;h4&#8243; text_size=&#8220;h4&#8243; uncode_shortcode_id=&#8220;768006&#8243;]Mehr als 6.500 zufriedene Kunden<br \/>\nsind unsere beste Garantie[\/vc_custom_heading][vc_column_text text_color=&#8220;color-blue-formotor&#8220; uncode_shortcode_id=&#8220;614482&#8243; text_color_type=&#8220;uncode-palette&#8220;]<\/p>\n<div class=\"about-us-title-divider\"><\/div>\n<p>Unser Hauptziel ist die Zufriedenheit unserer Kunden. Die Zufriedenheit unserer Kunden ist unser gr\u00f6\u00dfter Erfolgsgarant.[\/vc_column_text][vc_button button_color=&#8220;color-blue-light-2-formotor&#8220; border_width=&#8220;0&#8243; button_color_type=&#8220;uncode-palette&#8220; el_class=&#8220;btn-formotor-2&#8243; uncode_shortcode_id=&#8220;894688&#8243; link=&#8220;url:https%3A%2F%2Fformotor.com%2Fde%2Fbuchungen%2F|title:RESERVAS|&#8220;]BUCHEN[\/vc_button][\/vc_column][vc_column width=&#8220;1\/3&#8243;][\/vc_column][\/vc_row][vc_row][vc_column width=&#8220;1\/1&#8243;][uncode_block id=&#8220;15653&#8243;][\/vc_column][\/vc_row]<\/p>\n<\/div>","protected":false},"excerpt":{"rendered":"<p>Dienstleistungen und Vorteile f\u00fcr Ihren absoluten Komfort<\/p>\n","protected":false},"author":1,"featured_media":17145,"parent":0,"menu_order":0,"comment_status":"closed","ping_status":"closed","template":"","meta":{"_acf_changed":false,"footnotes":""},"class_list":["post-18217","page","type-page","status-publish","has-post-thumbnail","hentry"],"acf":[],"_links":{"self":[{"href":"https:\/\/formotor.com\/de\/wp-json\/wp\/v2\/pages\/18217","targetHints":{"allow":["GET"]}}],"collection":[{"href":"https:\/\/formotor.com\/de\/wp-json\/wp\/v2\/pages"}],"about":[{"href":"https:\/\/formotor.com\/de\/wp-json\/wp\/v2\/types\/page"}],"author":[{"embeddable":true,"href":"https:\/\/formotor.com\/de\/wp-json\/wp\/v2\/users\/1"}],"replies":[{"embeddable":true,"href":"https:\/\/formotor.com\/de\/wp-json\/wp\/v2\/comments?post=18217"}],"version-history":[{"count":3,"href":"https:\/\/formotor.com\/de\/wp-json\/wp\/v2\/pages\/18217\/revisions"}],"predecessor-version":[{"id":19539,"href":"https:\/\/formotor.com\/de\/wp-json\/wp\/v2\/pages\/18217\/revisions\/19539"}],"wp:featuredmedia":[{"embeddable":true,"href":"https:\/\/formotor.com\/de\/wp-json\/wp\/v2\/media\/17145"}],"wp:attachment":[{"href":"https:\/\/formotor.com\/de\/wp-json\/wp\/v2\/media?parent=18217"}],"curies":[{"name":"wp","href":"https:\/\/api.w.org\/{rel}","templated":true}]}}