{"id":18205,"date":"2022-03-03T15:42:36","date_gmt":"2022-03-03T14:42:36","guid":{"rendered":"https:\/\/formotor.com\/buchungen\/"},"modified":"2024-09-18T12:59:23","modified_gmt":"2024-09-18T11:59:23","slug":"buchungen","status":"publish","type":"page","link":"https:\/\/formotor.com\/de\/buchungen\/","title":{"rendered":"Buchungen"},"content":{"rendered":"<div class=\"wpb-content-wrapper\"><p>[vc_row][vc_column column_width_percent=&#8220;100&#8243; align_horizontal=&#8220;align_center&#8220; gutter_size=&#8220;3&#8243; overlay_alpha=&#8220;50&#8243; shift_x=&#8220;0&#8243; shift_y=&#8220;0&#8243; shift_y_down=&#8220;0&#8243; z_index=&#8220;0&#8243; medium_width=&#8220;0&#8243; mobile_width=&#8220;0&#8243; width=&#8220;1\/6&#8243; uncode_shortcode_id=&#8220;972545&#8243;][\/vc_column][vc_column width=&#8220;4\/6&#8243;][vc_column_text uncode_shortcode_id=&#8220;483360&#8243;]<\/p>\n<p style=\"text-align: center;\">[ibexrentacar-buscador2 width=&#8220;100%&#8220; include_jquery=&#8220;0&#8243; locale=&#8220;es_ES&#8220; include_css=&#8220;https:\/\/formotor.com\/custom\/formotor_motorreservas.css&#8220;]<\/p>\n<p>[\/vc_column_text][\/vc_column][vc_column width=&#8220;1\/6&#8243;][\/vc_column][\/vc_row]<\/p>\n<\/div>","protected":false},"excerpt":{"rendered":"<p>Buchen Sie Ihr Fahrzeug jetzt schnell und einfach online. FORMOTOR rent a car verf\u00fcgt \u00fcber die Unterst\u00fctzung einer umfangreichen Infrastruktur auf FORMENTERA. Unsere Mietwagenflotte ist sehr vielf\u00e4ltig und darauf ausgelegt, das Beste aus Ihrem Urlaub auf FORMENTERA zu machen.<\/p>\n","protected":false},"author":1,"featured_media":17029,"parent":0,"menu_order":0,"comment_status":"closed","ping_status":"closed","template":"","meta":{"_acf_changed":false,"footnotes":""},"class_list":["post-18205","page","type-page","status-publish","has-post-thumbnail","hentry"],"acf":[],"_links":{"self":[{"href":"https:\/\/formotor.com\/de\/wp-json\/wp\/v2\/pages\/18205","targetHints":{"allow":["GET"]}}],"collection":[{"href":"https:\/\/formotor.com\/de\/wp-json\/wp\/v2\/pages"}],"about":[{"href":"https:\/\/formotor.com\/de\/wp-json\/wp\/v2\/types\/page"}],"author":[{"embeddable":true,"href":"https:\/\/formotor.com\/de\/wp-json\/wp\/v2\/users\/1"}],"replies":[{"embeddable":true,"href":"https:\/\/formotor.com\/de\/wp-json\/wp\/v2\/comments?post=18205"}],"version-history":[{"count":2,"href":"https:\/\/formotor.com\/de\/wp-json\/wp\/v2\/pages\/18205\/revisions"}],"predecessor-version":[{"id":19548,"href":"https:\/\/formotor.com\/de\/wp-json\/wp\/v2\/pages\/18205\/revisions\/19548"}],"wp:featuredmedia":[{"embeddable":true,"href":"https:\/\/formotor.com\/de\/wp-json\/wp\/v2\/media\/17029"}],"wp:attachment":[{"href":"https:\/\/formotor.com\/de\/wp-json\/wp\/v2\/media?parent=18205"}],"curies":[{"name":"wp","href":"https:\/\/api.w.org\/{rel}","templated":true}]}}