{"id":18198,"date":"2022-03-04T13:49:54","date_gmt":"2022-03-04T12:49:54","guid":{"rendered":"https:\/\/formotor.com\/gepaeckaufbewahrung-left-luggage\/"},"modified":"2025-11-10T13:09:51","modified_gmt":"2025-11-10T12:09:51","slug":"gepaeckaufbewahrung-left-luggage","status":"publish","type":"page","link":"https:\/\/formotor.com\/de\/gepaeckaufbewahrung-left-luggage\/","title":{"rendered":"GEP\u00c4CKAUFBEWAHRUNG \/ Left Luggage"},"content":{"rendered":"<div class=\"wpb-content-wrapper\"><p>[vc_row row_height_percent=&#8220;0&#8243; override_padding=&#8220;yes&#8220; h_padding=&#8220;2&#8243; top_padding=&#8220;3&#8243; bottom_padding=&#8220;3&#8243; overlay_alpha=&#8220;50&#8243; gutter_size=&#8220;4&#8243; column_width_percent=&#8220;100&#8243; shift_y=&#8220;0&#8243; z_index=&#8220;0&#8243; uncode_shortcode_id=&#8220;109861&#8243;][vc_column column_width_percent=&#8220;100&#8243; gutter_size=&#8220;3&#8243; overlay_alpha=&#8220;50&#8243; shift_x=&#8220;0&#8243; shift_y=&#8220;0&#8243; shift_y_down=&#8220;0&#8243; z_index=&#8220;0&#8243; medium_width=&#8220;0&#8243; mobile_width=&#8220;0&#8243; width=&#8220;2\/3&#8243; uncode_shortcode_id=&#8220;379545&#8243; el_id=&#8220;frmcontactbox&#8220;][vc_column_text uncode_shortcode_id=&#8220;931699&#8243;]<\/p>\n<h5 class=\"limoking-heading-shortcode \">Reservieren Sie hier Ihr Schlie\u00dffach<\/h5>\n<p>Wenn Sie m\u00f6chten, k\u00f6nnen Sie mit dem folgenden Formular eine Buchungsanfrage f\u00fcr Ihr Schlie\u00dffach stellen, und wir setzen uns in K\u00fcrze mit Ihnen in Verbindung, um die Reservierung zu best\u00e4tigen. Herzlichen Dank.[\/vc_column_text][vc_raw_html]JTNDaWZyYW1lJTIwc3JjJTNEJTIyaHR0cHMlM0ElMkYlMkZmb3Jtb3Rvci5kcm9wLXBvaW50LmNvbSUyRmJvb2tpbmctZW5naW5lJTNGbG9ja2VyX3JlZiUzREZPUk1PVE9SMSUyNmxvY2FsZSUzRGVuJTIyJTIwaGVpZ2h0JTNEJTIyNTQwJTIyJTIwc3R5bGUlM0QlMjJib3JkZXItcmFkaXVzJTNBJTIwNXB4JTNCYm9yZGVyJTNBJTIwMCUzQiUyMiUzRSUzQyUyRmlmcmFtZSUzRQ==[\/vc_raw_html][\/vc_column][vc_column width=&#8220;1\/3&#8243;][vc_column_text uncode_shortcode_id=&#8220;631146&#8243;]<\/p>\n<div id=\"widTaquillas\" class=\"widget widget_text limoking-widget\">\n<h3 class=\"limoking-widget-title\">GR\u00d6SSE Schlie\u00dff\u00e4cher:<\/h3>\n<div class=\"textwidget\">\n<ul>\n<li>Nutzbare Innenbreite: 436 mm<\/li>\n<li>Nutzbare Innentiefe: 575 mm<\/li>\n<li>T\u00fcr M: H\u00f6he 293 mm<\/li>\n<li>T\u00fcr L: H\u00f6he 592 mm<\/li>\n<li>T\u00fcr XL: H\u00f6he 856 mm<\/li>\n<\/ul>\n<\/div>\n<\/div>\n<div id=\"widTarifas\" class=\"widget widget_text limoking-widget\">\n<h3 class=\"limoking-widget-title\">PREISE Schlie\u00dff\u00e4cher:<\/h3>\n<div class=\"textwidget\">\n<ul>\n<li>Schlie\u00dffach M: <span class=\"blue-light\">9,50 \u20ac\/Tag<\/span><\/li>\n<li>Schlie\u00dffach L: <span class=\"blue-light\">12,50 \u20ac\/Tag<\/span><\/li>\n<li>Schlie\u00dffach XL:\u00a0<span class=\"blue-light\">15,50 \u20ac\/Tag<\/span><\/li>\n<\/ul>\n<\/div>\n<\/div>\n<p>[\/vc_column_text][\/vc_column][\/vc_row][vc_row row_height_percent=&#8220;0&#8243; override_padding=&#8220;yes&#8220; h_padding=&#8220;2&#8243; top_padding=&#8220;2&#8243; bottom_padding=&#8220;5&#8243; overlay_alpha=&#8220;50&#8243; gutter_size=&#8220;4&#8243; column_width_percent=&#8220;100&#8243; shift_y=&#8220;0&#8243; z_index=&#8220;0&#8243; uncode_shortcode_id=&#8220;122020&#8243;][vc_column width=&#8220;2\/3&#8243;][vc_raw_html]JTNDaWZyYW1lJTIwc3JjJTNEJTIyaHR0cHMlM0ElMkYlMkZ3d3cuZ29vZ2xlLmNvbSUyRm1hcHMlMkZlbWJlZCUzRnBiJTNEJTIxMW0xNCUyMTFtOCUyMTFtMyUyMTFkNzA0MzMuNjE3MjYxMTQ3NzQlMjEyZDEuNDI3Njg1MDYyNDg4NDU2NSUyMTNkMzguNzIzNDIxNTUzNTA1OSUyMTNtMiUyMTFpMTAyNCUyMTJpNzY4JTIxNGYxMy4xJTIxM20zJTIxMW0yJTIxMXMweDEyOTk1YmQ5MDdlNGY0YTclMjUzQTB4MjBjNDE1YmU2MTE0MmQ5NCUyMTJzRm9ybW90b3IlMjUyMENvbnNpZ25hJTI1MjAtJTI1MjBPZmljaW5hJTI1MjBDYW4lMjUyMEd1aWxsYW1ldCUyMTVlMCUyMTNtMiUyMTFzZXMlMjEyc2VzJTIxNHYxNjUzNDc1NzM3MTg1JTIxNW0yJTIxMXNlcyUyMTJzZXMlMjIlMjB3aWR0aCUzRCUyMjYwMCUyMiUyMGhlaWdodCUzRCUyMjQ1MCUyMiUyMHN0eWxlJTNEJTIyYm9yZGVyJTNBMCUzQiUyMiUyMGFsbG93ZnVsbHNjcmVlbiUzRCUyMiUyMiUyMGxvYWRpbmclM0QlMjJsYXp5JTIyJTIwcmVmZXJyZXJwb2xpY3klM0QlMjJuby1yZWZlcnJlci13aGVuLWRvd25ncmFkZSUyMiUzRSUzQyUyRmlmcmFtZSUzRQ==[\/vc_raw_html][\/vc_column][vc_column width=&#8220;1\/3&#8243;][vc_column_text uncode_shortcode_id=&#8220;203514&#8243;]<\/p>\n<div id=\"widGuillamet\" class=\"widget widget_text limoking-widget\">\n<h3 class=\"limoking-widget-title\">Standort B\u00fcro<br \/>\nFormotor Guillamet:<\/h3>\n<div class=\"clear\"><\/div>\n<div class=\"textwidget\">\n<p>Avda. Mediterrania n\u00ba 9,<br \/>\n07870 La Savina (Formentera)<\/p>\n<p>Telefon: <a href=\"tel:0034971322929\">(+34) 971322929<\/a><br \/>\nE-Mail: <a href=\"mailto:consigna@formotor.com\">consigna@formotor.com<\/a><\/p>\n<p>Ge\u00f6ffnet: 1. April 2026 bis 31. Oktober 2026<\/p>\n<p>\u00d6ffnungszeiten: 24 Stunden automatisierter Zugang<\/p>\n<\/div>\n<\/div>\n<p>[\/vc_column_text][\/vc_column][\/vc_row][vc_row][vc_column width=&#8220;1\/1&#8243;][uncode_block id=&#8220;15653&#8243;][\/vc_column][\/vc_row]<\/p>\n<\/div>","protected":false},"excerpt":{"rendered":"<p>Neue Gep\u00e4ckaufbewahrung in unserem B\u00fcro in Guillamet (Hafen La Savina).<br \/>\nSo k\u00f6nnen Sie Formentera vollkommen unbeschwert genie\u00dfen!<\/p>\n","protected":false},"author":1,"featured_media":17709,"parent":0,"menu_order":0,"comment_status":"closed","ping_status":"closed","template":"","meta":{"_acf_changed":false,"footnotes":""},"class_list":["post-18198","page","type-page","status-publish","has-post-thumbnail","hentry"],"acf":[],"_links":{"self":[{"href":"https:\/\/formotor.com\/de\/wp-json\/wp\/v2\/pages\/18198","targetHints":{"allow":["GET"]}}],"collection":[{"href":"https:\/\/formotor.com\/de\/wp-json\/wp\/v2\/pages"}],"about":[{"href":"https:\/\/formotor.com\/de\/wp-json\/wp\/v2\/types\/page"}],"author":[{"embeddable":true,"href":"https:\/\/formotor.com\/de\/wp-json\/wp\/v2\/users\/1"}],"replies":[{"embeddable":true,"href":"https:\/\/formotor.com\/de\/wp-json\/wp\/v2\/comments?post=18198"}],"version-history":[{"count":5,"href":"https:\/\/formotor.com\/de\/wp-json\/wp\/v2\/pages\/18198\/revisions"}],"predecessor-version":[{"id":19783,"href":"https:\/\/formotor.com\/de\/wp-json\/wp\/v2\/pages\/18198\/revisions\/19783"}],"wp:featuredmedia":[{"embeddable":true,"href":"https:\/\/formotor.com\/de\/wp-json\/wp\/v2\/media\/17709"}],"wp:attachment":[{"href":"https:\/\/formotor.com\/de\/wp-json\/wp\/v2\/media?parent=18198"}],"curies":[{"name":"wp","href":"https:\/\/api.w.org\/{rel}","templated":true}]}}